{"id":38585,"date":"2024-02-13T21:04:00","date_gmt":"2024-02-13T20:04:00","guid":{"rendered":"https:\/\/pikasworld.ch\/product\/8-becher-elvis-tee-elefant\/"},"modified":"2024-11-08T13:36:09","modified_gmt":"2024-11-08T12:36:09","slug":"8-becher-elvis-tee-elefant","status":"publish","type":"product","link":"https:\/\/camaleoparty.ch\/de\/produkt\/8-becher-elvis-tee-elefant\/","title":{"rendered":"8 Becher &#8222;Elvis Tee Elefant&#8220;."},"content":{"rendered":"<p>Hei\u00dfen Sie Elvis willkommen, den liebenswerten Elefanten, der die G\u00e4ste Ihrer n\u00e4chsten Party verzaubern wird! Pr\u00e4sentiert ein Set aus acht Papierbechern, die jeweils mit dem niedlichen Bild von Elvis in einem sanften Blauton verziert sind. Diese Becher eignen sich perfekt, um Ihrer Feier einen s\u00fc\u00dfen und vergn\u00fcglichen Touch zu verleihen. Ob bei einer Babyshower, einem Geburtstag oder einem anderen besonderen Anlass, die Elvis-Becher sorgen garantiert f\u00fcr ein L\u00e4cheln und charmante Erinnerungen. Verleihen Sie Ihrer Party mit diesen unwiderstehlichen Bechern einen Hauch von Zartheit!<\/p>\n","protected":false},"excerpt":{"rendered":"<p>Hei\u00dfen Sie Elvis willkommen, den liebenswerten Elefanten, der die G\u00e4ste Ihrer n\u00e4chsten Party verzaubern wird! Pr\u00e4sentiert ein Set aus acht Papierbechern, die jeweils mit dem niedlichen Bild von Elvis in einem sanften Blauton verziert sind. Diese Becher eignen sich perfekt, um Ihrer Feier einen s\u00fc\u00dfen und vergn\u00fcglichen Touch zu verleihen. Ob bei einer Babyshower, einem [&hellip;]<\/p>\n","protected":false},"featured_media":38348,"comment_status":"open","ping_status":"closed","template":"","meta":[],"product_cat":[185,157,183,147],"product_tag":[],"class_list":{"0":"post-38585","1":"product","2":"type-product","3":"status-publish","4":"has-post-thumbnail","6":"product_cat-baby-shower-de","7":"product_cat-becher","8":"product_cat-geburtstag","9":"product_cat-verjaardags-en-feesttafelversieringen","11":"first","12":"instock","13":"taxable","14":"shipping-taxable","15":"purchasable","16":"product-type-simple"},"_links":{"self":[{"href":"https:\/\/camaleoparty.ch\/de\/wp-json\/wp\/v2\/product\/38585","targetHints":{"allow":["GET"]}}],"collection":[{"href":"https:\/\/camaleoparty.ch\/de\/wp-json\/wp\/v2\/product"}],"about":[{"href":"https:\/\/camaleoparty.ch\/de\/wp-json\/wp\/v2\/types\/product"}],"replies":[{"embeddable":true,"href":"https:\/\/camaleoparty.ch\/de\/wp-json\/wp\/v2\/comments?post=38585"}],"wp:featuredmedia":[{"embeddable":true,"href":"https:\/\/camaleoparty.ch\/de\/wp-json\/wp\/v2\/media\/38348"}],"wp:attachment":[{"href":"https:\/\/camaleoparty.ch\/de\/wp-json\/wp\/v2\/media?parent=38585"}],"wp:term":[{"taxonomy":"product_cat","embeddable":true,"href":"https:\/\/camaleoparty.ch\/de\/wp-json\/wp\/v2\/product_cat?post=38585"},{"taxonomy":"product_tag","embeddable":true,"href":"https:\/\/camaleoparty.ch\/de\/wp-json\/wp\/v2\/product_tag?post=38585"}],"curies":[{"name":"wp","href":"https:\/\/api.w.org\/{rel}","templated":true}]}}