{"id":38583,"date":"2024-02-14T14:55:26","date_gmt":"2024-02-23T18:50:05","guid":{"rendered":"https:\/\/pikasworld.ch\/product\/8-becher-mit-fransen-gold\/"},"modified":"2024-11-08T13:36:01","modified_gmt":"2024-11-08T12:36:01","slug":"8-becher-mit-fransen-gold","status":"publish","type":"product","link":"https:\/\/camaleoparty.ch\/de\/produkt\/8-becher-mit-fransen-gold\/","title":{"rendered":"8 Becher mit Fransen Gold"},"content":{"rendered":"<h3>Diese gro\u00dfartigen<span class=\"Apple-converted-space\">&nbsp;<\/span><strong style=\"font-weight: 500\">Pappbecher mit Fransen in Gold<\/strong>&nbsp;sind eine tolle M\u00f6glichkeit, Ihrer Festtafel Glanz zu verleihen. Blenden Sie Ihre G\u00e4ste mit diesen<span class=\"Apple-converted-space\">&nbsp;<\/span><strong style=\"font-weight: 500\">originelle und einzigartige Gl\u00e4ser<\/strong><span class=\"Apple-converted-space\">&nbsp;<\/span>die nicht unbemerkt bleiben werden.<\/h3>\n","protected":false},"excerpt":{"rendered":"<p>Diese gro\u00dfartigen&nbsp;Pappbecher mit Fransen in Gold&nbsp;sind eine tolle M\u00f6glichkeit, Ihrer Festtafel Glanz zu verleihen. Blenden Sie Ihre G\u00e4ste mit diesen&nbsp;originelle und einzigartige Gl\u00e4ser&nbsp;die nicht unbemerkt bleiben werden.<\/p>\n","protected":false},"featured_media":38375,"comment_status":"open","ping_status":"closed","template":"","meta":[],"product_cat":[157,1212],"product_tag":[],"class_list":{"0":"post-38583","1":"product","2":"type-product","3":"status-publish","4":"has-post-thumbnail","6":"product_brand-gingerray-de","7":"product_cat-becher","8":"product_cat-goldfarben","10":"first","11":"instock","12":"taxable","13":"shipping-taxable","14":"purchasable","15":"product-type-simple"},"_links":{"self":[{"href":"https:\/\/camaleoparty.ch\/de\/wp-json\/wp\/v2\/product\/38583","targetHints":{"allow":["GET"]}}],"collection":[{"href":"https:\/\/camaleoparty.ch\/de\/wp-json\/wp\/v2\/product"}],"about":[{"href":"https:\/\/camaleoparty.ch\/de\/wp-json\/wp\/v2\/types\/product"}],"replies":[{"embeddable":true,"href":"https:\/\/camaleoparty.ch\/de\/wp-json\/wp\/v2\/comments?post=38583"}],"wp:featuredmedia":[{"embeddable":true,"href":"https:\/\/camaleoparty.ch\/de\/wp-json\/wp\/v2\/media\/38375"}],"wp:attachment":[{"href":"https:\/\/camaleoparty.ch\/de\/wp-json\/wp\/v2\/media?parent=38583"}],"wp:term":[{"taxonomy":"product_cat","embeddable":true,"href":"https:\/\/camaleoparty.ch\/de\/wp-json\/wp\/v2\/product_cat?post=38583"},{"taxonomy":"product_tag","embeddable":true,"href":"https:\/\/camaleoparty.ch\/de\/wp-json\/wp\/v2\/product_tag?post=38583"}],"curies":[{"name":"wp","href":"https:\/\/api.w.org\/{rel}","templated":true}]}}