{"id":38578,"date":"2024-02-13T22:29:00","date_gmt":"2024-02-23T18:49:55","guid":{"rendered":"https:\/\/pikasworld.ch\/product\/8-becher-meerjungfrau\/"},"modified":"2024-11-08T13:36:08","modified_gmt":"2024-11-08T12:36:08","slug":"8-becher-meerjungfrau","status":"publish","type":"product","link":"https:\/\/camaleoparty.ch\/de\/produkt\/8-becher-meerjungfrau\/","title":{"rendered":"8 Becher Meerjungfrau"},"content":{"rendered":"<p><span style=\"font-family: filson_softbook, Helvetica, Times, sans-serif;font-size: 16.73337px;font-style: normal;font-weight: 400;letter-spacing: normal;text-align: start;text-indent: 0px;text-transform: none;text-decoration: none;float: none\">Tauchen Sie in die Tiefen des Ozeans und entdecken Sie die verzauberte Welt von K\u00f6nig Triton und seinen Meerjungfrauen. 8 von My Little Day entworfene Pappbecher, bev\u00f6lkert von Meerjungfrauen und bunten Fischen in Pastellt\u00f6nen, perfekt f\u00fcr eine Meerjungfrauen-Geburtstagsdekoration. Kombinieren Sie es mit den Tellern und Servietten aus der Meerjungfrauen-Kollektion f\u00fcr einen selbstbewussten Total-Look.<\/span><\/p>\n","protected":false},"excerpt":{"rendered":"<p>Tauchen Sie in die Tiefen des Ozeans und entdecken Sie die verzauberte Welt von K\u00f6nig Triton und seinen Meerjungfrauen. 8 von My Little Day entworfene Pappbecher, bev\u00f6lkert von Meerjungfrauen und bunten Fischen in Pastellt\u00f6nen, perfekt f\u00fcr eine Meerjungfrauen-Geburtstagsdekoration. Kombinieren Sie es mit den Tellern und Servietten aus der Meerjungfrauen-Kollektion f\u00fcr einen selbstbewussten Total-Look.<\/p>\n","protected":false},"featured_media":38352,"comment_status":"open","ping_status":"closed","template":"","meta":[],"product_cat":[157,299],"product_tag":[],"class_list":{"0":"post-38578","1":"product","2":"type-product","3":"status-publish","4":"has-post-thumbnail","6":"product_brand-mylittleday-de","7":"product_cat-becher","8":"product_cat-meerjungfrauen","10":"first","11":"instock","12":"taxable","13":"shipping-taxable","14":"purchasable","15":"product-type-simple"},"_links":{"self":[{"href":"https:\/\/camaleoparty.ch\/de\/wp-json\/wp\/v2\/product\/38578","targetHints":{"allow":["GET"]}}],"collection":[{"href":"https:\/\/camaleoparty.ch\/de\/wp-json\/wp\/v2\/product"}],"about":[{"href":"https:\/\/camaleoparty.ch\/de\/wp-json\/wp\/v2\/types\/product"}],"replies":[{"embeddable":true,"href":"https:\/\/camaleoparty.ch\/de\/wp-json\/wp\/v2\/comments?post=38578"}],"wp:featuredmedia":[{"embeddable":true,"href":"https:\/\/camaleoparty.ch\/de\/wp-json\/wp\/v2\/media\/38352"}],"wp:attachment":[{"href":"https:\/\/camaleoparty.ch\/de\/wp-json\/wp\/v2\/media?parent=38578"}],"wp:term":[{"taxonomy":"product_cat","embeddable":true,"href":"https:\/\/camaleoparty.ch\/de\/wp-json\/wp\/v2\/product_cat?post=38578"},{"taxonomy":"product_tag","embeddable":true,"href":"https:\/\/camaleoparty.ch\/de\/wp-json\/wp\/v2\/product_tag?post=38578"}],"curies":[{"name":"wp","href":"https:\/\/api.w.org\/{rel}","templated":true}]}}