{"id":38321,"date":"2023-09-11T10:16:21","date_gmt":"2023-09-11T09:16:21","guid":{"rendered":"https:\/\/pikasworld.ch\/product\/mylar-ballon-junge-oder-maedchen\/"},"modified":"2024-11-08T13:52:57","modified_gmt":"2024-11-08T12:52:57","slug":"mylar-ballon-junge-oder-maedchen","status":"publish","type":"product","link":"https:\/\/camaleoparty.ch\/de\/produkt\/mylar-ballon-junge-oder-maedchen\/","title":{"rendered":"Mylar-Ballon Junge oder M\u00e4dchen"},"content":{"rendered":"<p>Ballon en Mylar Gar\u00e7on ou Fille, scintillant, couleurs m\u00e9lang\u00e9es, avec impression m\u00e9tallique dor\u00e9e, diam\u00e8tre avant gonflage environ 45 cm (18&#8220;), diam\u00e8tre environ 35 cm (14&#8220;).<\/p>\n","protected":false},"excerpt":{"rendered":"<p>Ballon en Mylar Gar\u00e7on ou Fille, scintillant, couleurs m\u00e9lang\u00e9es, avec impression m\u00e9tallique dor\u00e9e, diam\u00e8tre avant gonflage environ 45 cm (18&#8220;), diam\u00e8tre environ 35 cm (14&#8220;).<\/p>\n","protected":false},"featured_media":34941,"comment_status":"open","ping_status":"closed","template":"","meta":[],"product_cat":[185,274,385],"product_tag":[],"class_list":{"0":"post-38321","1":"product","2":"type-product","3":"status-publish","4":"has-post-thumbnail","6":"product_brand-partydeco-de","7":"product_cat-baby-shower-de","8":"product_cat-folienballons","9":"product_cat-gender-reveal-party-de","11":"first","12":"instock","13":"taxable","14":"shipping-taxable","15":"purchasable","16":"product-type-simple"},"_links":{"self":[{"href":"https:\/\/camaleoparty.ch\/de\/wp-json\/wp\/v2\/product\/38321","targetHints":{"allow":["GET"]}}],"collection":[{"href":"https:\/\/camaleoparty.ch\/de\/wp-json\/wp\/v2\/product"}],"about":[{"href":"https:\/\/camaleoparty.ch\/de\/wp-json\/wp\/v2\/types\/product"}],"replies":[{"embeddable":true,"href":"https:\/\/camaleoparty.ch\/de\/wp-json\/wp\/v2\/comments?post=38321"}],"wp:featuredmedia":[{"embeddable":true,"href":"https:\/\/camaleoparty.ch\/de\/wp-json\/wp\/v2\/media\/34941"}],"wp:attachment":[{"href":"https:\/\/camaleoparty.ch\/de\/wp-json\/wp\/v2\/media?parent=38321"}],"wp:term":[{"taxonomy":"product_cat","embeddable":true,"href":"https:\/\/camaleoparty.ch\/de\/wp-json\/wp\/v2\/product_cat?post=38321"},{"taxonomy":"product_tag","embeddable":true,"href":"https:\/\/camaleoparty.ch\/de\/wp-json\/wp\/v2\/product_tag?post=38321"}],"curies":[{"name":"wp","href":"https:\/\/api.w.org\/{rel}","templated":true}]}}