{"id":38306,"date":"2024-02-05T10:16:18","date_gmt":"2024-02-05T09:16:18","guid":{"rendered":"https:\/\/pikasworld.ch\/product\/card-super-woman\/"},"modified":"2024-11-08T13:36:11","modified_gmt":"2024-11-08T12:36:11","slug":"card-super-woman","status":"publish","type":"product","link":"https:\/\/camaleoparty.ch\/de\/produkt\/card-super-woman\/","title":{"rendered":"CARD &#8211; SUPER WOMAN"},"content":{"rendered":"<p>Schicken Sie diese wundersch\u00f6ne Karte an eine Superfrau in Ihrem Leben und lassen Sie sie wissen, wie gro\u00dfartig sie ist. Die Innenseite ist leer, sodass Sie aus dem Herzen schreiben k\u00f6nnen.<\/p>\n<p><br data-mce-bogus=\"1\"><\/p>\n","protected":false},"excerpt":{"rendered":"<p><br data-mce-bogus=\"1\"><\/p>\n","protected":false},"featured_media":38292,"comment_status":"open","ping_status":"closed","template":"","meta":[],"product_cat":[201],"product_tag":[],"class_list":{"0":"post-38306","1":"product","2":"type-product","3":"status-publish","4":"has-post-thumbnail","6":"product_brand-hammondgower-de","7":"product_cat-einladungen-karten","9":"first","10":"instock","11":"taxable","12":"shipping-taxable","13":"purchasable","14":"product-type-simple"},"_links":{"self":[{"href":"https:\/\/camaleoparty.ch\/de\/wp-json\/wp\/v2\/product\/38306","targetHints":{"allow":["GET"]}}],"collection":[{"href":"https:\/\/camaleoparty.ch\/de\/wp-json\/wp\/v2\/product"}],"about":[{"href":"https:\/\/camaleoparty.ch\/de\/wp-json\/wp\/v2\/types\/product"}],"replies":[{"embeddable":true,"href":"https:\/\/camaleoparty.ch\/de\/wp-json\/wp\/v2\/comments?post=38306"}],"wp:featuredmedia":[{"embeddable":true,"href":"https:\/\/camaleoparty.ch\/de\/wp-json\/wp\/v2\/media\/38292"}],"wp:attachment":[{"href":"https:\/\/camaleoparty.ch\/de\/wp-json\/wp\/v2\/media?parent=38306"}],"wp:term":[{"taxonomy":"product_cat","embeddable":true,"href":"https:\/\/camaleoparty.ch\/de\/wp-json\/wp\/v2\/product_cat?post=38306"},{"taxonomy":"product_tag","embeddable":true,"href":"https:\/\/camaleoparty.ch\/de\/wp-json\/wp\/v2\/product_tag?post=38306"}],"curies":[{"name":"wp","href":"https:\/\/api.w.org\/{rel}","templated":true}]}}