{"id":33991,"date":"2022-02-14T14:27:19","date_gmt":"2022-02-14T13:27:19","guid":{"rendered":"https:\/\/pikasworld.ch\/product\/diy-mosaik-rahmen-9-zum-fullen-mit-ballons-85-cm\/"},"modified":"2024-11-08T13:53:58","modified_gmt":"2024-11-08T12:53:58","slug":"diy-mosaik-rahmen-9-zum-fullen-mit-ballons-85-cm","status":"publish","type":"product","link":"https:\/\/camaleoparty.ch\/de\/produkt\/diy-mosaik-rahmen-9-zum-fullen-mit-ballons-85-cm\/","title":{"rendered":"DIY-Mosaik-Rahmen \u201e9\u201c zum F\u00fcllen mit Ballons &#8211; 85 cm"},"content":{"rendered":"<p>Die neueste Ballon-Deko f\u00fcr Ihre Geburtstagsparty oder Jubil\u00e4um &#8211; begeistern Sie mit diesem kreativen Mosaik-Rahmen in Form der Zahl 9!<\/p>\n<p>Nach dem Aufbau k\u00f6nnen Sie die gro\u00dfe Zahl mit kleinen Ballons (ca. 12 cm, separat im Shop erh\u00e4ltlich) bef\u00fcllen und erzeugen dadurch ein gekonntes Ballon-Mosaik-Muster. Kunterbunte Ballons, Ballons in Ihrem gew\u00e4hlten Farbschema, einfarbig in der Lieblingsfarbe des Geburtstagskindes, mit Regenbogen-Farbverlauf oder gar mit Kunstblumen oder -bl\u00e4ttern verziert &#8211; alles ist m\u00f6glich!<\/p>\n<p>Sie erhalten ein DIY-Set, das erstaunlich einfach im Aufbau ist &#8211; versprochen! Es enth\u00e4lt alles, was Sie f\u00fcr den ungef\u00fcllten Zahlenrahmen ben\u00f6tigen.<\/p>\n<p>Material: Schaumstoff mit Papier\u00fcberzug<\/p>\n<p>Ma\u00dfe (BxHxT): ca. 58 x 81 x 14 cm<\/p>\n<p>Eine bebilderte Aufbauanleitung (in englischer Sprache) ist auf der R\u00fcckseite der Verpackung abgebildet.<\/p>\n<p>So einfach geht&#8217;s: L\u00f6sen Sie die Einzelteile vorsichtig aus den Platten heraus und platzieren Sie die Sticker an den noch offenen Stellen auf der R\u00fcckseite. Ist die Zahl dadurch stabilisiert worden, stecken Sie die Vorder- und R\u00fcckseite in den unteren Boden hinein. Nun steht die Zahl und Sie k\u00f6nnen die kleinen Zwischenst\u00fccke an die vorgesehenen Einkerbungen stecken. Und schon ist Ihre dreidimensionale Zahl einsatzbereit!<\/p>\n<p><strong>Bitte beachten Sie:<\/strong>\u00a0Die Mini-Ballons zum Bef\u00fcllen sind nicht enthalten. Sie k\u00f6nnen Ihre gew\u00fcnschten Farben separat in unserem Shop unter &#8222;Mini-Ballons&#8220; ausw\u00e4hlen.<\/p>\n","protected":false},"excerpt":{"rendered":"<p>Die neueste Ballon-Deko f\u00fcr Ihre Geburtstagsparty oder Jubil\u00e4um &#8211; begeistern Sie mit diesem kreativen Mosaik-Rahmen in Form der Zahl 9!<\/p>\n","protected":false},"featured_media":33989,"comment_status":"open","ping_status":"closed","template":"","meta":[],"product_cat":[165,283,163,822],"product_tag":[],"class_list":{"0":"post-33991","1":"product","2":"type-product","3":"status-publish","4":"has-post-thumbnail","6":"product_brand-gingerray-de","7":"product_cat-ballone","8":"product_cat-ballons-buchstaben-und-zahlen","9":"product_cat-dekoration","10":"product_cat-zubehor-luftballons","12":"first","13":"instock","14":"taxable","15":"shipping-taxable","16":"purchasable","17":"product-type-simple"},"_links":{"self":[{"href":"https:\/\/camaleoparty.ch\/de\/wp-json\/wp\/v2\/product\/33991","targetHints":{"allow":["GET"]}}],"collection":[{"href":"https:\/\/camaleoparty.ch\/de\/wp-json\/wp\/v2\/product"}],"about":[{"href":"https:\/\/camaleoparty.ch\/de\/wp-json\/wp\/v2\/types\/product"}],"replies":[{"embeddable":true,"href":"https:\/\/camaleoparty.ch\/de\/wp-json\/wp\/v2\/comments?post=33991"}],"wp:featuredmedia":[{"embeddable":true,"href":"https:\/\/camaleoparty.ch\/de\/wp-json\/wp\/v2\/media\/33989"}],"wp:attachment":[{"href":"https:\/\/camaleoparty.ch\/de\/wp-json\/wp\/v2\/media?parent=33991"}],"wp:term":[{"taxonomy":"product_cat","embeddable":true,"href":"https:\/\/camaleoparty.ch\/de\/wp-json\/wp\/v2\/product_cat?post=33991"},{"taxonomy":"product_tag","embeddable":true,"href":"https:\/\/camaleoparty.ch\/de\/wp-json\/wp\/v2\/product_tag?post=33991"}],"curies":[{"name":"wp","href":"https:\/\/api.w.org\/{rel}","templated":true}]}}