{"id":33363,"date":"2021-07-20T17:39:00","date_gmt":"2021-07-20T16:39:04","guid":{"rendered":"https:\/\/pikasworld.ch\/product\/deluxe-ballongirlanden-set-farbmix-pink-rosegold\/"},"modified":"2024-11-08T13:55:55","modified_gmt":"2024-11-08T12:55:55","slug":"deluxe-ballongirlanden-set-farbmix-pink-rosegold","status":"publish","type":"product","link":"https:\/\/camaleoparty.ch\/de\/produkt\/deluxe-ballongirlanden-set-farbmix-pink-rosegold\/","title":{"rendered":"Deluxe Ballongirlanden Set Farbmix pink &#038; rosegold"},"content":{"rendered":"<p>Dekorieren Sie wie die Profis &#8211; dieses Deluxe-Ballongirlanden-Set enth\u00e4lt 200 elegante Ballons f\u00fcr eine beeindruckende Kulisse!<\/p>\n<p>Metallisch schimmernde Ballons in Rosegold setzen neben den verschiedenen rosa und pinken Farbnuancen edle Highlights.<\/p>\n<p>Alle Latex-Luftballons werden mit Luft gef\u00fcllt. Zum F\u00fcllen empfehlen wir Ihnen eine (elektrische) Ballonpumpe, die in unserem Shop erh\u00e4ltlich ist.<\/p>\n<p>Das rosa-pinke DIY Ballongirlanden-Set besteht aus:<\/p>\n<ul>\n<li>200 Latex-Ballons in Rosegold Chrome und vier verschiedenen Rosa-Pink-Farbt\u00f6nen (12,7 cm, 25 cm, 30 cm, 45 cm und 81 cm)<\/li>\n<li>1x transparentes Ballonband mit L\u00f6chern, aus Kunststoff, ca. 1,5 cm x 12 m<\/li>\n<li>1x transparente Schnur (ca. 5 m)<\/li>\n<li>60 x transparente Klebepunkte f\u00fcr kleine Ballons<\/li>\n<\/ul>\n<p>Alle Latex-Luftballons werden mit Luft gef\u00fcllt.<\/p>\n<p>Eine bebilderte Anleitung (in englischer Sprache) ist auf der Verpackung aufgedruckt. Die Kurzversion: Sie teilen das Ballonband in drei Teile, je 4 m und best\u00fccken jedes Teil mit Ballons. Anschlie\u00dfend werden die Teile miteinander verbunden, um die Ballongirlande voller wirken zu lassen. Ganz zum Schluss werden einige kleine Luftballons mittels Klebepunkten in den noch vorhandenen L\u00fccken an den Ballons befestigt.<\/p>\n","protected":false},"excerpt":{"rendered":"<p>Dekorieren Sie wie die Profis &#8211; dieses Deluxe-Ballongirlanden-Set enth\u00e4lt 200 elegante Ballons f\u00fcr eine beeindruckende Kulisse!<\/p>\n<p>Metallisch schimmernde Ballons in Rosegold setzen neben den verschiedenen rosa und pinken Farbnuancen edle Highlights.<\/p>\n<p>Alle Latex-Luftballons werden mit Luft gef\u00fcllt. Zum F\u00fcllen empfehlen wir Ihnen eine (elektrische) Ballonpumpe, die in unserem Shop erh\u00e4ltlich ist.<\/p>\n<p>Das rosa-pinke DIY Ballongirlanden-Set besteht aus:<\/p>\n<ul>\n<li>200 Latex-Ballons in Rosegold Chrome und vier verschiedenen Rosa-Pink-Farbt\u00f6nen (12,7 cm, 25 cm, 30 cm, 45 cm und 81 cm)<\/li>\n<li>1x transparentes Ballonband mit L\u00f6chern, aus Kunststoff, ca. 1,5 cm x 12 m<\/li>\n<li>1x transparente Schnur (ca. 5 m)<\/li>\n<li>60 x transparente Klebepunkte f\u00fcr kleine Ballons<\/li>\n<\/ul>\n<p>Alle Latex-Luftballons werden mit Luft gef\u00fcllt.<\/p>\n<p>Eine bebilderte Anleitung (in englischer Sprache) ist auf der Verpackung aufgedruckt. Die Kurzversion: Sie teilen das Ballonband in drei Teile, je 4 m und best\u00fccken jedes Teil mit Ballons. Anschlie\u00dfend werden die Teile miteinander verbunden, um die Ballongirlande voller wirken zu lassen. Ganz zum Schluss werden einige kleine Luftballons mittels Klebepunkten in den noch vorhandenen L\u00fccken an den Ballons befestigt.<\/p>\n","protected":false},"featured_media":33361,"comment_status":"open","ping_status":"closed","template":"","meta":[],"product_cat":[411,163,183,591,1204,181,555],"product_tag":[],"class_list":{"0":"post-33363","1":"product","2":"type-product","3":"status-publish","4":"has-post-thumbnail","6":"product_brand-gingerray-de","7":"product_cat-ballongirlande","8":"product_cat-dekoration","9":"product_cat-geburtstag","10":"product_cat-prinzessin-de","11":"product_cat-rosa","12":"product_cat-saisonal","13":"product_cat-sale-de-2","15":"first","16":"instock","17":"sale","18":"taxable","19":"shipping-taxable","20":"purchasable","21":"product-type-simple"},"_links":{"self":[{"href":"https:\/\/camaleoparty.ch\/de\/wp-json\/wp\/v2\/product\/33363","targetHints":{"allow":["GET"]}}],"collection":[{"href":"https:\/\/camaleoparty.ch\/de\/wp-json\/wp\/v2\/product"}],"about":[{"href":"https:\/\/camaleoparty.ch\/de\/wp-json\/wp\/v2\/types\/product"}],"replies":[{"embeddable":true,"href":"https:\/\/camaleoparty.ch\/de\/wp-json\/wp\/v2\/comments?post=33363"}],"wp:featuredmedia":[{"embeddable":true,"href":"https:\/\/camaleoparty.ch\/de\/wp-json\/wp\/v2\/media\/33361"}],"wp:attachment":[{"href":"https:\/\/camaleoparty.ch\/de\/wp-json\/wp\/v2\/media?parent=33363"}],"wp:term":[{"taxonomy":"product_cat","embeddable":true,"href":"https:\/\/camaleoparty.ch\/de\/wp-json\/wp\/v2\/product_cat?post=33363"},{"taxonomy":"product_tag","embeddable":true,"href":"https:\/\/camaleoparty.ch\/de\/wp-json\/wp\/v2\/product_tag?post=33363"}],"curies":[{"name":"wp","href":"https:\/\/api.w.org\/{rel}","templated":true}]}}