{"id":33357,"date":"2021-07-20T15:07:00","date_gmt":"2021-07-20T14:07:00","guid":{"rendered":"https:\/\/pikasworld.ch\/product\/ballongirlanden-set-farbmix-rosa-rosegold\/"},"modified":"2024-11-08T13:55:56","modified_gmt":"2024-11-08T12:55:56","slug":"ballongirlanden-set-farbmix-rosa-rosegold","status":"publish","type":"product","link":"https:\/\/camaleoparty.ch\/de\/produkt\/ballongirlanden-set-farbmix-rosa-rosegold\/","title":{"rendered":"Ballongirlanden Set Farbmix rosa &#038; rosegold"},"content":{"rendered":"<p>Ein Ballontraum in Rosa mit rosegoldenen Farbakzenten \u2013 mit diesem Deluxe-Ballongirlanden-Set erhalten Sie eine wundersch\u00f6ne Partykulisse.<\/p>\n<p>Das DIY Ballongirlanden-Set besteht aus:<\/p>\n<ul>\n<li>200 Latex-Ballons in drei verschiedenen Rosa-Farbt\u00f6nen und Rosegold Chrome (25 cm, 30 cm, 61 cm und 91 cm)<\/li>\n<li>1x transparentes Ballonband mit L\u00f6chern, aus Kunststoff, ca. 1,5 cm x 12 m<\/li>\n<li>1x transparente Schnur (ca. 5 m)<\/li>\n<li>60x transparente Klebepunkte f\u00fcr kleine Ballons<\/li>\n<\/ul>\n<p>Alle Latex-Luftballons werden mit Luft gef\u00fcllt. Zum F\u00fcllen empfehlen wir Ihnen eine (elektrische) Ballonpumpe, die in unserem Shop erh\u00e4ltlich ist.<\/p>\n<p>Eine bebilderte Anleitung (in englischer Sprache) ist auf der Verpackung aufgedruckt. Die Kurzversion: Sie teilen das Ballonband in drei Teile, je 4 m und best\u00fccken jedes Teil mit Ballons. Anschlie\u00dfend werden die Teile miteinander verbunden, um die Ballongirlande voller wirken zu lassen. Ganz zum Schluss werden einige kleine Luftballons mittels Klebepunkten in den noch vorhandenen L\u00fccken an den Ballons befestigt.<\/p>\n<p>Inhalt: 200 Ballons, 1 Ballonband, 1 Schnur, 50 Klebepunkte<\/p>\n","protected":false},"excerpt":{"rendered":"<p>Ein Ballontraum in Rosa mit rosegoldenen Farbakzenten \u2013 mit diesem Deluxe-Ballongirlanden-Set erhalten Sie eine wundersch\u00f6ne Partykulisse.<\/p>\n<p>Das DIY Ballongirlanden-Set besteht aus:<\/p>\n<ul>\n<li>200 Latex-Ballons in drei verschiedenen Rosa-Farbt\u00f6nen und Rosegold Chrome (25 cm, 30 cm, 61 cm und 91 cm)<\/li>\n<li>1x transparentes Ballonband mit L\u00f6chern, aus Kunststoff, ca. 1,5 cm x 12 m<\/li>\n<li>1x transparente Schnur (ca. 5 m)<\/li>\n<li>60x transparente Klebepunkte f\u00fcr kleine Ballons<\/li>\n<\/ul>\n<p>Alle Latex-Luftballons werden mit Luft gef\u00fcllt. Zum F\u00fcllen empfehlen wir Ihnen eine (elektrische) Ballonpumpe, die in unserem Shop erh\u00e4ltlich ist.<\/p>\n<p>Eine bebilderte Anleitung (in englischer Sprache) ist auf der Verpackung aufgedruckt. Die Kurzversion: Sie teilen das Ballonband in drei Teile, je 4 m und best\u00fccken jedes Teil mit Ballons. Anschlie\u00dfend werden die Teile miteinander verbunden, um die Ballongirlande voller wirken zu lassen. Ganz zum Schluss werden einige kleine Luftballons mittels Klebepunkten in den noch vorhandenen L\u00fccken an den Ballons befestigt.<\/p>\n<p>Inhalt: 200 Ballons, 1 Ballonband, 1 Schnur, 50 Klebepunkte<\/p>\n","protected":false},"featured_media":33355,"comment_status":"open","ping_status":"closed","template":"","meta":[],"product_cat":[185,411,708,163,183,191,820,742,591,1204,181,555,841],"product_tag":[],"class_list":{"0":"post-33357","1":"product","2":"type-product","3":"status-publish","4":"has-post-thumbnail","6":"product_brand-gingerray-de","7":"product_cat-baby-shower-de","8":"product_cat-ballongirlande","9":"product_cat-blumen","10":"product_cat-dekoration","11":"product_cat-geburtstag","12":"product_cat-hochzeit","13":"product_cat-kaninchen","14":"product_cat-katze","15":"product_cat-prinzessin-de","16":"product_cat-rosa","17":"product_cat-saisonal","18":"product_cat-sale-de-2","19":"product_cat-taufe","21":"first","22":"instock","23":"sale","24":"taxable","25":"shipping-taxable","26":"purchasable","27":"product-type-simple"},"_links":{"self":[{"href":"https:\/\/camaleoparty.ch\/de\/wp-json\/wp\/v2\/product\/33357","targetHints":{"allow":["GET"]}}],"collection":[{"href":"https:\/\/camaleoparty.ch\/de\/wp-json\/wp\/v2\/product"}],"about":[{"href":"https:\/\/camaleoparty.ch\/de\/wp-json\/wp\/v2\/types\/product"}],"replies":[{"embeddable":true,"href":"https:\/\/camaleoparty.ch\/de\/wp-json\/wp\/v2\/comments?post=33357"}],"wp:featuredmedia":[{"embeddable":true,"href":"https:\/\/camaleoparty.ch\/de\/wp-json\/wp\/v2\/media\/33355"}],"wp:attachment":[{"href":"https:\/\/camaleoparty.ch\/de\/wp-json\/wp\/v2\/media?parent=33357"}],"wp:term":[{"taxonomy":"product_cat","embeddable":true,"href":"https:\/\/camaleoparty.ch\/de\/wp-json\/wp\/v2\/product_cat?post=33357"},{"taxonomy":"product_tag","embeddable":true,"href":"https:\/\/camaleoparty.ch\/de\/wp-json\/wp\/v2\/product_tag?post=33357"}],"curies":[{"name":"wp","href":"https:\/\/api.w.org\/{rel}","templated":true}]}}