{"id":33271,"date":"2021-06-26T12:36:51","date_gmt":"2021-06-26T11:36:51","guid":{"rendered":"https:\/\/pikasworld.ch\/product\/kuchenkerze-6-mit-gepressten-bluten\/"},"modified":"2024-11-08T13:56:02","modified_gmt":"2024-11-08T12:56:02","slug":"kuchenkerze-6-mit-gepressten-bluten","status":"publish","type":"product","link":"https:\/\/camaleoparty.ch\/de\/produkt\/kuchenkerze-6-mit-gepressten-bluten\/","title":{"rendered":"Kuchenkerze &#8222;6&#8220; mit gepressten Bl\u00fcten"},"content":{"rendered":"<p>Die wei\u00dfe Geburtstagskerze als Ziffer \u201e6\u201c hat im Wachs getrocknete Bl\u00fctenbl\u00e4tter in Rott\u00f6nen und ist der Blickpunkt auf Ihrem Kuchen.<\/p>\n<p>Kombinieren Sie die blumige Sechs mit weiteren Zahlenkerzen und schon haben Sie die passende Kuchendekoration f\u00fcr den entsprechenden Geburtstag oder ein anderes Jubil\u00e4um.<\/p>\n<p>Am unteren Teil befindet sich ein Holzpiekser, mit dem Sie die Kerze leicht in eine Geburtstagstorte, einen Cupcake oder andere Leckereien stecken k\u00f6nnen.<\/p>\n<p>Ma\u00dfe: ca. 4 x 6 cm und ca. 1 cm tief<br \/>\nPiekser ca. 3 cm lang<\/p>\n<p>Bitte beachten Sie: Die Bl\u00fctenbl\u00e4tter sind in jeder Kerze unterschiedlich verteilt und die Abbildung kann abweichen.<\/p>\n","protected":false},"excerpt":{"rendered":"<p>Die wei\u00dfe Geburtstagskerze als Ziffer \u201e6\u201c hat im Wachs getrocknete Bl\u00fctenbl\u00e4tter in Rott\u00f6nen und ist der Blickpunkt auf Ihrem Kuchen.<\/p>\n<p>Kombinieren Sie die blumige Sechs mit weiteren Zahlenkerzen und schon haben Sie die passende Kuchendekoration f\u00fcr den entsprechenden Geburtstag oder ein anderes Jubil\u00e4um.<\/p>\n<p>Am unteren Teil befindet sich ein Holzpiekser, mit dem Sie die Kerze leicht in eine Geburtstagstorte, einen Cupcake oder andere Leckereien stecken k\u00f6nnen.<\/p>\n<p>Ma\u00dfe: ca. 4 x 6 cm und ca. 1 cm tief<br \/>\nPiekser ca. 3 cm lang<\/p>\n<p>Bitte beachten Sie: Die Bl\u00fctenbl\u00e4tter sind in jeder Kerze unterschiedlich verteilt und die Abbildung kann abweichen.<\/p>\n","protected":false},"featured_media":33269,"comment_status":"open","ping_status":"closed","template":"","meta":[],"product_cat":[163,167,895,555],"product_tag":[],"class_list":{"0":"post-33271","1":"product","2":"type-product","3":"status-publish","4":"has-post-thumbnail","6":"product_brand-gingerray-de","7":"product_cat-dekoration","8":"product_cat-kerzen","9":"product_cat-lagerabbau","10":"product_cat-sale-de-2","12":"first","13":"instock","14":"sale","15":"taxable","16":"shipping-taxable","17":"purchasable","18":"product-type-simple"},"_links":{"self":[{"href":"https:\/\/camaleoparty.ch\/de\/wp-json\/wp\/v2\/product\/33271","targetHints":{"allow":["GET"]}}],"collection":[{"href":"https:\/\/camaleoparty.ch\/de\/wp-json\/wp\/v2\/product"}],"about":[{"href":"https:\/\/camaleoparty.ch\/de\/wp-json\/wp\/v2\/types\/product"}],"replies":[{"embeddable":true,"href":"https:\/\/camaleoparty.ch\/de\/wp-json\/wp\/v2\/comments?post=33271"}],"wp:featuredmedia":[{"embeddable":true,"href":"https:\/\/camaleoparty.ch\/de\/wp-json\/wp\/v2\/media\/33269"}],"wp:attachment":[{"href":"https:\/\/camaleoparty.ch\/de\/wp-json\/wp\/v2\/media?parent=33271"}],"wp:term":[{"taxonomy":"product_cat","embeddable":true,"href":"https:\/\/camaleoparty.ch\/de\/wp-json\/wp\/v2\/product_cat?post=33271"},{"taxonomy":"product_tag","embeddable":true,"href":"https:\/\/camaleoparty.ch\/de\/wp-json\/wp\/v2\/product_tag?post=33271"}],"curies":[{"name":"wp","href":"https:\/\/api.w.org\/{rel}","templated":true}]}}