{"id":33209,"date":"2021-06-22T14:50:01","date_gmt":"2021-06-22T13:50:01","guid":{"rendered":"https:\/\/pikasworld.ch\/product\/deluxe-ballongirlanden-set-teal-gold-pfirsich-mint\/"},"modified":"2024-11-08T13:56:07","modified_gmt":"2024-11-08T12:56:07","slug":"deluxe-ballongirlanden-set-teal-gold-pfirsich-mint","status":"publish","type":"product","link":"https:\/\/camaleoparty.ch\/de\/produkt\/deluxe-ballongirlanden-set-teal-gold-pfirsich-mint\/","title":{"rendered":"Deluxe Ballongirlanden-Set &#8211; teal, gold, pfirsich &#038; mint"},"content":{"rendered":"<p>Eine Ballongirlande der Extraklasse!<\/p>\n<p>Mit 200 Ballons in den Farben Gold Chrome, Teal, Pfirsich und Mint in verschiedenen Gr\u00f6\u00dfen k\u00f6nnen Sie die eindrucksvolle Ballongirlande gestalten und f\u00fcr Wow-Effekte in Ihrer Dekoration sorgen!<\/p>\n<p>Sie ben\u00f6tigen zum Aufblasen eine Ballonpumpe, da f\u00fcr den besonderen Effekt teilweise zwei Ballons ineinander stecken. Wir empfehlen Ihnen eine elektrische Ballonpumpe, damit Sie die Vorbereitungszeit auf ein Minimum reduzieren k\u00f6nnen. Eine manuelle Handpumpe funktioniert aber nat\u00fcrlich auch. Beides finden Sie in unserem Shop unter &#8222;Ballonzubeh\u00f6r&#8220;.<\/p>\n<p>Das DIY Ballongirlanden-Set besteht aus:<\/p>\n<ul>\n<li>200 Latex-Ballons, teilweise doppellagig in\u00a0Gold Chrome, Teal, Pfirsich und Mint (12,7 cm, 25 cm, 30 cm und 81 cm)<\/li>\n<li>1x transparentes Ballonband mit L\u00f6chern, aus Kunststoff, ca. 1,5 cm x 12 m<\/li>\n<li>1x transparente Schnur (ca. 5 m)<\/li>\n<li>60 x transparente Klebepunkte f\u00fcr kleine Ballons<\/li>\n<\/ul>\n<p>Alle Latex-Luftballons werden mit Luft gef\u00fcllt.<\/p>\n<p>Eine bebilderte Anleitung (in englischer Sprache) ist auf der Verpackung aufgedruckt. Die Kurzversion: Sie teilen das Ballonband in drei Teile, je 4 m und best\u00fccken jedes Teil mit Ballons. Anschlie\u00dfend werden die Teile miteinander verbunden, um die Ballongirlande voller wirken zu lassen. Ganz zum Schluss werden einige kleine Luftballons mittels Klebepunkten in den noch vorhandenen L\u00fccken an den Ballons befestigt.<\/p>\n<p>Inhalt: 200 Ballons, 1 Ballonband, 1 Schnur, 60 Klebepunkte<\/p>\n","protected":false},"excerpt":{"rendered":"<p>Eine Ballongirlande der Extraklasse!<\/p>\n<p>Mit 200 Ballons in den Farben Gold Chrome, Teal, Pfirsich und Mint in verschiedenen Gr\u00f6\u00dfen k\u00f6nnen Sie die eindrucksvolle Ballongirlande gestalten und f\u00fcr Wow-Effekte in Ihrer Dekoration sorgen!<\/p>\n<p>Sie ben\u00f6tigen zum Aufblasen eine Ballonpumpe, da f\u00fcr den besonderen Effekt teilweise zwei Ballons ineinander stecken. Wir empfehlen Ihnen eine elektrische Ballonpumpe, damit Sie die Vorbereitungszeit auf ein Minimum reduzieren k\u00f6nnen. Eine manuelle Handpumpe funktioniert aber nat\u00fcrlich auch. Beides finden Sie in unserem Shop unter &#8222;Ballonzubeh\u00f6r&#8220;.<\/p>\n<p>Das DIY Ballongirlanden-Set besteht aus:<\/p>\n<ul>\n<li>200 Latex-Ballons, teilweise doppellagig in\u00a0Gold Chrome, Teal, Pfirsich und Mint (12,7 cm, 25 cm, 30 cm und 81 cm)<\/li>\n<li>1x transparentes Ballonband mit L\u00f6chern, aus Kunststoff, ca. 1,5 cm x 12 m<\/li>\n<li>1x transparente Schnur (ca. 5 m)<\/li>\n<li>60 x transparente Klebepunkte f\u00fcr kleine Ballons<\/li>\n<\/ul>\n<p>Alle Latex-Luftballons werden mit Luft gef\u00fcllt.<\/p>\n<p>Eine bebilderte Anleitung (in englischer Sprache) ist auf der Verpackung aufgedruckt. Die Kurzversion: Sie teilen das Ballonband in drei Teile, je 4 m und best\u00fccken jedes Teil mit Ballons. Anschlie\u00dfend werden die Teile miteinander verbunden, um die Ballongirlande voller wirken zu lassen. Ganz zum Schluss werden einige kleine Luftballons mittels Klebepunkten in den noch vorhandenen L\u00fccken an den Ballons befestigt.<\/p>\n<p>Inhalt: 200 Ballons, 1 Ballonband, 1 Schnur, 60 Klebepunkte<\/p>\n","protected":false},"featured_media":33207,"comment_status":"open","ping_status":"closed","template":"","meta":[],"product_cat":[185,411,1213,163,181],"product_tag":[],"class_list":{"0":"post-33209","1":"product","2":"type-product","3":"status-publish","4":"has-post-thumbnail","6":"product_brand-gingerray-de","7":"product_cat-baby-shower-de","8":"product_cat-ballongirlande","9":"product_cat-farbe-blau","10":"product_cat-dekoration","11":"product_cat-saisonal","13":"first","14":"instock","15":"taxable","16":"shipping-taxable","17":"purchasable","18":"product-type-simple"},"_links":{"self":[{"href":"https:\/\/camaleoparty.ch\/de\/wp-json\/wp\/v2\/product\/33209","targetHints":{"allow":["GET"]}}],"collection":[{"href":"https:\/\/camaleoparty.ch\/de\/wp-json\/wp\/v2\/product"}],"about":[{"href":"https:\/\/camaleoparty.ch\/de\/wp-json\/wp\/v2\/types\/product"}],"replies":[{"embeddable":true,"href":"https:\/\/camaleoparty.ch\/de\/wp-json\/wp\/v2\/comments?post=33209"}],"wp:featuredmedia":[{"embeddable":true,"href":"https:\/\/camaleoparty.ch\/de\/wp-json\/wp\/v2\/media\/33207"}],"wp:attachment":[{"href":"https:\/\/camaleoparty.ch\/de\/wp-json\/wp\/v2\/media?parent=33209"}],"wp:term":[{"taxonomy":"product_cat","embeddable":true,"href":"https:\/\/camaleoparty.ch\/de\/wp-json\/wp\/v2\/product_cat?post=33209"},{"taxonomy":"product_tag","embeddable":true,"href":"https:\/\/camaleoparty.ch\/de\/wp-json\/wp\/v2\/product_tag?post=33209"}],"curies":[{"name":"wp","href":"https:\/\/api.w.org\/{rel}","templated":true}]}}