{"id":33203,"date":"2021-06-22T11:33:00","date_gmt":"2021-06-22T10:33:00","guid":{"rendered":"https:\/\/pikasworld.ch\/product\/deluxe-ballongirlanden-set-farbmix-rosa-lavendel\/"},"modified":"2024-11-08T13:56:08","modified_gmt":"2024-11-08T12:56:08","slug":"deluxe-ballongirlanden-set-farbmix-rosa-lavendel","status":"publish","type":"product","link":"https:\/\/camaleoparty.ch\/de\/produkt\/deluxe-ballongirlanden-set-farbmix-rosa-lavendel\/","title":{"rendered":"Deluxe Ballongirlanden-Set &#8211; Farbmix rosa &#038; lavendel"},"content":{"rendered":"<p>Manchmal ist mehr eben doch mehr! Diese Deluxe-Ballongirlande mit 200 Ballons in zartem Rosa, Lavendel und Lila sorgt f\u00fcr eine atemberaubend sch\u00f6ne Partykulisse!<\/p>\n","protected":false},"excerpt":{"rendered":"<p>Manchmal ist mehr eben doch mehr! Diese Deluxe-Ballongirlande mit 200 Ballons in zartem Rosa, Lavendel und Lila sorgt f\u00fcr eine atemberaubend sch\u00f6ne Partykulisse!<\/p>\n<p>Sie ben\u00f6tigen zum Aufblasen eine Ballonpumpe, da f\u00fcr den besonderen Effekt teilweise zwei Ballons ineinander stecken. Wir empfehlen Ihnen eine elektrische Ballonpumpe, damit Sie die Vorbereitungszeit auf ein Minimum reduzieren k\u00f6nnen. Eine manuelle Handpumpe funktioniert aber nat\u00fcrlich auch. Beides finden Sie in unserem Shop unter &#8222;Ballonzubeh\u00f6r&#8220;.<\/p>\n<p>Das gro\u00dfe DIY Ballongirlanden-Set besteht aus:<\/p>\n<ul>\n<li>200 Latex-Ballons, teilweise doppellagig, in\u00a0verschiedenen Rosa- und Lavendel-Farbt\u00f6nen (12,7 cm, 25 cm, 30 cm und 81 cm)<\/li>\n<li>1x transparentes Ballonband mit L\u00f6chern, aus Kunststoff, ca. 1,5 cm x 12 m<\/li>\n<li>1x transparente Schnur (ca. 5 m)<\/li>\n<li>60 x transparente Klebepunkte f\u00fcr kleine Ballons<\/li>\n<\/ul>\n<p>Alle Latex-Luftballons werden mit Luft gef\u00fcllt.<\/p>\n<p>Eine bebilderte Anleitung (in englischer Sprache) ist auf der Verpackung aufgedruckt. Die Kurzversion: Sie teilen das Ballonband in drei Teile, je 4 m und best\u00fccken jedes Teil mit Ballons. Anschlie\u00dfend werden die Teile miteinander verbunden, um die Ballongirlande voller wirken zu lassen. Ganz zum Schluss werden einige kleine Luftballons mittels Klebepunkten in den noch vorhandenen L\u00fccken an den Ballons befestigt.<\/p>\n<p>Inhalt: 200 Ballons, 1 Ballonband, 1 Schnur, 60 Klebepunkte<\/p>\n","protected":false},"featured_media":33201,"comment_status":"open","ping_status":"closed","template":"","meta":[],"product_cat":[185,411,163,183,191,591,1204,181,841],"product_tag":[],"class_list":{"0":"post-33203","1":"product","2":"type-product","3":"status-publish","4":"has-post-thumbnail","6":"product_brand-gingerray-de","7":"product_cat-baby-shower-de","8":"product_cat-ballongirlande","9":"product_cat-dekoration","10":"product_cat-geburtstag","11":"product_cat-hochzeit","12":"product_cat-prinzessin-de","13":"product_cat-rosa","14":"product_cat-saisonal","15":"product_cat-taufe","17":"first","18":"instock","19":"taxable","20":"shipping-taxable","21":"purchasable","22":"product-type-simple"},"_links":{"self":[{"href":"https:\/\/camaleoparty.ch\/de\/wp-json\/wp\/v2\/product\/33203","targetHints":{"allow":["GET"]}}],"collection":[{"href":"https:\/\/camaleoparty.ch\/de\/wp-json\/wp\/v2\/product"}],"about":[{"href":"https:\/\/camaleoparty.ch\/de\/wp-json\/wp\/v2\/types\/product"}],"replies":[{"embeddable":true,"href":"https:\/\/camaleoparty.ch\/de\/wp-json\/wp\/v2\/comments?post=33203"}],"wp:featuredmedia":[{"embeddable":true,"href":"https:\/\/camaleoparty.ch\/de\/wp-json\/wp\/v2\/media\/33201"}],"wp:attachment":[{"href":"https:\/\/camaleoparty.ch\/de\/wp-json\/wp\/v2\/media?parent=33203"}],"wp:term":[{"taxonomy":"product_cat","embeddable":true,"href":"https:\/\/camaleoparty.ch\/de\/wp-json\/wp\/v2\/product_cat?post=33203"},{"taxonomy":"product_tag","embeddable":true,"href":"https:\/\/camaleoparty.ch\/de\/wp-json\/wp\/v2\/product_tag?post=33203"}],"curies":[{"name":"wp","href":"https:\/\/api.w.org\/{rel}","templated":true}]}}