{"id":33140,"date":"2021-06-14T11:54:22","date_gmt":"2021-06-14T10:54:22","guid":{"rendered":"https:\/\/pikasworld.ch\/product\/servietten-peach-dotty-happy-birthday\/"},"modified":"2024-11-08T13:56:11","modified_gmt":"2024-11-08T12:56:11","slug":"servietten-peach-dotty-happy-birthday","status":"publish","type":"product","link":"https:\/\/camaleoparty.ch\/de\/produkt\/servietten-peach-dotty-happy-birthday\/","title":{"rendered":"Servietten &#8222;Peach Dotty&#8220; &#8211; Happy Birthday"},"content":{"rendered":"<p>Ein \u201eHappy Birthday\u201c und kleine P\u00fcnktchen in gl\u00e4nzendem Metallic-Gold zieren diese pfirsichfarbenen Servietten f\u00fcr Ihre Geburtstagsparty.<\/p>\n<p>Der goldene Aufdruck befindet sich auf dem oberen Serviettenviertel, das umseitige ist einfarbig.<\/p>\n<p>2-lagig<\/p>\n<p>Ma\u00dfe: 16,5 x 16,5 cm, ausgebreitet 33 x 33 cm<\/p>\n<p>Inhalt: 16 St\u00fcck<\/p>\n","protected":false},"excerpt":{"rendered":"<p>Ein \u201eHappy Birthday\u201c und kleine P\u00fcnktchen in gl\u00e4nzendem Metallic-Gold zieren diese pfirsichfarbenen Servietten f\u00fcr Ihre Geburtstagsparty.<\/p>\n<p>Der goldene Aufdruck befindet sich auf dem oberen Serviettenviertel, das umseitige ist einfarbig.<\/p>\n<p>2-lagig<\/p>\n<p>Ma\u00dfe: 16,5 x 16,5 cm, ausgebreitet 33 x 33 cm<\/p>\n<p>Inhalt: 16 St\u00fcck<\/p>\n","protected":false},"featured_media":33138,"comment_status":"open","ping_status":"closed","template":"","meta":[],"product_cat":[183,181,161,147],"product_tag":[],"class_list":{"0":"post-33140","1":"product","2":"type-product","3":"status-publish","4":"has-post-thumbnail","6":"product_brand-gingerray-de","7":"product_cat-geburtstag","8":"product_cat-saisonal","9":"product_cat-servietten","10":"product_cat-verjaardags-en-feesttafelversieringen","12":"first","13":"instock","14":"taxable","15":"shipping-taxable","16":"purchasable","17":"product-type-simple"},"_links":{"self":[{"href":"https:\/\/camaleoparty.ch\/de\/wp-json\/wp\/v2\/product\/33140","targetHints":{"allow":["GET"]}}],"collection":[{"href":"https:\/\/camaleoparty.ch\/de\/wp-json\/wp\/v2\/product"}],"about":[{"href":"https:\/\/camaleoparty.ch\/de\/wp-json\/wp\/v2\/types\/product"}],"replies":[{"embeddable":true,"href":"https:\/\/camaleoparty.ch\/de\/wp-json\/wp\/v2\/comments?post=33140"}],"wp:featuredmedia":[{"embeddable":true,"href":"https:\/\/camaleoparty.ch\/de\/wp-json\/wp\/v2\/media\/33138"}],"wp:attachment":[{"href":"https:\/\/camaleoparty.ch\/de\/wp-json\/wp\/v2\/media?parent=33140"}],"wp:term":[{"taxonomy":"product_cat","embeddable":true,"href":"https:\/\/camaleoparty.ch\/de\/wp-json\/wp\/v2\/product_cat?post=33140"},{"taxonomy":"product_tag","embeddable":true,"href":"https:\/\/camaleoparty.ch\/de\/wp-json\/wp\/v2\/product_tag?post=33140"}],"curies":[{"name":"wp","href":"https:\/\/api.w.org\/{rel}","templated":true}]}}