{"id":32995,"date":"2021-05-26T20:47:00","date_gmt":"2021-05-26T19:47:12","guid":{"rendered":"https:\/\/pikasworld.ch\/product\/mini-luftballon-set-pink-rosegold\/"},"modified":"2024-11-08T13:56:25","modified_gmt":"2024-11-08T12:56:25","slug":"mini-luftballon-set-pink-rosegold","status":"publish","type":"product","link":"https:\/\/camaleoparty.ch\/de\/produkt\/mini-luftballon-set-pink-rosegold\/","title":{"rendered":"Mini-Luftballon-Set Pink &#038; Rosegold"},"content":{"rendered":"<p>Das Set beinhaltet 40 kleine Luftballons aus Latex in vier verschiedenen Farben: 10x Metallic Rosegold, 13x Rosa, 12x Candy Pink und 5x Wei\u00df.<\/p>\n<p>Wir empfehlen das Bef\u00fcllen der kleinen Ballons mit normaler Luft, da sie f\u00fcr die Helium-Bef\u00fcllung zu klein und damit zu schwer zum Schweben sind.<\/p>\n<p>Tipp: Die Mini-Luftballons eignen sich ideal zum F\u00fcllen von unseren DIY-Mosaik-Rahmen in Form von Zahlen. Diese Ballon-Rahmen finden Sie ebenfalls in unserem Shop.<\/p>\n<p>Gr\u00f6\u00dfe: 12 cm<\/p>\n<p>Inhalt: 40 St\u00fcck<\/p>\n","protected":false},"excerpt":{"rendered":"<p>Das Set beinhaltet 40 kleine Luftballons aus Latex in vier verschiedenen Farben: 10x Metallic Rosegold, 13x Rosa, 12x Candy Pink und 5x Wei\u00df.<\/p>\n<p>Wir empfehlen das Bef\u00fcllen der kleinen Ballons mit normaler Luft, da sie f\u00fcr die Helium-Bef\u00fcllung zu klein und damit zu schwer zum Schweben sind.<\/p>\n<p>Tipp: Die Mini-Luftballons eignen sich ideal zum F\u00fcllen von unseren DIY-Mosaik-Rahmen in Form von Zahlen. Diese Ballon-Rahmen finden Sie ebenfalls in unserem Shop.<\/p>\n<p>Gr\u00f6\u00dfe: 12 cm<\/p>\n<p>Inhalt: 40 St\u00fcck<\/p>\n","protected":false},"featured_media":32993,"comment_status":"open","ping_status":"closed","template":"","meta":[],"product_cat":[165,163,909,591,1204],"product_tag":[],"class_list":{"0":"post-32995","1":"product","2":"type-product","3":"status-publish","4":"has-post-thumbnail","6":"product_brand-gingerray-de","7":"product_cat-ballone","8":"product_cat-dekoration","9":"product_cat-einfarbigen-luftballons","10":"product_cat-prinzessin-de","11":"product_cat-rosa","13":"first","14":"instock","15":"sale","16":"taxable","17":"shipping-taxable","18":"purchasable","19":"product-type-simple"},"_links":{"self":[{"href":"https:\/\/camaleoparty.ch\/de\/wp-json\/wp\/v2\/product\/32995","targetHints":{"allow":["GET"]}}],"collection":[{"href":"https:\/\/camaleoparty.ch\/de\/wp-json\/wp\/v2\/product"}],"about":[{"href":"https:\/\/camaleoparty.ch\/de\/wp-json\/wp\/v2\/types\/product"}],"replies":[{"embeddable":true,"href":"https:\/\/camaleoparty.ch\/de\/wp-json\/wp\/v2\/comments?post=32995"}],"wp:featuredmedia":[{"embeddable":true,"href":"https:\/\/camaleoparty.ch\/de\/wp-json\/wp\/v2\/media\/32993"}],"wp:attachment":[{"href":"https:\/\/camaleoparty.ch\/de\/wp-json\/wp\/v2\/media?parent=32995"}],"wp:term":[{"taxonomy":"product_cat","embeddable":true,"href":"https:\/\/camaleoparty.ch\/de\/wp-json\/wp\/v2\/product_cat?post=32995"},{"taxonomy":"product_tag","embeddable":true,"href":"https:\/\/camaleoparty.ch\/de\/wp-json\/wp\/v2\/product_tag?post=32995"}],"curies":[{"name":"wp","href":"https:\/\/api.w.org\/{rel}","templated":true}]}}