{"id":32847,"date":"2021-05-13T16:56:40","date_gmt":"2021-05-13T15:56:40","guid":{"rendered":"https:\/\/pikasworld.ch\/product\/photobooth-rahmen-mit-stickern-baby-shower\/"},"modified":"2024-11-08T13:56:39","modified_gmt":"2024-11-08T12:56:39","slug":"photobooth-rahmen-mit-stickern-baby-shower","status":"publish","type":"product","link":"https:\/\/camaleoparty.ch\/de\/produkt\/photobooth-rahmen-mit-stickern-baby-shower\/","title":{"rendered":"Photobooth-Rahmen mit Stickern Baby Shower"},"content":{"rendered":"<p>Ein Rahmen f\u00fcr die sch\u00f6nsten Erinnerungen an Ihre Babyparty: Mit dem Photobooth-Rahmen in Blush aus stabilem Karton haben Sie schnell ein wundersch\u00f6nes Foto-Motiv f\u00fcr Ihre Bilder mit Familie und Freunden. Der breite Rahmen erinnert an Polaroidfotos \u2013 eine wunderbare Idee f\u00fcr einen Hauch Nostalgie.<\/p>\n<p>Der Foto-Rahmen ist an der unteren Seite mit dem Schriftzug \u201ebaby Shower\u201c versehen, in edel gl\u00e4nzendem Metallic-Ros\u00e9gold und stilvollem Handlettering Design. \u00dcber dem Schriftzug kann der Rahmen nun noch personalisiert werden, z.B. mit Namen: Verwenden Sie daf\u00fcr die beiliegenden Buchstaben-Sticker, die ebenfalls in Rosegold gl\u00e4nzen, und bekleben Sie den Rahmen individuell ganz nach Ihren W\u00fcnschen.<\/p>\n<p>Der gesamte Rahmen besteht aus sehr stabiler, bezogener Pappe und wird Ihnen zusammengelegt geliefert. Um den aufgeklappten Photobooth-Rahmen zu stabilisieren, erhalten Sie selbstklebende Papp-Pl\u00e4ttchen, die Sie auf der R\u00fcckseite auf die Falzstellen kleben. Zum Aufh\u00e4ngen des Rahmens verwenden Sie einfach die beiliegende transparente Schnur und f\u00e4deln diese durch die zwei L\u00f6cher am oberen Rand.<\/p>\n<p>Um den Rahmen z.B. mit Namen zu personalisieren, erhalten Sie acht Sticker-B\u00f6gen mit Buchstaben von A bis Z, Herzchen und mehreren Sonderzeichen.<\/p>\n<ul>\n<li>8 x A, E, I, O, R, T<\/li>\n<li>4 x B, C, D, F, G, H, J, K, L, M, N, P, Q, S, U, V, W, Y, Z<\/li>\n<li>8 x &#8218;<\/li>\n<li>8 x\u00a0\u2665<\/li>\n<\/ul>\n<p>Ma\u00dfe:<br \/>\nRahmen, au\u00dfen: 60 x 72 cm<br \/>\nRahmen, innen: ca. 48 x 48 cm<br \/>\nGr\u00f6\u00dfe der Buchstaben: ca. 4 cm hoch<\/p>\n<p>Inhalt: 1 Photobooth-Rahmen, 8 Sticker-B\u00f6gen, 1 Schnur 1 m, 4 Papp-Pl\u00e4ttchen<\/p>\n","protected":false},"excerpt":{"rendered":"<p>Ein Rahmen f\u00fcr die sch\u00f6nsten Erinnerungen an Ihre Babyparty: Mit dem Photobooth-Rahmen in Blush aus stabilem Karton haben Sie schnell ein wundersch\u00f6nes Foto-Motiv f\u00fcr Ihre Bilder mit Familie und Freunden. Der breite Rahmen erinnert an Polaroidfotos \u2013 eine wunderbare Idee f\u00fcr einen Hauch Nostalgie.<\/p>\n","protected":false},"featured_media":32845,"comment_status":"open","ping_status":"closed","template":"","meta":[],"product_cat":[132,185,385,142,181],"product_tag":[],"class_list":{"0":"post-32847","1":"product","2":"type-product","3":"status-publish","4":"has-post-thumbnail","6":"product_brand-gingerray-de","7":"product_cat-animationen","8":"product_cat-baby-shower-de","9":"product_cat-gender-reveal-party-de","10":"product_cat-photo-booth-de","11":"product_cat-saisonal","13":"first","14":"instock","15":"sale","16":"taxable","17":"shipping-taxable","18":"purchasable","19":"product-type-simple"},"_links":{"self":[{"href":"https:\/\/camaleoparty.ch\/de\/wp-json\/wp\/v2\/product\/32847","targetHints":{"allow":["GET"]}}],"collection":[{"href":"https:\/\/camaleoparty.ch\/de\/wp-json\/wp\/v2\/product"}],"about":[{"href":"https:\/\/camaleoparty.ch\/de\/wp-json\/wp\/v2\/types\/product"}],"replies":[{"embeddable":true,"href":"https:\/\/camaleoparty.ch\/de\/wp-json\/wp\/v2\/comments?post=32847"}],"wp:featuredmedia":[{"embeddable":true,"href":"https:\/\/camaleoparty.ch\/de\/wp-json\/wp\/v2\/media\/32845"}],"wp:attachment":[{"href":"https:\/\/camaleoparty.ch\/de\/wp-json\/wp\/v2\/media?parent=32847"}],"wp:term":[{"taxonomy":"product_cat","embeddable":true,"href":"https:\/\/camaleoparty.ch\/de\/wp-json\/wp\/v2\/product_cat?post=32847"},{"taxonomy":"product_tag","embeddable":true,"href":"https:\/\/camaleoparty.ch\/de\/wp-json\/wp\/v2\/product_tag?post=32847"}],"curies":[{"name":"wp","href":"https:\/\/api.w.org\/{rel}","templated":true}]}}