{"id":32836,"date":"2021-05-10T19:23:25","date_gmt":"2021-05-10T18:23:25","guid":{"rendered":"https:\/\/pikasworld.ch\/product\/konfetti-ballons-its-twins-5-stuck\/"},"modified":"2024-11-08T13:56:40","modified_gmt":"2024-11-08T12:56:40","slug":"konfetti-ballons-its-twins-5-stuck","status":"publish","type":"product","link":"https:\/\/camaleoparty.ch\/de\/produkt\/konfetti-ballons-its-twins-5-stuck\/","title":{"rendered":"Konfetti-Ballons &#8222;It&#8217;s Twins&#8220; &#8211; 5 St\u00fcck"},"content":{"rendered":"<p>Es sind Zwillinge! Verk\u00fcnden Sie die sch\u00f6ne Botschaft mit diesen transparenten Konfetti-Luftballons, die mit dem Schriftzug \u201eIt\u2019s Twins\u201c bedruckt sind. Im Inneren der Latexballons gl\u00e4nzt rosegoldenes Konfetti aus Metallic Folie, in h\u00fcbscher Bl\u00fctenform.<\/p>\n<p>F\u00fcr Helium (Ballongas) oder Luftf\u00fcllung geeignet.<\/p>\n<p>Tipp: Durch Reiben der aufgeblasenen Latexballons, beispielsweise an Ihrer Kleidung oder einem Polyester-Tuch, bleibt das Konfetti an den Ballon-Innenseiten haften.<\/p>\n<p>Ma\u00dfe:<br \/>\nKonfetti: ca. \u00d8 3 cm<br \/>\nBallon: 30 cm<\/p>\n<p>Inhalt: 5 St\u00fcck<\/p>\n","protected":false},"excerpt":{"rendered":"<p>Es sind Zwillinge! Verk\u00fcnden Sie die sch\u00f6ne Botschaft mit diesen transparenten Konfetti-Luftballons, die mit dem Schriftzug \u201eIt\u2019s Twins\u201c bedruckt sind. Im Inneren der Latexballons gl\u00e4nzt rosegoldenes Konfetti aus Metallic Folie, in h\u00fcbscher Bl\u00fctenform.<\/p>\n<p>F\u00fcr Helium (Ballongas) oder Luftf\u00fcllung geeignet.<\/p>\n<p>Tipp: Durch Reiben der aufgeblasenen Latexballons, beispielsweise an Ihrer Kleidung oder einem Polyester-Tuch, bleibt das Konfetti an den Ballon-Innenseiten haften.<\/p>\n<p>Ma\u00dfe:<br \/>\nKonfetti: ca. \u00d8 3 cm<br \/>\nBallon: 30 cm<\/p>\n<p>Inhalt: 5 St\u00fcck<\/p>\n","protected":false},"featured_media":32833,"comment_status":"open","ping_status":"closed","template":"","meta":[],"product_cat":[185,165,163,385,181],"product_tag":[],"class_list":{"0":"post-32836","1":"product","2":"type-product","3":"status-publish","4":"has-post-thumbnail","6":"product_brand-gingerray-de","7":"product_cat-baby-shower-de","8":"product_cat-ballone","9":"product_cat-dekoration","10":"product_cat-gender-reveal-party-de","11":"product_cat-saisonal","13":"first","14":"instock","15":"taxable","16":"shipping-taxable","17":"purchasable","18":"product-type-simple"},"_links":{"self":[{"href":"https:\/\/camaleoparty.ch\/de\/wp-json\/wp\/v2\/product\/32836","targetHints":{"allow":["GET"]}}],"collection":[{"href":"https:\/\/camaleoparty.ch\/de\/wp-json\/wp\/v2\/product"}],"about":[{"href":"https:\/\/camaleoparty.ch\/de\/wp-json\/wp\/v2\/types\/product"}],"replies":[{"embeddable":true,"href":"https:\/\/camaleoparty.ch\/de\/wp-json\/wp\/v2\/comments?post=32836"}],"wp:featuredmedia":[{"embeddable":true,"href":"https:\/\/camaleoparty.ch\/de\/wp-json\/wp\/v2\/media\/32833"}],"wp:attachment":[{"href":"https:\/\/camaleoparty.ch\/de\/wp-json\/wp\/v2\/media?parent=32836"}],"wp:term":[{"taxonomy":"product_cat","embeddable":true,"href":"https:\/\/camaleoparty.ch\/de\/wp-json\/wp\/v2\/product_cat?post=32836"},{"taxonomy":"product_tag","embeddable":true,"href":"https:\/\/camaleoparty.ch\/de\/wp-json\/wp\/v2\/product_tag?post=32836"}],"curies":[{"name":"wp","href":"https:\/\/api.w.org\/{rel}","templated":true}]}}