{"id":32800,"date":"2021-05-04T13:53:00","date_gmt":"2021-05-04T12:53:00","guid":{"rendered":"https:\/\/pikasworld.ch\/product\/scharpe-blumen-mummy-to-be\/"},"modified":"2024-11-08T13:56:43","modified_gmt":"2024-11-08T12:56:43","slug":"scharpe-blumen-mummy-to-be","status":"publish","type":"product","link":"https:\/\/camaleoparty.ch\/de\/produkt\/scharpe-blumen-mummy-to-be\/","title":{"rendered":"Sch\u00e4rpe Blumen Mummy to be"},"content":{"rendered":"<p>Eine Sch\u00e4rpe f\u00fcr eine Baby Shower<\/p>\n<p>&nbsp;<\/p>\n<p>Mummy to be von der Kollektion Baby in Bloom<\/p>\n","protected":false},"excerpt":{"rendered":"<p>Eine Sch\u00e4rpe f\u00fcr eine Baby Shower<\/p>\n<p>&nbsp;<\/p>\n<p>Mummy to be von der Kollektion Baby in Bloom<\/p>\n","protected":false},"featured_media":32798,"comment_status":"open","ping_status":"closed","template":"","meta":[],"product_cat":[185,385,181],"product_tag":[],"class_list":{"0":"post-32800","1":"product","2":"type-product","3":"status-publish","4":"has-post-thumbnail","6":"product_brand-gingerray-de","7":"product_cat-baby-shower-de","8":"product_cat-gender-reveal-party-de","9":"product_cat-saisonal","11":"first","12":"instock","13":"taxable","14":"shipping-taxable","15":"purchasable","16":"product-type-simple"},"_links":{"self":[{"href":"https:\/\/camaleoparty.ch\/de\/wp-json\/wp\/v2\/product\/32800","targetHints":{"allow":["GET"]}}],"collection":[{"href":"https:\/\/camaleoparty.ch\/de\/wp-json\/wp\/v2\/product"}],"about":[{"href":"https:\/\/camaleoparty.ch\/de\/wp-json\/wp\/v2\/types\/product"}],"replies":[{"embeddable":true,"href":"https:\/\/camaleoparty.ch\/de\/wp-json\/wp\/v2\/comments?post=32800"}],"wp:featuredmedia":[{"embeddable":true,"href":"https:\/\/camaleoparty.ch\/de\/wp-json\/wp\/v2\/media\/32798"}],"wp:attachment":[{"href":"https:\/\/camaleoparty.ch\/de\/wp-json\/wp\/v2\/media?parent=32800"}],"wp:term":[{"taxonomy":"product_cat","embeddable":true,"href":"https:\/\/camaleoparty.ch\/de\/wp-json\/wp\/v2\/product_cat?post=32800"},{"taxonomy":"product_tag","embeddable":true,"href":"https:\/\/camaleoparty.ch\/de\/wp-json\/wp\/v2\/product_tag?post=32800"}],"curies":[{"name":"wp","href":"https:\/\/api.w.org\/{rel}","templated":true}]}}