{"id":32788,"date":"2021-05-03T17:25:26","date_gmt":"2021-05-03T16:25:26","guid":{"rendered":"https:\/\/pikasworld.ch\/product\/gastebuch-aus-holz-team-bride\/"},"modified":"2024-11-08T13:56:44","modified_gmt":"2024-11-08T12:56:44","slug":"gastebuch-aus-holz-team-bride","status":"publish","type":"product","link":"https:\/\/camaleoparty.ch\/de\/produkt\/gastebuch-aus-holz-team-bride\/","title":{"rendered":"G\u00e4stebuch aus Holz Team Bride"},"content":{"rendered":"<p>Ein G\u00e4stebuch oder Fotoalbum aus Holz f\u00fcr einen JGA. Oder bei einem Hochzeitsfest. Sch\u00f6ne Erinnerungen sammeln.<\/p>\n<p>&nbsp;<\/p>\n<p>&nbsp;<\/p>\n","protected":false},"excerpt":{"rendered":"<p>Ein G\u00e4stebuch oder Fotoalbum aus Holz f\u00fcr einen JGA. Oder bei einem Hochzeitsfest. Sch\u00f6ne Erinnerungen sammeln.<\/p>\n<p>&nbsp;<\/p>\n","protected":false},"featured_media":32786,"comment_status":"open","ping_status":"closed","template":"","meta":[],"product_cat":[403,391,199,181],"product_tag":[],"class_list":{"0":"post-32788","1":"product","2":"type-product","3":"status-publish","4":"has-post-thumbnail","6":"product_brand-gingerray-de","7":"product_cat-gaestebuch","8":"product_cat-hen-party-polter-abend","9":"product_cat-papierwaren","10":"product_cat-saisonal","12":"first","13":"instock","14":"taxable","15":"shipping-taxable","16":"purchasable","17":"product-type-simple"},"_links":{"self":[{"href":"https:\/\/camaleoparty.ch\/de\/wp-json\/wp\/v2\/product\/32788","targetHints":{"allow":["GET"]}}],"collection":[{"href":"https:\/\/camaleoparty.ch\/de\/wp-json\/wp\/v2\/product"}],"about":[{"href":"https:\/\/camaleoparty.ch\/de\/wp-json\/wp\/v2\/types\/product"}],"replies":[{"embeddable":true,"href":"https:\/\/camaleoparty.ch\/de\/wp-json\/wp\/v2\/comments?post=32788"}],"wp:featuredmedia":[{"embeddable":true,"href":"https:\/\/camaleoparty.ch\/de\/wp-json\/wp\/v2\/media\/32786"}],"wp:attachment":[{"href":"https:\/\/camaleoparty.ch\/de\/wp-json\/wp\/v2\/media?parent=32788"}],"wp:term":[{"taxonomy":"product_cat","embeddable":true,"href":"https:\/\/camaleoparty.ch\/de\/wp-json\/wp\/v2\/product_cat?post=32788"},{"taxonomy":"product_tag","embeddable":true,"href":"https:\/\/camaleoparty.ch\/de\/wp-json\/wp\/v2\/product_tag?post=32788"}],"curies":[{"name":"wp","href":"https:\/\/api.w.org\/{rel}","templated":true}]}}