{"id":32751,"date":"2021-04-30T12:59:11","date_gmt":"2021-04-30T11:59:11","guid":{"rendered":"https:\/\/pikasworld.ch\/product\/16-servietten-boho-team-bride\/"},"modified":"2024-11-08T13:56:48","modified_gmt":"2024-11-08T12:56:48","slug":"16-servietten-boho-team-bride","status":"publish","type":"product","link":"https:\/\/camaleoparty.ch\/de\/produkt\/16-servietten-boho-team-bride\/","title":{"rendered":"16 Servietten Boho Team Bride"},"content":{"rendered":"<p>Wundersch\u00f6ne &#8222;Team Bride&#8220;-Servietten im Bohemian-Look mit zartem Blumenkranz-Motiv f\u00fcr Ihre Boho-Brautparty oder den Junggesellinennabschied f\u00fcr die Hippie-Braut.<\/p>\n<p>&nbsp;<\/p>\n<p>16 St\u00fcck<\/p>\n","protected":false},"excerpt":{"rendered":"<p>Wundersch\u00f6ne &#8222;Team Bride&#8220;-Servietten im Bohemian-Look mit zartem Blumenkranz-Motiv f\u00fcr Ihre Boho-Brautparty oder den Junggesellinennabschied f\u00fcr die Hippie-Braut.<\/p>\n<p>&nbsp;<\/p>\n<p>16 St\u00fcck<\/p>\n","protected":false},"featured_media":32749,"comment_status":"open","ping_status":"closed","template":"","meta":[],"product_cat":[181,161,147],"product_tag":[],"class_list":{"0":"post-32751","1":"product","2":"type-product","3":"status-publish","4":"has-post-thumbnail","6":"product_brand-gingerray-de","7":"product_cat-saisonal","8":"product_cat-servietten","9":"product_cat-verjaardags-en-feesttafelversieringen","11":"first","12":"instock","13":"taxable","14":"shipping-taxable","15":"purchasable","16":"product-type-simple"},"_links":{"self":[{"href":"https:\/\/camaleoparty.ch\/de\/wp-json\/wp\/v2\/product\/32751","targetHints":{"allow":["GET"]}}],"collection":[{"href":"https:\/\/camaleoparty.ch\/de\/wp-json\/wp\/v2\/product"}],"about":[{"href":"https:\/\/camaleoparty.ch\/de\/wp-json\/wp\/v2\/types\/product"}],"replies":[{"embeddable":true,"href":"https:\/\/camaleoparty.ch\/de\/wp-json\/wp\/v2\/comments?post=32751"}],"wp:featuredmedia":[{"embeddable":true,"href":"https:\/\/camaleoparty.ch\/de\/wp-json\/wp\/v2\/media\/32749"}],"wp:attachment":[{"href":"https:\/\/camaleoparty.ch\/de\/wp-json\/wp\/v2\/media?parent=32751"}],"wp:term":[{"taxonomy":"product_cat","embeddable":true,"href":"https:\/\/camaleoparty.ch\/de\/wp-json\/wp\/v2\/product_cat?post=32751"},{"taxonomy":"product_tag","embeddable":true,"href":"https:\/\/camaleoparty.ch\/de\/wp-json\/wp\/v2\/product_tag?post=32751"}],"curies":[{"name":"wp","href":"https:\/\/api.w.org\/{rel}","templated":true}]}}