{"id":32745,"date":"2021-04-30T12:30:27","date_gmt":"2021-04-30T11:30:27","guid":{"rendered":"https:\/\/pikasworld.ch\/product\/pappbecher-boho-team-bride\/"},"modified":"2024-11-08T13:56:51","modified_gmt":"2024-11-08T12:56:51","slug":"pappbecher-boho-team-bride","status":"publish","type":"product","link":"https:\/\/camaleoparty.ch\/de\/produkt\/pappbecher-boho-team-bride\/","title":{"rendered":"Pappbecher &#8222;Boho Team Bride&#8220;"},"content":{"rendered":"<p>Wundersch\u00f6ne &#8222;Team Bride&#8220;-Pappbecher im Bohemian-Look mit zartem Blumenkranz-Motiv f\u00fcr Ihre Boho-Brautparty oder den Junggesellinennabschied f\u00fcr die Hippie-Braut.<\/p>\n<p>Im Inneren sind die Pappbecher dezent Rosa.<\/p>\n<p>Die umweltfreundlichen Pappbecher sind recyclebar, da ohne Folien\u00fcberzug.<\/p>\n<p>Nur f\u00fcr kalte Getr\u00e4nke.<\/p>\n<p>F\u00fcllmenge: 266 ml<\/p>\n<p>Inhalt: 8 St\u00fcck<\/p>\n","protected":false},"excerpt":{"rendered":"<p>Wundersch\u00f6ne &#8222;Team Bride&#8220;-Pappbecher im Bohemian-Look mit zartem Blumenkranz-Motiv f\u00fcr Ihre Boho-Brautparty oder den Junggesellinennabschied f\u00fcr die Hippie-Braut.<\/p>\n<p>Im Inneren sind die Pappbecher dezent Rosa.<\/p>\n<p>Die umweltfreundlichen Pappbecher sind recyclebar, da ohne Folien\u00fcberzug.<\/p>\n<p>Nur f\u00fcr kalte Getr\u00e4nke.<\/p>\n<p>F\u00fcllmenge: 266 ml<\/p>\n<p>Inhalt: 8 St\u00fcck<\/p>\n","protected":false},"featured_media":32743,"comment_status":"open","ping_status":"closed","template":"","meta":[],"product_cat":[157,181,147],"product_tag":[],"class_list":{"0":"post-32745","1":"product","2":"type-product","3":"status-publish","4":"has-post-thumbnail","6":"product_brand-gingerray-de","7":"product_cat-becher","8":"product_cat-saisonal","9":"product_cat-verjaardags-en-feesttafelversieringen","11":"first","12":"instock","13":"taxable","14":"shipping-taxable","15":"purchasable","16":"product-type-simple"},"_links":{"self":[{"href":"https:\/\/camaleoparty.ch\/de\/wp-json\/wp\/v2\/product\/32745","targetHints":{"allow":["GET"]}}],"collection":[{"href":"https:\/\/camaleoparty.ch\/de\/wp-json\/wp\/v2\/product"}],"about":[{"href":"https:\/\/camaleoparty.ch\/de\/wp-json\/wp\/v2\/types\/product"}],"replies":[{"embeddable":true,"href":"https:\/\/camaleoparty.ch\/de\/wp-json\/wp\/v2\/comments?post=32745"}],"wp:featuredmedia":[{"embeddable":true,"href":"https:\/\/camaleoparty.ch\/de\/wp-json\/wp\/v2\/media\/32743"}],"wp:attachment":[{"href":"https:\/\/camaleoparty.ch\/de\/wp-json\/wp\/v2\/media?parent=32745"}],"wp:term":[{"taxonomy":"product_cat","embeddable":true,"href":"https:\/\/camaleoparty.ch\/de\/wp-json\/wp\/v2\/product_cat?post=32745"},{"taxonomy":"product_tag","embeddable":true,"href":"https:\/\/camaleoparty.ch\/de\/wp-json\/wp\/v2\/product_tag?post=32745"}],"curies":[{"name":"wp","href":"https:\/\/api.w.org\/{rel}","templated":true}]}}