{"id":32739,"date":"2021-04-30T07:24:00","date_gmt":"2021-04-30T06:24:54","guid":{"rendered":"https:\/\/pikasworld.ch\/product\/32739\/"},"modified":"2024-11-08T13:56:52","modified_gmt":"2024-11-08T12:56:52","slug":"32739","status":"publish","type":"product","link":"https:\/\/camaleoparty.ch\/de\/produkt\/32739\/","title":{"rendered":""},"content":{"rendered":"<p>Wundersch\u00f6ne &#8222;Team Bride&#8220;-Pappteller im Bohemian-Look mit zartem Blumenkranz-Motiv f\u00fcr Ihre Boho-Brautparty oder den Junggesellinennabschied f\u00fcr die Hippie-Braut.<\/p>\n<p>Die umweltfreundlichen Pappteller sind recyclebar, da ohne Folien\u00fcberzug.<\/p>\n<p>Inhalt: 8 St\u00fcck<\/p>\n","protected":false},"excerpt":{"rendered":"<p>Wundersch\u00f6ne &#8222;Team Bride&#8220;-Pappteller im Bohemian-Look mit zartem Blumenkranz-Motiv f\u00fcr Ihre Boho-Brautparty oder den Junggesellinennabschied f\u00fcr die Hippie-Braut.<\/p>\n<p>Die umweltfreundlichen Pappteller sind recyclebar, da ohne Folien\u00fcberzug.<\/p>\n<p>Inhalt: 8 St\u00fcck<\/p>\n","protected":false},"featured_media":32737,"comment_status":"open","ping_status":"closed","template":"","meta":[],"product_cat":[391,181,149,147],"product_tag":[],"class_list":{"0":"post-32739","1":"product","2":"type-product","3":"status-publish","4":"has-post-thumbnail","6":"product_brand-gingerray-de","7":"product_cat-hen-party-polter-abend","8":"product_cat-saisonal","9":"product_cat-teller","10":"product_cat-verjaardags-en-feesttafelversieringen","12":"first","13":"instock","14":"taxable","15":"shipping-taxable","16":"purchasable","17":"product-type-simple"},"_links":{"self":[{"href":"https:\/\/camaleoparty.ch\/de\/wp-json\/wp\/v2\/product\/32739","targetHints":{"allow":["GET"]}}],"collection":[{"href":"https:\/\/camaleoparty.ch\/de\/wp-json\/wp\/v2\/product"}],"about":[{"href":"https:\/\/camaleoparty.ch\/de\/wp-json\/wp\/v2\/types\/product"}],"replies":[{"embeddable":true,"href":"https:\/\/camaleoparty.ch\/de\/wp-json\/wp\/v2\/comments?post=32739"}],"wp:featuredmedia":[{"embeddable":true,"href":"https:\/\/camaleoparty.ch\/de\/wp-json\/wp\/v2\/media\/32737"}],"wp:attachment":[{"href":"https:\/\/camaleoparty.ch\/de\/wp-json\/wp\/v2\/media?parent=32739"}],"wp:term":[{"taxonomy":"product_cat","embeddable":true,"href":"https:\/\/camaleoparty.ch\/de\/wp-json\/wp\/v2\/product_cat?post=32739"},{"taxonomy":"product_tag","embeddable":true,"href":"https:\/\/camaleoparty.ch\/de\/wp-json\/wp\/v2\/product_tag?post=32739"}],"curies":[{"name":"wp","href":"https:\/\/api.w.org\/{rel}","templated":true}]}}