{"id":32677,"date":"2021-04-29T10:39:51","date_gmt":"2021-04-29T09:39:51","guid":{"rendered":"https:\/\/pikasworld.ch\/product\/happy-birthday-konfetti-aus-papier-rainbow-13-g\/"},"modified":"2024-11-08T13:56:58","modified_gmt":"2024-11-08T12:56:58","slug":"happy-birthday-konfetti-aus-papier-rainbow-13-g","status":"publish","type":"product","link":"https:\/\/camaleoparty.ch\/de\/produkt\/happy-birthday-konfetti-aus-papier-rainbow-13-g\/","title":{"rendered":"Happy Birthday Konfetti aus Papier &#8211; Rainbow &#8211; 13 g"},"content":{"rendered":"<p>Bunter Konfetti-Mix aus \u201eHappy Birthday\u201c-Schriftz\u00fcgen und Kreisen in gl\u00e4nzendem Gold.<\/p>\n<p>Die goldenen Geburtstagsw\u00fcnsche sind auf festem Papier zu sehen, in Blau, Gelb, T\u00fcrkis, Rot und Rosa. Die R\u00fcckseiten sind ohne Aufdruck.<\/p>\n<p>Die kleinen Kreise sind ebenfalls aus festem Papier und beidseitig mit Goldfolie \u00fcberzogen.<\/p>\n<p>Ma\u00dfe:<br \/>\nSchriftz\u00fcge: ca. 4,5 x 2,5 cm<br \/>\nKreise: \u00d8 ca. 1 cm<\/p>\n<p>Inhalt: 13 g<\/p>\n","protected":false},"excerpt":{"rendered":"<p>Bunter Konfetti-Mix aus \u201eHappy Birthday\u201c-Schriftz\u00fcgen und Kreisen in gl\u00e4nzendem Gold.<\/p>\n<p>Die goldenen Geburtstagsw\u00fcnsche sind auf festem Papier zu sehen, in Blau, Gelb, T\u00fcrkis, Rot und Rosa. Die R\u00fcckseiten sind ohne Aufdruck.<\/p>\n<p>Die kleinen Kreise sind ebenfalls aus festem Papier und beidseitig mit Goldfolie \u00fcberzogen.<\/p>\n<p>Ma\u00dfe:<br \/>\nSchriftz\u00fcge: ca. 4,5 x 2,5 cm<br \/>\nKreise: \u00d8 ca. 1 cm<\/p>\n<p>Inhalt: 13 g<\/p>\n","protected":false},"featured_media":32675,"comment_status":"open","ping_status":"closed","template":"","meta":[],"product_cat":[163,183,171,181],"product_tag":[],"class_list":{"0":"post-32677","1":"product","2":"type-product","3":"status-publish","4":"has-post-thumbnail","6":"product_brand-gingerray-de","7":"product_cat-dekoration","8":"product_cat-geburtstag","9":"product_cat-konfetti","10":"product_cat-saisonal","12":"first","13":"instock","14":"taxable","15":"shipping-taxable","16":"purchasable","17":"product-type-simple"},"_links":{"self":[{"href":"https:\/\/camaleoparty.ch\/de\/wp-json\/wp\/v2\/product\/32677","targetHints":{"allow":["GET"]}}],"collection":[{"href":"https:\/\/camaleoparty.ch\/de\/wp-json\/wp\/v2\/product"}],"about":[{"href":"https:\/\/camaleoparty.ch\/de\/wp-json\/wp\/v2\/types\/product"}],"replies":[{"embeddable":true,"href":"https:\/\/camaleoparty.ch\/de\/wp-json\/wp\/v2\/comments?post=32677"}],"wp:featuredmedia":[{"embeddable":true,"href":"https:\/\/camaleoparty.ch\/de\/wp-json\/wp\/v2\/media\/32675"}],"wp:attachment":[{"href":"https:\/\/camaleoparty.ch\/de\/wp-json\/wp\/v2\/media?parent=32677"}],"wp:term":[{"taxonomy":"product_cat","embeddable":true,"href":"https:\/\/camaleoparty.ch\/de\/wp-json\/wp\/v2\/product_cat?post=32677"},{"taxonomy":"product_tag","embeddable":true,"href":"https:\/\/camaleoparty.ch\/de\/wp-json\/wp\/v2\/product_tag?post=32677"}],"curies":[{"name":"wp","href":"https:\/\/api.w.org\/{rel}","templated":true}]}}