{"id":32655,"date":"2021-04-27T15:29:02","date_gmt":"2021-04-27T14:29:02","guid":{"rendered":"https:\/\/pikasworld.ch\/product\/ballon-set-rainbow-11-teilig\/"},"modified":"2024-11-08T13:57:01","modified_gmt":"2024-11-08T12:57:01","slug":"ballon-set-rainbow-11-teilig","status":"publish","type":"product","link":"https:\/\/camaleoparty.ch\/de\/produkt\/ballon-set-rainbow-11-teilig\/","title":{"rendered":"Ballon-Set &#8222;Rainbow&#8220; &#8211; 11-teilig"},"content":{"rendered":"<p>Tolles Ballon-Set mit farbenfrohen Luftballons und goldenen Stern-Folienballons f\u00fcr eine wundersch\u00f6n bunte Partykulisse.<\/p>\n<p>Mit dem 11-teiligen Set erhalten Sie:<\/p>\n<ul>\n<li>8x Latex-Luftballons in Gelb, Orange, Rosa, Rot, Blau, Dunkelblau, T\u00fcrkis und Lila (30 cm)<\/li>\n<li>2x Stern-Folienballons in Metallic Gold (ca. 46 cm)<\/li>\n<li>1x Gro\u00dfer, transparenter Latex-Luftballon, gef\u00fcllt mit buntem Seidenpapier-Konfetti (ca. 60 cm)<\/li>\n<li>3x Tasselbogen aus goldgl\u00e4nzender Metallic-Folie (ca. 18 cm lang)<br \/>\nDie Tassel wird von Ihnen in ihre Form gebracht.<\/li>\n<\/ul>\n<p>Zus\u00e4tzlich erhalten Sie eine d\u00fcnne, transparente Kunststoffschnur von ca. 5 m L\u00e4nge, die Sie f\u00fcr das Festbinden der Ballons verwenden k\u00f6nnen. Weiterhin drei transparente Gummis zum Befestigen der Gold-Tassel am gro\u00dfen Konfettiballon.<\/p>\n<p>Tipp: Durch Reiben des Konfettiballons, beispielsweise an Ihrer Kleidung oder einem Polyester-Tuch, bleibt das Konfetti an den Ballon-Innenseiten haften.<\/p>\n<p>Alle Ballons sind f\u00fcr Helium (Ballongas) oder normale Luft geeignet.<\/p>\n","protected":false},"excerpt":{"rendered":"<p>Tolles Ballon-Set mit farbenfrohen Luftballons und goldenen Stern-Folienballons f\u00fcr eine wundersch\u00f6n bunte Partykulisse.<\/p>\n<p>Mit dem 11-teiligen Set erhalten Sie:<\/p>\n<ul>\n<li>8x Latex-Luftballons in Gelb, Orange, Rosa, Rot, Blau, Dunkelblau, T\u00fcrkis und Lila (30 cm)<\/li>\n<li>2x Stern-Folienballons in Metallic Gold (ca. 46 cm)<\/li>\n<li>1x Gro\u00dfer, transparenter Latex-Luftballon, gef\u00fcllt mit buntem Seidenpapier-Konfetti (ca. 60 cm)<\/li>\n<li>3x Tasselbogen aus goldgl\u00e4nzender Metallic-Folie (ca. 18 cm lang)<br \/>\nDie Tassel wird von Ihnen in ihre Form gebracht.<\/li>\n<\/ul>\n<p>Zus\u00e4tzlich erhalten Sie eine d\u00fcnne, transparente Kunststoffschnur von ca. 5 m L\u00e4nge, die Sie f\u00fcr das Festbinden der Ballons verwenden k\u00f6nnen. Weiterhin drei transparente Gummis zum Befestigen der Gold-Tassel am gro\u00dfen Konfettiballon.<\/p>\n<p>Tipp: Durch Reiben des Konfettiballons, beispielsweise an Ihrer Kleidung oder einem Polyester-Tuch, bleibt das Konfetti an den Ballon-Innenseiten haften.<\/p>\n<p>Alle Ballons sind f\u00fcr Helium (Ballongas) oder normale Luft geeignet.<\/p>\n","protected":false},"featured_media":32653,"comment_status":"open","ping_status":"closed","template":"","meta":[],"product_cat":[165,163,909,183,181,1071],"product_tag":[],"class_list":{"0":"post-32655","1":"product","2":"type-product","3":"status-publish","4":"has-post-thumbnail","6":"product_brand-gingerray-de","7":"product_cat-ballone","8":"product_cat-dekoration","9":"product_cat-einfarbigen-luftballons","10":"product_cat-geburtstag","11":"product_cat-saisonal","12":"product_cat-silvesterabend","14":"first","15":"instock","16":"taxable","17":"shipping-taxable","18":"purchasable","19":"product-type-simple"},"_links":{"self":[{"href":"https:\/\/camaleoparty.ch\/de\/wp-json\/wp\/v2\/product\/32655","targetHints":{"allow":["GET"]}}],"collection":[{"href":"https:\/\/camaleoparty.ch\/de\/wp-json\/wp\/v2\/product"}],"about":[{"href":"https:\/\/camaleoparty.ch\/de\/wp-json\/wp\/v2\/types\/product"}],"replies":[{"embeddable":true,"href":"https:\/\/camaleoparty.ch\/de\/wp-json\/wp\/v2\/comments?post=32655"}],"wp:featuredmedia":[{"embeddable":true,"href":"https:\/\/camaleoparty.ch\/de\/wp-json\/wp\/v2\/media\/32653"}],"wp:attachment":[{"href":"https:\/\/camaleoparty.ch\/de\/wp-json\/wp\/v2\/media?parent=32655"}],"wp:term":[{"taxonomy":"product_cat","embeddable":true,"href":"https:\/\/camaleoparty.ch\/de\/wp-json\/wp\/v2\/product_cat?post=32655"},{"taxonomy":"product_tag","embeddable":true,"href":"https:\/\/camaleoparty.ch\/de\/wp-json\/wp\/v2\/product_tag?post=32655"}],"curies":[{"name":"wp","href":"https:\/\/api.w.org\/{rel}","templated":true}]}}