{"id":32630,"date":"2021-04-24T21:00:39","date_gmt":"2021-04-24T20:00:39","guid":{"rendered":"https:\/\/pikasworld.ch\/product\/pappbecher-mit-bunten-pompons\/"},"modified":"2024-11-08T13:57:03","modified_gmt":"2024-11-08T12:57:03","slug":"pappbecher-mit-bunten-pompons","status":"publish","type":"product","link":"https:\/\/camaleoparty.ch\/de\/produkt\/pappbecher-mit-bunten-pompons\/","title":{"rendered":"Pappbecher mit bunten Pompons"},"content":{"rendered":"<p>Diese gl\u00e4nzenden Pappbecher im eleganten Gold werden mit farbenfrohen, kleinen Pompons beklebt f\u00fcr eine fr\u00f6hlich-bunte Tischdeko.<\/p>\n<p>Sie erhalten zu den Pappbechern kleine Polyester-K\u00fcgelchen in Rosa, Blau, Orange, Mint, Gelb, Lavendel und Rot sowie Mini-Klebepunkte zum Befestigen der Pompons.<\/p>\n<p>Nur f\u00fcr kalte Getr\u00e4nke geeignet.<\/p>\n<p>F\u00fcllmenge: 266 ml<\/p>\n<p>Inhalt: 8 Pappbecher, 80 Pompons, Klebepunkte<\/p>\n","protected":false},"excerpt":{"rendered":"<p>Diese gl\u00e4nzenden Pappbecher im eleganten Gold werden mit farbenfrohen, kleinen Pompons beklebt f\u00fcr eine fr\u00f6hlich-bunte Tischdeko.<\/p>\n<p>Sie erhalten zu den Pappbechern kleine Polyester-K\u00fcgelchen in Rosa, Blau, Orange, Mint, Gelb, Lavendel und Rot sowie Mini-Klebepunkte zum Befestigen der Pompons.<\/p>\n<p>Nur f\u00fcr kalte Getr\u00e4nke geeignet.<\/p>\n<p>F\u00fcllmenge: 266 ml<\/p>\n<p>Inhalt: 8 Pappbecher, 80 Pompons, Klebepunkte<\/p>\n","protected":false},"featured_media":32628,"comment_status":"open","ping_status":"closed","template":"","meta":[],"product_cat":[157,1212,147,213],"product_tag":[],"class_list":{"0":"post-32630","1":"product","2":"type-product","3":"status-publish","4":"has-post-thumbnail","6":"product_brand-gingerray-de","7":"product_cat-becher","8":"product_cat-goldfarben","9":"product_cat-verjaardags-en-feesttafelversieringen","10":"product_cat-zirkus","12":"first","13":"instock","14":"taxable","15":"shipping-taxable","16":"purchasable","17":"product-type-simple"},"_links":{"self":[{"href":"https:\/\/camaleoparty.ch\/de\/wp-json\/wp\/v2\/product\/32630","targetHints":{"allow":["GET"]}}],"collection":[{"href":"https:\/\/camaleoparty.ch\/de\/wp-json\/wp\/v2\/product"}],"about":[{"href":"https:\/\/camaleoparty.ch\/de\/wp-json\/wp\/v2\/types\/product"}],"replies":[{"embeddable":true,"href":"https:\/\/camaleoparty.ch\/de\/wp-json\/wp\/v2\/comments?post=32630"}],"wp:featuredmedia":[{"embeddable":true,"href":"https:\/\/camaleoparty.ch\/de\/wp-json\/wp\/v2\/media\/32628"}],"wp:attachment":[{"href":"https:\/\/camaleoparty.ch\/de\/wp-json\/wp\/v2\/media?parent=32630"}],"wp:term":[{"taxonomy":"product_cat","embeddable":true,"href":"https:\/\/camaleoparty.ch\/de\/wp-json\/wp\/v2\/product_cat?post=32630"},{"taxonomy":"product_tag","embeddable":true,"href":"https:\/\/camaleoparty.ch\/de\/wp-json\/wp\/v2\/product_tag?post=32630"}],"curies":[{"name":"wp","href":"https:\/\/api.w.org\/{rel}","templated":true}]}}