{"id":32428,"date":"2021-03-09T15:32:10","date_gmt":"2021-03-09T14:32:10","guid":{"rendered":"https:\/\/pikasworld.ch\/product\/8-grose-pappteller-safari-gepard\/"},"modified":"2024-11-08T13:57:23","modified_gmt":"2024-11-08T12:57:23","slug":"8-grose-pappteller-safari-gepard","status":"publish","type":"product","link":"https:\/\/camaleoparty.ch\/de\/produkt\/8-grose-pappteller-safari-gepard\/","title":{"rendered":"8 Gro\u00dfe Pappteller SAFARI Gepard"},"content":{"rendered":"<p>Meri Meri 8 Gro\u00dfe Pappteller SAFARI Gepard. S\u00fc\u00dfe Partyteller in Form eines Gepards &#8211; das zaubert Spa\u00df auf jeder Party! Packung enth\u00e4lt 8 Pappteller mit Goldfolie. Gr\u00f6\u00dfe: 16,5 x 25,4 cm.<\/p>\n","protected":false},"excerpt":{"rendered":"<p>Meri Meri 8 Gro\u00dfe Pappteller SAFARI Gepard. S\u00fc\u00dfe Partyteller in Form eines Gepards &#8211; das zaubert Spa\u00df auf jeder Party! Packung enth\u00e4lt 8 Pappteller mit Goldfolie. Gr\u00f6\u00dfe: 16,5 x 25,4 cm.<\/p>\n","protected":false},"featured_media":32426,"comment_status":"open","ping_status":"closed","template":"","meta":[],"product_cat":[343,149,147],"product_tag":[],"class_list":{"0":"post-32428","1":"product","2":"type-product","3":"status-publish","4":"has-post-thumbnail","6":"product_cat-dschungel-und-safari","7":"product_cat-teller","8":"product_cat-verjaardags-en-feesttafelversieringen","10":"first","11":"instock","12":"taxable","13":"shipping-taxable","14":"purchasable","15":"product-type-simple"},"_links":{"self":[{"href":"https:\/\/camaleoparty.ch\/de\/wp-json\/wp\/v2\/product\/32428","targetHints":{"allow":["GET"]}}],"collection":[{"href":"https:\/\/camaleoparty.ch\/de\/wp-json\/wp\/v2\/product"}],"about":[{"href":"https:\/\/camaleoparty.ch\/de\/wp-json\/wp\/v2\/types\/product"}],"replies":[{"embeddable":true,"href":"https:\/\/camaleoparty.ch\/de\/wp-json\/wp\/v2\/comments?post=32428"}],"wp:featuredmedia":[{"embeddable":true,"href":"https:\/\/camaleoparty.ch\/de\/wp-json\/wp\/v2\/media\/32426"}],"wp:attachment":[{"href":"https:\/\/camaleoparty.ch\/de\/wp-json\/wp\/v2\/media?parent=32428"}],"wp:term":[{"taxonomy":"product_cat","embeddable":true,"href":"https:\/\/camaleoparty.ch\/de\/wp-json\/wp\/v2\/product_cat?post=32428"},{"taxonomy":"product_tag","embeddable":true,"href":"https:\/\/camaleoparty.ch\/de\/wp-json\/wp\/v2\/product_tag?post=32428"}],"curies":[{"name":"wp","href":"https:\/\/api.w.org\/{rel}","templated":true}]}}