{"id":31888,"date":"2023-09-09T11:46:56","date_gmt":"2020-11-13T09:40:56","guid":{"rendered":"https:\/\/pikasworld.ch\/product\/popcorn-boxen-mit-punkten-mint-6-stuck\/"},"modified":"2024-11-08T13:53:09","modified_gmt":"2024-11-08T12:53:09","slug":"popcorn-boxen-mit-punkten-mint-6-stuck","status":"publish","type":"product","link":"https:\/\/camaleoparty.ch\/de\/produkt\/popcorn-boxen-mit-punkten-mint-6-stuck\/","title":{"rendered":"Popcorn-Boxen mit Punkten &#8211; mint &#8211; 6 St\u00fcck"},"content":{"rendered":"<p>Dekorieren Sie die fr\u00f6hliche Kindergeburtstagsparty mit zuckers\u00fc\u00dfen Popcornboxen in zartem Mint und goldgl\u00e4nzenden Details und peppen Sie im Nu die Tischdekoration auf.<\/p>\n<p>Die Boxen aus festem Papier werden Ihnen flach geliefert und von Ihnen in die entsprechende Form gebracht. Die Laschen an dem Boden sind schon so vorbereitet, dass sie diese ganz einfach auffalten k\u00f6nnen. Die mintgr\u00fcne Oberflache ist mit vielen wei\u00dfen und goldgl\u00e4nzenden Punkten verziert. Die Innenfl\u00e4che ist in Wei\u00df gehalten.<\/p>\n<p>Ma\u00dfe (BxTxH): 7 x 7 x 12,5 cm<\/p>\n<p>Inhalt: 6 St\u00fcck<\/p>\n","protected":false},"excerpt":{"rendered":"<p>Dekorieren Sie die fr\u00f6hliche Kindergeburtstagsparty mit zuckers\u00fc\u00dfen Popcornboxen in zartem Mint und goldgl\u00e4nzenden Details und peppen Sie im Nu die Tischdekoration auf.<\/p>\n<p>Die Boxen aus festem Papier werden Ihnen flach geliefert und von Ihnen in die entsprechende Form gebracht. Die Laschen an dem Boden sind schon so vorbereitet, dass sie diese ganz einfach auffalten k\u00f6nnen. Die mintgr\u00fcne Oberflache ist mit vielen wei\u00dfen und goldgl\u00e4nzenden Punkten verziert. Die Innenfl\u00e4che ist in Wei\u00df gehalten.<\/p>\n<p>Ma\u00dfe (BxTxH): 7 x 7 x 12,5 cm<\/p>\n<p>Inhalt: 6 St\u00fcck<\/p>\n","protected":false},"featured_media":31886,"comment_status":"open","ping_status":"closed","template":"","meta":[],"product_cat":[343,221,1212,1206,327,1285,333],"product_tag":[],"class_list":{"0":"post-31888","1":"product","2":"type-product","3":"status-publish","4":"has-post-thumbnail","6":"product_brand-partydeco-de","7":"product_cat-dschungel-und-safari","8":"product_cat-einhorn","9":"product_cat-goldfarben","10":"product_cat-farbe-gruen","11":"product_cat-kochen","12":"product_cat-menthe-de","13":"product_cat-popcorn-de","15":"first","16":"instock","17":"featured","18":"taxable","19":"shipping-taxable","20":"purchasable","21":"product-type-simple"},"_links":{"self":[{"href":"https:\/\/camaleoparty.ch\/de\/wp-json\/wp\/v2\/product\/31888","targetHints":{"allow":["GET"]}}],"collection":[{"href":"https:\/\/camaleoparty.ch\/de\/wp-json\/wp\/v2\/product"}],"about":[{"href":"https:\/\/camaleoparty.ch\/de\/wp-json\/wp\/v2\/types\/product"}],"replies":[{"embeddable":true,"href":"https:\/\/camaleoparty.ch\/de\/wp-json\/wp\/v2\/comments?post=31888"}],"wp:featuredmedia":[{"embeddable":true,"href":"https:\/\/camaleoparty.ch\/de\/wp-json\/wp\/v2\/media\/31886"}],"wp:attachment":[{"href":"https:\/\/camaleoparty.ch\/de\/wp-json\/wp\/v2\/media?parent=31888"}],"wp:term":[{"taxonomy":"product_cat","embeddable":true,"href":"https:\/\/camaleoparty.ch\/de\/wp-json\/wp\/v2\/product_cat?post=31888"},{"taxonomy":"product_tag","embeddable":true,"href":"https:\/\/camaleoparty.ch\/de\/wp-json\/wp\/v2\/product_tag?post=31888"}],"curies":[{"name":"wp","href":"https:\/\/api.w.org\/{rel}","templated":true}]}}