{"id":31879,"date":"2020-11-12T16:26:00","date_gmt":"2020-11-12T15:26:15","guid":{"rendered":"https:\/\/pikasworld.ch\/product\/tortenstecker-aus-papier-happy-birthday-schwarz\/"},"modified":"2024-11-08T13:57:35","modified_gmt":"2024-11-08T12:57:35","slug":"tortenstecker-aus-papier-happy-birthday-schwarz","status":"publish","type":"product","link":"https:\/\/camaleoparty.ch\/de\/produkt\/tortenstecker-aus-papier-happy-birthday-schwarz\/","title":{"rendered":"Tortenstecker aus Papier &#8222;Happy Birthday&#8220; &#8211; schwarz"},"content":{"rendered":"<p>Schm\u00fccken Sie Kuchen, Torten oder andere s\u00fc\u00dfe Leckereien mit dem traumhaft geschwungenen schwarzen Schriftzug &#8222;Happy Birthday&#8220; in angesagter Script-Optik. Gefertigt aus schwarzem festem Papier darf der Tortenstecker auf keinem Sweet Table zum Geburtstag fehlen.<\/p>\n<p>Ma\u00dfe des Schriftzugs: ca. 20 x 12 cm<br \/>\nGesamth\u00f6he: ca. 23,5 cm<\/p>\n","protected":false},"excerpt":{"rendered":"<p>Schm\u00fccken Sie Kuchen, Torten oder andere s\u00fc\u00dfe Leckereien mit dem traumhaft geschwungenen schwarzen Schriftzug &#8222;Happy Birthday&#8220; in angesagter Script-Optik. Gefertigt aus schwarzem festem Papier darf der Tortenstecker auf keinem Sweet Table zum Geburtstag fehlen.<\/p>\n<p>Ma\u00dfe des Schriftzugs: ca. 20 x 12 cm<br \/>\nGesamth\u00f6he: ca. 23,5 cm<\/p>\n","protected":false},"featured_media":31877,"comment_status":"open","ping_status":"closed","template":"","meta":[],"product_cat":[151,646,183,327,920,225,181,1209,147],"product_tag":[],"class_list":{"0":"post-31879","1":"product","2":"type-product","3":"status-publish","4":"has-post-thumbnail","6":"product_cat-cake-toppers-de","7":"product_cat-gamer-de","8":"product_cat-geburtstag","9":"product_cat-kochen","10":"product_cat-panda-de","11":"product_cat-piraten","12":"product_cat-saisonal","13":"product_cat-schwarze-farbe","14":"product_cat-verjaardags-en-feesttafelversieringen","16":"first","17":"instock","18":"taxable","19":"shipping-taxable","20":"purchasable","21":"product-type-simple"},"_links":{"self":[{"href":"https:\/\/camaleoparty.ch\/de\/wp-json\/wp\/v2\/product\/31879","targetHints":{"allow":["GET"]}}],"collection":[{"href":"https:\/\/camaleoparty.ch\/de\/wp-json\/wp\/v2\/product"}],"about":[{"href":"https:\/\/camaleoparty.ch\/de\/wp-json\/wp\/v2\/types\/product"}],"replies":[{"embeddable":true,"href":"https:\/\/camaleoparty.ch\/de\/wp-json\/wp\/v2\/comments?post=31879"}],"wp:featuredmedia":[{"embeddable":true,"href":"https:\/\/camaleoparty.ch\/de\/wp-json\/wp\/v2\/media\/31877"}],"wp:attachment":[{"href":"https:\/\/camaleoparty.ch\/de\/wp-json\/wp\/v2\/media?parent=31879"}],"wp:term":[{"taxonomy":"product_cat","embeddable":true,"href":"https:\/\/camaleoparty.ch\/de\/wp-json\/wp\/v2\/product_cat?post=31879"},{"taxonomy":"product_tag","embeddable":true,"href":"https:\/\/camaleoparty.ch\/de\/wp-json\/wp\/v2\/product_tag?post=31879"}],"curies":[{"name":"wp","href":"https:\/\/api.w.org\/{rel}","templated":true}]}}