{"id":31824,"date":"2020-11-12T13:10:29","date_gmt":"2020-11-12T12:10:29","guid":{"rendered":"https:\/\/pikasworld.ch\/product\/cupcake-wrapper-dinoparty\/"},"modified":"2024-11-08T13:57:39","modified_gmt":"2024-11-08T12:57:39","slug":"cupcake-wrapper-dinoparty","status":"publish","type":"product","link":"https:\/\/camaleoparty.ch\/de\/produkt\/cupcake-wrapper-dinoparty\/","title":{"rendered":"Cupcake-Wrapper &#8222;Dinoparty&#8220;"},"content":{"rendered":"<p>In zwei Varianten sind diese Cupcake-Wrapper gestaltet und Ihre Cupcakes werden auf der Dinoparty zum Kindergeburtstag perfekt umh\u00fcllt.<\/p>\n<p>Die Packung enth\u00e4lt sechs Wrapper aus festem Papier, drei in Wei\u00df mit schwarzen Tupfen und drei in Schwarz mit wei\u00dfen Tupfen.<\/p>\n<p>H\u00f6he: ca. 5 cm<\/p>\n<p>Inhalt: 6 St\u00fcck<\/p>\n","protected":false},"excerpt":{"rendered":"<p>In zwei Varianten sind diese Cupcake-Wrapper gestaltet und Ihre Cupcakes werden auf der Dinoparty zum Kindergeburtstag perfekt umh\u00fcllt.<\/p>\n<p>Die Packung enth\u00e4lt sechs Wrapper aus festem Papier, drei in Wei\u00df mit schwarzen Tupfen und drei in Schwarz mit wei\u00dfen Tupfen.<\/p>\n<p>H\u00f6he: ca. 5 cm<\/p>\n<p>Inhalt: 6 St\u00fcck<\/p>\n","protected":false},"featured_media":31822,"comment_status":"open","ping_status":"closed","template":"","meta":[],"product_cat":[330,215,327,920,225,1209],"product_tag":[],"class_list":{"0":"post-31824","1":"product","2":"type-product","3":"status-publish","4":"has-post-thumbnail","6":"product_cat-cupcakes-de","7":"product_cat-dinosaurier","8":"product_cat-kochen","9":"product_cat-panda-de","10":"product_cat-piraten","11":"product_cat-schwarze-farbe","13":"first","14":"instock","15":"taxable","16":"shipping-taxable","17":"purchasable","18":"product-type-simple"},"_links":{"self":[{"href":"https:\/\/camaleoparty.ch\/de\/wp-json\/wp\/v2\/product\/31824","targetHints":{"allow":["GET"]}}],"collection":[{"href":"https:\/\/camaleoparty.ch\/de\/wp-json\/wp\/v2\/product"}],"about":[{"href":"https:\/\/camaleoparty.ch\/de\/wp-json\/wp\/v2\/types\/product"}],"replies":[{"embeddable":true,"href":"https:\/\/camaleoparty.ch\/de\/wp-json\/wp\/v2\/comments?post=31824"}],"wp:featuredmedia":[{"embeddable":true,"href":"https:\/\/camaleoparty.ch\/de\/wp-json\/wp\/v2\/media\/31822"}],"wp:attachment":[{"href":"https:\/\/camaleoparty.ch\/de\/wp-json\/wp\/v2\/media?parent=31824"}],"wp:term":[{"taxonomy":"product_cat","embeddable":true,"href":"https:\/\/camaleoparty.ch\/de\/wp-json\/wp\/v2\/product_cat?post=31824"},{"taxonomy":"product_tag","embeddable":true,"href":"https:\/\/camaleoparty.ch\/de\/wp-json\/wp\/v2\/product_tag?post=31824"}],"curies":[{"name":"wp","href":"https:\/\/api.w.org\/{rel}","templated":true}]}}