{"id":31761,"date":"2020-11-06T16:07:00","date_gmt":"2020-11-06T15:07:46","guid":{"rendered":"https:\/\/pikasworld.ch\/product\/kuchenkerzen-barchen-6-stuck\/"},"modified":"2024-11-08T13:57:43","modified_gmt":"2024-11-08T12:57:43","slug":"kuchenkerzen-barchen-6-stuck","status":"publish","type":"product","link":"https:\/\/camaleoparty.ch\/de\/produkt\/kuchenkerzen-barchen-6-stuck\/","title":{"rendered":"Kuchenkerzen &#8222;B\u00e4rchen&#8220; &#8211; 6 St\u00fcck"},"content":{"rendered":"<p>Superniedliche B\u00e4rchen-Kerzen f\u00fcr eine tolle Kuchenverzierung zum Kindergeburtstag.<\/p>\n<p>Sie erhalten insgesamt sechs B\u00e4rchen-Wachskerzen, vier mit einem braunen B\u00e4renkopf und zwei mit einem wei\u00dfen Kopf. Einseitig sind die B\u00e4rchen mit rosa B\u00e4ckchen und \u00d6hrchen sowie einem niedlichen Gesicht verziert.<\/p>\n<p>Die Kerzen sind jeweils an einem wei\u00dfen Plastikst\u00e4bchen befestigt und k\u00f6nnen ganz leicht in weiches Material gesteckt werden.<\/p>\n<p>Ma\u00dfe:<br \/>\nB\u00e4renkopf: ca. 3 x 3 cm<br \/>\nGesamtl\u00e4nge mit St\u00e4bchen: ca. 7 cm<\/p>\n<p>Inhalt: 6 St\u00fcck<\/p>\n","protected":false},"excerpt":{"rendered":"<p>Superniedliche B\u00e4rchen-Kerzen f\u00fcr eine tolle Kuchenverzierung zum Kindergeburtstag.<\/p>\n<p>Sie erhalten insgesamt sechs B\u00e4rchen-Wachskerzen, vier mit einem braunen B\u00e4renkopf und zwei mit einem wei\u00dfen Kopf. Einseitig sind die B\u00e4rchen mit rosa B\u00e4ckchen und \u00d6hrchen sowie einem niedlichen Gesicht verziert.<\/p>\n<p>Die Kerzen sind jeweils an einem wei\u00dfen Plastikst\u00e4bchen befestigt und k\u00f6nnen ganz leicht in weiches Material gesteckt werden.<\/p>\n<p>Ma\u00dfe:<br \/>\nB\u00e4renkopf: ca. 3 x 3 cm<br \/>\nGesamtl\u00e4nge mit St\u00e4bchen: ca. 7 cm<\/p>\n<p>Inhalt: 6 St\u00fcck<\/p>\n","protected":false},"featured_media":31759,"comment_status":"open","ping_status":"closed","template":"","meta":[],"product_cat":[163,183,167,1169],"product_tag":[],"class_list":{"0":"post-31761","1":"product","2":"type-product","3":"status-publish","4":"has-post-thumbnail","6":"product_cat-dekoration","7":"product_cat-geburtstag","8":"product_cat-kerzen","9":"product_cat-teddybar-kollektion","11":"first","12":"instock","13":"taxable","14":"shipping-taxable","15":"purchasable","16":"product-type-simple"},"_links":{"self":[{"href":"https:\/\/camaleoparty.ch\/de\/wp-json\/wp\/v2\/product\/31761","targetHints":{"allow":["GET"]}}],"collection":[{"href":"https:\/\/camaleoparty.ch\/de\/wp-json\/wp\/v2\/product"}],"about":[{"href":"https:\/\/camaleoparty.ch\/de\/wp-json\/wp\/v2\/types\/product"}],"replies":[{"embeddable":true,"href":"https:\/\/camaleoparty.ch\/de\/wp-json\/wp\/v2\/comments?post=31761"}],"wp:featuredmedia":[{"embeddable":true,"href":"https:\/\/camaleoparty.ch\/de\/wp-json\/wp\/v2\/media\/31759"}],"wp:attachment":[{"href":"https:\/\/camaleoparty.ch\/de\/wp-json\/wp\/v2\/media?parent=31761"}],"wp:term":[{"taxonomy":"product_cat","embeddable":true,"href":"https:\/\/camaleoparty.ch\/de\/wp-json\/wp\/v2\/product_cat?post=31761"},{"taxonomy":"product_tag","embeddable":true,"href":"https:\/\/camaleoparty.ch\/de\/wp-json\/wp\/v2\/product_tag?post=31761"}],"curies":[{"name":"wp","href":"https:\/\/api.w.org\/{rel}","templated":true}]}}