{"id":31749,"date":"2020-11-06T13:12:10","date_gmt":"2020-11-06T12:12:10","guid":{"rendered":"https:\/\/pikasworld.ch\/product\/bride-to-be-partybrille-rosa\/"},"modified":"2024-11-08T13:57:44","modified_gmt":"2024-11-08T12:57:44","slug":"bride-to-be-partybrille-rosa","status":"publish","type":"product","link":"https:\/\/camaleoparty.ch\/de\/produkt\/bride-to-be-partybrille-rosa\/","title":{"rendered":"Bride to be Partybrille &#8211; rosa"},"content":{"rendered":"<p>Hier kommt die zuk\u00fcnftige Braut! Mit dieser h\u00fcbschen Partybrille sind Sie als Bride to be nicht zu \u00fcbersehen und ziehen jede Blicke auf sich! Der Mittelpunkt der Brautparty und ein super Accessoire f\u00fcr lustige Schnappsch\u00fcsse mit Ihren M\u00e4dels.<\/p>\n<p>Die blushfarbene JGA-Partybrille besteht aus Kunststoff und tr\u00e4gt pinkfarbene, runde Gl\u00e4ser mit Farbverlauf ins Helle. \u00dcber den Gl\u00e4sern ragt jeweils ein Diamant mit matten, rosegoldenen Details hervor. Zwischen ihnen steht der \u201eBride to be\u201c-Schriftzug geschrieben, der in Blush und matter Rosegold-Optik verziert ist.<\/p>\n<p>Ma\u00dfe: ca. 15 x 10 cm<\/p>\n","protected":false},"excerpt":{"rendered":"<p>Hier kommt die zuk\u00fcnftige Braut! Mit dieser h\u00fcbschen Partybrille sind Sie als Bride to be nicht zu \u00fcbersehen und ziehen jede Blicke auf sich! Der Mittelpunkt der Brautparty und ein super Accessoire f\u00fcr lustige Schnappsch\u00fcsse mit Ihren M\u00e4dels.<\/p>\n<p>Die blushfarbene JGA-Partybrille besteht aus Kunststoff und tr\u00e4gt pinkfarbene, runde Gl\u00e4ser mit Farbverlauf ins Helle. \u00dcber den Gl\u00e4sern ragt jeweils ein Diamant mit matten, rosegoldenen Details hervor. Zwischen ihnen steht der \u201eBride to be\u201c-Schriftzug geschrieben, der in Blush und matter Rosegold-Optik verziert ist.<\/p>\n<p>Ma\u00dfe: ca. 15 x 10 cm<\/p>\n","protected":false},"featured_media":31747,"comment_status":"open","ping_status":"closed","template":"","meta":[],"product_cat":[391,181],"product_tag":[],"class_list":{"0":"post-31749","1":"product","2":"type-product","3":"status-publish","4":"has-post-thumbnail","6":"product_brand-gingerray-de","7":"product_cat-hen-party-polter-abend","8":"product_cat-saisonal","10":"first","11":"instock","12":"featured","13":"taxable","14":"shipping-taxable","15":"purchasable","16":"product-type-simple"},"_links":{"self":[{"href":"https:\/\/camaleoparty.ch\/de\/wp-json\/wp\/v2\/product\/31749","targetHints":{"allow":["GET"]}}],"collection":[{"href":"https:\/\/camaleoparty.ch\/de\/wp-json\/wp\/v2\/product"}],"about":[{"href":"https:\/\/camaleoparty.ch\/de\/wp-json\/wp\/v2\/types\/product"}],"replies":[{"embeddable":true,"href":"https:\/\/camaleoparty.ch\/de\/wp-json\/wp\/v2\/comments?post=31749"}],"wp:featuredmedia":[{"embeddable":true,"href":"https:\/\/camaleoparty.ch\/de\/wp-json\/wp\/v2\/media\/31747"}],"wp:attachment":[{"href":"https:\/\/camaleoparty.ch\/de\/wp-json\/wp\/v2\/media?parent=31749"}],"wp:term":[{"taxonomy":"product_cat","embeddable":true,"href":"https:\/\/camaleoparty.ch\/de\/wp-json\/wp\/v2\/product_cat?post=31749"},{"taxonomy":"product_tag","embeddable":true,"href":"https:\/\/camaleoparty.ch\/de\/wp-json\/wp\/v2\/product_tag?post=31749"}],"curies":[{"name":"wp","href":"https:\/\/api.w.org\/{rel}","templated":true}]}}