{"id":31559,"date":"2020-10-15T20:35:04","date_gmt":"2020-10-15T19:35:04","guid":{"rendered":"https:\/\/pikasworld.ch\/product\/ballongirlanden-set-rosegold\/"},"modified":"2024-11-08T13:57:51","modified_gmt":"2024-11-08T12:57:51","slug":"ballongirlanden-set-rosegold","status":"publish","type":"product","link":"https:\/\/camaleoparty.ch\/de\/produkt\/ballongirlanden-set-rosegold\/","title":{"rendered":"Ballongirlanden-Set &#8220; Rosegold&#8220;"},"content":{"rendered":"<p>Schwebender HIngucker in gl\u00e4nzendem Rosegold und Wei\u00df! Dekorieren Sie Ihre Partylocation mit dieser wundersch\u00f6nen Ballongirlande, verzieren Sie beispielsweise den Hintergrund der Candy Bar oder den Eingangsbereich. F\u00fcgen Sie Ihre eigene Note mit ins Design ein und schm\u00fccken Sie die Girlande mit Ihren Lieblingsblumen, Bl\u00e4ttern oder h\u00fcbschen B\u00e4ndern und bringen Sie Ihre G\u00e4ste zum Staunen.<\/p>\n<p>Das Set besteht aus insgesamt 70 Ballons, 64 Luftballons und 6 Folienballons, in 3 unterschiedlichen Durchmessern:<\/p>\n<ul>\n<li>15 wei\u00dfe Ballons (Durchmesser: 13 cm)<\/li>\n<li>15 wei\u00dfe Ballons, schimmernd (Durchmesser: 13 cm)<\/li>\n<li>10 wei\u00dfe Ballons (Durchmesser: 30,5 cm)<\/li>\n<li>\u00a08 wei\u00dfe Ballons, schimmernd (Durchmesser: 30,5 cm)<\/li>\n<li>14 transparente Konfettiballons mit rosegoldenem Konfetti (Durchmesser: 30,5 cm)<\/li>\n<li>6 runde, rosegoldene Folienballons (Durchmesser: 46 cm)<\/li>\n<li>2 wei\u00dfe Ballons (Durchmesser: 46 cm)<\/li>\n<\/ul>\n<p>Au\u00dferdem befinden sich noch 4 Meter Ballonband aus transparentem Kunststoff, ca. 1,4 cm breit, und 40 Klebepunkte im Set.<\/p>\n<p>Alle Ballons k\u00f6nnen mit Luft oder Helium gef\u00fcllt werden, wir empfehlen Ihnen Luftbef\u00fcllung.<br \/>\nUm die Folienballons mit normaler Luft zu bef\u00fcllen, nutzen Sie am besten einen Strohhalm, der in die Ballons hineinf\u00fchrt und ziehen ihn nach der Bef\u00fcllung wieder heraus, so dass die Ballons verschlossen sind.<\/p>\n<p>Die gef\u00fcllten Ballons werden entsprechend der bebilderten Anleitung (in englischer Sprache) auf das mit L\u00f6chern versehene Ballonband angebracht. Wenn sich 90% daran befinden, werden die restlichen kleinen Luftballons mittels Klebepunkten an anderen Ballons befestigt.\u00a0Zum Anbringen der Ballongirlande an W\u00e4nden o.\u00e4. k\u00f6nnen Sie Schn\u00fcre oder B\u00e4nder verwenden.<\/p>\n<p>Tipp f\u00fcr die Konfetti-Ballons: Durch statische Aufladung, z.B. durch Reibung an Kleidung, verteilt sich das Konfetti im Inneren des Ballons und bleibt dekorativ an der Ballonh\u00fclle haften.<\/p>\n<p>Inhalt: 70 Ballons, 1 Ballonband, 40 Klebepunkte<\/p>\n","protected":false},"excerpt":{"rendered":"<p>Schwebender HIngucker in gl\u00e4nzendem Rosegold und Wei\u00df! Dekorieren Sie Ihre Partylocation mit dieser wundersch\u00f6nen Ballongirlande, verzieren Sie beispielsweise den Hintergrund der Candy Bar oder den Eingangsbereich. F\u00fcgen Sie Ihre eigene Note mit ins Design ein und schm\u00fccken Sie die Girlande mit Ihren Lieblingsblumen, Bl\u00e4ttern oder h\u00fcbschen B\u00e4ndern und bringen Sie Ihre G\u00e4ste zum Staunen.<\/p>\n","protected":false},"featured_media":31557,"comment_status":"open","ping_status":"closed","template":"","meta":[],"product_cat":[411,185,163,183,553,591,181,555,193],"product_tag":[],"class_list":{"0":"post-31559","1":"product","2":"type-product","3":"status-publish","4":"has-post-thumbnail","6":"product_brand-gingerray-de","7":"product_cat-ballongirlande","8":"product_cat-baby-shower-de","9":"product_cat-dekoration","10":"product_cat-geburtstag","11":"product_cat-muttertag","12":"product_cat-prinzessin-de","13":"product_cat-saisonal","14":"product_cat-sale-de-2","15":"product_cat-weihnachten","17":"first","18":"instock","19":"taxable","20":"shipping-taxable","21":"purchasable","22":"product-type-simple"},"_links":{"self":[{"href":"https:\/\/camaleoparty.ch\/de\/wp-json\/wp\/v2\/product\/31559","targetHints":{"allow":["GET"]}}],"collection":[{"href":"https:\/\/camaleoparty.ch\/de\/wp-json\/wp\/v2\/product"}],"about":[{"href":"https:\/\/camaleoparty.ch\/de\/wp-json\/wp\/v2\/types\/product"}],"replies":[{"embeddable":true,"href":"https:\/\/camaleoparty.ch\/de\/wp-json\/wp\/v2\/comments?post=31559"}],"wp:featuredmedia":[{"embeddable":true,"href":"https:\/\/camaleoparty.ch\/de\/wp-json\/wp\/v2\/media\/31557"}],"wp:attachment":[{"href":"https:\/\/camaleoparty.ch\/de\/wp-json\/wp\/v2\/media?parent=31559"}],"wp:term":[{"taxonomy":"product_cat","embeddable":true,"href":"https:\/\/camaleoparty.ch\/de\/wp-json\/wp\/v2\/product_cat?post=31559"},{"taxonomy":"product_tag","embeddable":true,"href":"https:\/\/camaleoparty.ch\/de\/wp-json\/wp\/v2\/product_tag?post=31559"}],"curies":[{"name":"wp","href":"https:\/\/api.w.org\/{rel}","templated":true}]}}