{"id":31533,"date":"2020-10-15T10:12:00","date_gmt":"2020-10-15T09:12:00","guid":{"rendered":"https:\/\/pikasworld.ch\/product\/streamer-backdrop-ballongirlande-pastel\/"},"modified":"2024-11-08T13:57:53","modified_gmt":"2024-11-08T12:57:53","slug":"streamer-backdrop-ballongirlande-pastel","status":"publish","type":"product","link":"https:\/\/camaleoparty.ch\/de\/produkt\/streamer-backdrop-ballongirlande-pastel\/","title":{"rendered":"Streamer Backdrop &#038; Ballongirlande &#8211; pastel"},"content":{"rendered":"<p>Pastellfarben bringen sofort Heiterkeit und positive Energien in den Raum. Dieses beeindruckende Set aus Luftballons und Streamern ist mit seiner wundersch\u00f6nen Farbkombination aus Rosa, Apricot, Lavendel, Gelb, Mint und Gold ein fantastischer Eye-Catcher als Partykulisse und toller Hintergrund f\u00fcr Fotos.<\/p>\n<p>Das Backdrop-Set besteht aus:<\/p>\n<ul>\n<li>75x Latex-Luftballons in den Farben Gold, Pink, Rosa, Lavendel, Lila, Pfirsich und Mint (12,5 cm, 30 cm und 46 cm)<\/li>\n<li>5x Kreppband in Pfirsich (gesamt 50 m)<\/li>\n<li>5x Kreppband in Lavendel (gesamt 50 m)<\/li>\n<li>5x Kreppband in Hellgelb (gesamt 50 m)<\/li>\n<li>5x Kreppband in Mint (gesamt 50 m)<\/li>\n<li>10x Kreppband in Rosa (gesamt 100 m)<\/li>\n<li>10x Streamer-Streifen aus Metallic-Folie in Gold (gesamt 40 m)<\/li>\n<li>1x Ballonband (5 m)<\/li>\n<\/ul>\n<p>Au\u00dferdem erhalten Sie eine d\u00fcnne, transparente Kunststoffschnur (ca. 3 m L\u00e4nge) und 80 Klebepunkte.<\/p>\n<p>Um eine beeindruckende Wanddekoration oder einen Foto-Hintergrund aus Streamern und Ballongirlande zu schaffen, befestigen Sie zun\u00e4chst die Kunststoffschnur an der gew\u00fcnschten Stelle. H\u00e4ngen Sie die verschiedenfarbigen Kreppb\u00e4nder und Metallic-Streamer abwechselnd \u00fcber die befestigte Leine.<\/p>\n<p>Die gef\u00fcllten Ballons werden auf das mit L\u00f6chern versehene Ballonband angebracht. Wenn sich 90% daran befinden, werden die restlichen kleinen Luftballons mittels Klebepunkten an anderen Ballons befestigt.<\/p>\n<p>Anschlie\u00dfend kann die Ballongirlande \u00fcber der Streifen-Dekoration befestigt werden. Eine detaillierte und bebilderte Anleitung in englischer Sprache finden Sie au\u00dferdem auf der Verpackung.<\/p>\n<p>Alle gro\u00dfen und mittelgro\u00dfen Latex-Ballons (46 und 30 cm) k\u00f6nnen mit Luft oder Helium gef\u00fcllt werden, wir empfehlen Ihnen die Luftbef\u00fcllung.<\/p>\n<p>Ma\u00dfe:<br \/>\nLuftballons: 12,5 cm, 30 cm und 46 cm<br \/>\npro Kreppband-Rolle: ca. 4,5 cm breit und 10 m lang<br \/>\nMetallic-Rolle: ca. 5 cm breit und 4 m lang<\/p>\n<p>Inhalt: 75 Luftballons, 30 Kreppb\u00e4nder, 10 Metallic-Streamer, 1 Ballonband, 1 Schnur, 80 Klebepunkte<\/p>\n","protected":false},"excerpt":{"rendered":"<p>Pastellfarben bringen sofort Heiterkeit und positive Energien in den Raum. Dieses beeindruckende Set aus Luftballons und Streamern ist mit seiner wundersch\u00f6nen Farbkombination aus Rosa, Apricot, Lavendel, Gelb, Mint und Gold ein fantastischer Eye-Catcher als Partykulisse und toller Hintergrund f\u00fcr Fotos.<\/p>\n","protected":false},"featured_media":31531,"comment_status":"open","ping_status":"closed","template":"","meta":[],"product_cat":[165,411,163,221,183,175,1171,591,1204,181,841,842],"product_tag":[],"class_list":{"0":"post-31533","1":"product","2":"type-product","3":"status-publish","4":"has-post-thumbnail","6":"product_brand-gingerray-de","7":"product_cat-ballone","8":"product_cat-ballongirlande","9":"product_cat-dekoration","10":"product_cat-einhorn","11":"product_cat-geburtstag","12":"product_cat-girlanden","13":"product_cat-maerchen","14":"product_cat-prinzessin-de","15":"product_cat-rosa","16":"product_cat-saisonal","17":"product_cat-taufe","18":"product_cat-vorhange-und-leinwande","20":"first","21":"instock","22":"taxable","23":"shipping-taxable","24":"purchasable","25":"product-type-simple"},"_links":{"self":[{"href":"https:\/\/camaleoparty.ch\/de\/wp-json\/wp\/v2\/product\/31533","targetHints":{"allow":["GET"]}}],"collection":[{"href":"https:\/\/camaleoparty.ch\/de\/wp-json\/wp\/v2\/product"}],"about":[{"href":"https:\/\/camaleoparty.ch\/de\/wp-json\/wp\/v2\/types\/product"}],"replies":[{"embeddable":true,"href":"https:\/\/camaleoparty.ch\/de\/wp-json\/wp\/v2\/comments?post=31533"}],"wp:featuredmedia":[{"embeddable":true,"href":"https:\/\/camaleoparty.ch\/de\/wp-json\/wp\/v2\/media\/31531"}],"wp:attachment":[{"href":"https:\/\/camaleoparty.ch\/de\/wp-json\/wp\/v2\/media?parent=31533"}],"wp:term":[{"taxonomy":"product_cat","embeddable":true,"href":"https:\/\/camaleoparty.ch\/de\/wp-json\/wp\/v2\/product_cat?post=31533"},{"taxonomy":"product_tag","embeddable":true,"href":"https:\/\/camaleoparty.ch\/de\/wp-json\/wp\/v2\/product_tag?post=31533"}],"curies":[{"name":"wp","href":"https:\/\/api.w.org\/{rel}","templated":true}]}}