{"id":31465,"date":"2020-10-01T11:53:33","date_gmt":"2020-10-01T10:53:33","guid":{"rendered":"https:\/\/pikasworld.ch\/product\/halloween-fledermaus-mobile\/"},"modified":"2024-11-08T13:57:57","modified_gmt":"2024-11-08T12:57:57","slug":"halloween-fledermaus-mobile","status":"publish","type":"product","link":"https:\/\/camaleoparty.ch\/de\/produkt\/halloween-fledermaus-mobile\/","title":{"rendered":"Halloween Fledermaus Mobile"},"content":{"rendered":"<p>Dieses tolle Mobile ist die perfekte Deko f\u00fcr jede Halloween-Party. Hier funkelt eine ganze\u00a0 Kolonie von Flederm\u00e4usen was das Zeug h\u00e4lt und gl\u00e4nzt mit tollen Details. F\u00fcr den letzten schaurig-sch\u00f6nen Schliff!<\/p>\n<p>&nbsp;<\/p>\n<ul>\n<li>Schwarze Flederm\u00e4use mit Glitzer<\/li>\n<li>Schimmernde Quasten<\/li>\n<li>Aufh\u00e4ngung in Silber<\/li>\n<li>Produktabmessungen: (H)108 x \u00d8 35,6 cm<\/li>\n<\/ul>\n","protected":false},"excerpt":{"rendered":"<p>Dieses tolle Mobile ist die perfekte Deko f\u00fcr jede Halloween-Party. Hier funkelt eine ganze\u00a0 Kolonie von Flederm\u00e4usen was das Zeug h\u00e4lt und gl\u00e4nzt mit tollen Details. F\u00fcr den letzten schaurig-sch\u00f6nen Schliff!<\/p>\n<p>&nbsp;<\/p>\n<ul>\n<li>Schwarze Flederm\u00e4use mit Glitzer<\/li>\n<li>Schimmernde Quasten<\/li>\n<li>Aufh\u00e4ngung in Silber<\/li>\n<li>Produktabmessungen: (H)108 x \u00d8 35,6 cm<\/li>\n<\/ul>\n","protected":false},"featured_media":31463,"comment_status":"open","ping_status":"closed","template":"","meta":[],"product_cat":[163,258,181],"product_tag":[],"class_list":{"0":"post-31465","1":"product","2":"type-product","3":"status-publish","4":"has-post-thumbnail","6":"product_cat-dekoration","7":"product_cat-halloween-de-2","8":"product_cat-saisonal","10":"first","11":"instock","12":"taxable","13":"shipping-taxable","14":"purchasable","15":"product-type-simple"},"_links":{"self":[{"href":"https:\/\/camaleoparty.ch\/de\/wp-json\/wp\/v2\/product\/31465","targetHints":{"allow":["GET"]}}],"collection":[{"href":"https:\/\/camaleoparty.ch\/de\/wp-json\/wp\/v2\/product"}],"about":[{"href":"https:\/\/camaleoparty.ch\/de\/wp-json\/wp\/v2\/types\/product"}],"replies":[{"embeddable":true,"href":"https:\/\/camaleoparty.ch\/de\/wp-json\/wp\/v2\/comments?post=31465"}],"wp:featuredmedia":[{"embeddable":true,"href":"https:\/\/camaleoparty.ch\/de\/wp-json\/wp\/v2\/media\/31463"}],"wp:attachment":[{"href":"https:\/\/camaleoparty.ch\/de\/wp-json\/wp\/v2\/media?parent=31465"}],"wp:term":[{"taxonomy":"product_cat","embeddable":true,"href":"https:\/\/camaleoparty.ch\/de\/wp-json\/wp\/v2\/product_cat?post=31465"},{"taxonomy":"product_tag","embeddable":true,"href":"https:\/\/camaleoparty.ch\/de\/wp-json\/wp\/v2\/product_tag?post=31465"}],"curies":[{"name":"wp","href":"https:\/\/api.w.org\/{rel}","templated":true}]}}