{"id":31221,"date":"2020-09-17T19:53:23","date_gmt":"2020-09-17T18:53:23","guid":{"rendered":"https:\/\/pikasworld.ch\/product\/4-gaste-tuten\/"},"modified":"2024-11-08T13:58:29","modified_gmt":"2024-11-08T12:58:29","slug":"4-gaste-tuten","status":"publish","type":"product","link":"https:\/\/camaleoparty.ch\/de\/produkt\/4-gaste-tuten\/","title":{"rendered":"4 G\u00e4ste T\u00fcten Piraten"},"content":{"rendered":"<p>4 G\u00e4ste T\u00fcten Piraten\u00a09.5x15cm<\/p>\n<p>Perfekt f\u00fcr die kleinen G\u00e4ste an Ihrer Geburtstagsparty<\/p>\n","protected":false},"excerpt":{"rendered":"<p>4 G\u00e4ste T\u00fcten Piraten\u00a09.5x15cm<\/p>\n<p>Perfekt f\u00fcr die kleinen G\u00e4ste an Ihrer Geburtstagsparty<\/p>\n","protected":false},"featured_media":31219,"comment_status":"open","ping_status":"closed","template":"","meta":[],"product_cat":[382,199,225],"product_tag":[],"class_list":{"0":"post-31221","1":"product","2":"type-product","3":"status-publish","4":"has-post-thumbnail","6":"product_cat-geschenktueten-schachteln","7":"product_cat-papierwaren","8":"product_cat-piraten","10":"first","11":"instock","12":"taxable","13":"shipping-taxable","14":"purchasable","15":"product-type-simple"},"_links":{"self":[{"href":"https:\/\/camaleoparty.ch\/de\/wp-json\/wp\/v2\/product\/31221","targetHints":{"allow":["GET"]}}],"collection":[{"href":"https:\/\/camaleoparty.ch\/de\/wp-json\/wp\/v2\/product"}],"about":[{"href":"https:\/\/camaleoparty.ch\/de\/wp-json\/wp\/v2\/types\/product"}],"replies":[{"embeddable":true,"href":"https:\/\/camaleoparty.ch\/de\/wp-json\/wp\/v2\/comments?post=31221"}],"wp:featuredmedia":[{"embeddable":true,"href":"https:\/\/camaleoparty.ch\/de\/wp-json\/wp\/v2\/media\/31219"}],"wp:attachment":[{"href":"https:\/\/camaleoparty.ch\/de\/wp-json\/wp\/v2\/media?parent=31221"}],"wp:term":[{"taxonomy":"product_cat","embeddable":true,"href":"https:\/\/camaleoparty.ch\/de\/wp-json\/wp\/v2\/product_cat?post=31221"},{"taxonomy":"product_tag","embeddable":true,"href":"https:\/\/camaleoparty.ch\/de\/wp-json\/wp\/v2\/product_tag?post=31221"}],"curies":[{"name":"wp","href":"https:\/\/api.w.org\/{rel}","templated":true}]}}