{"id":31049,"date":"2020-09-08T10:12:39","date_gmt":"2020-09-08T09:12:39","guid":{"rendered":"https:\/\/pikasworld.ch\/product\/gastegeschenk-taufe\/"},"modified":"2024-11-08T13:59:35","modified_gmt":"2024-11-08T12:59:35","slug":"gastegeschenk-taufe","status":"publish","type":"product","link":"https:\/\/camaleoparty.ch\/de\/produkt\/gastegeschenk-taufe\/","title":{"rendered":"10 BEH\u00c4LTER TAUFE 6.7X8CM + ETIKETTEN"},"content":{"rendered":"<p>10 TAUFBEH\u00c4LTNISSE AUS GOLDGEPR\u00c4GTEM STRUKTURPAPIER 6.7X8CM + ETIKETTEN<\/p>\n<p style=\"text-align: left;\" align=\"center\">Diese fabelhafte Taufserie trifft genau den Nerv der Zeit. Eine sch\u00f6ne K\u00f6rnung des strukturierten Papiers, gr\u00fcne und goldene Pflanzen, eine kantige Typografie &#8230; Kurzum, alle Zutaten sind vorhanden, um die Taufe Ihres kleinen Lieblings elegant zu dekorieren.<\/p>\n<p style=\"text-align: left;\" align=\"center\">Diese h\u00fcbschen Beh\u00e4lter werden perfekt sein, um Ihre kleinen Ballotins mit Dragees (die zuvor in einem Lebensmittelbeutel verpackt wurden) aufzunehmen.<\/p>\n","protected":false},"excerpt":{"rendered":"<p>10 TAUFBEH\u00c4LTNISSE AUS GOLDGEPR\u00c4GTEM STRUKTURPAPIER 6.7X8CM + ETIKETTEN<\/p>\n<p style=\"text-align: left;\" align=\"center\">Diese fabelhafte Taufserie trifft genau den Nerv der Zeit. Eine sch\u00f6ne K\u00f6rnung des strukturierten Papiers, gr\u00fcne und goldene Pflanzen, eine kantige Typografie &#8230; Kurzum, alle Zutaten sind vorhanden, um die Taufe Ihres kleinen Lieblings elegant zu dekorieren.<\/p>\n<p style=\"text-align: left;\" align=\"center\">Diese h\u00fcbschen Beh\u00e4lter werden perfekt sein, um Ihre kleinen Ballotins mit Dragees (die zuvor in einem Lebensmittelbeutel verpackt wurden) aufzunehmen.<\/p>\n","protected":false},"featured_media":31047,"comment_status":"open","ping_status":"closed","template":"","meta":[],"product_cat":[841,382,895,199,555],"product_tag":[],"class_list":{"0":"post-31049","1":"product","2":"type-product","3":"status-publish","4":"has-post-thumbnail","6":"product_brand-artyfetes-de","7":"product_cat-taufe","8":"product_cat-geschenktueten-schachteln","9":"product_cat-lagerabbau","10":"product_cat-papierwaren","11":"product_cat-sale-de-2","13":"first","14":"instock","15":"sale","16":"taxable","17":"shipping-taxable","18":"purchasable","19":"product-type-simple"},"_links":{"self":[{"href":"https:\/\/camaleoparty.ch\/de\/wp-json\/wp\/v2\/product\/31049","targetHints":{"allow":["GET"]}}],"collection":[{"href":"https:\/\/camaleoparty.ch\/de\/wp-json\/wp\/v2\/product"}],"about":[{"href":"https:\/\/camaleoparty.ch\/de\/wp-json\/wp\/v2\/types\/product"}],"replies":[{"embeddable":true,"href":"https:\/\/camaleoparty.ch\/de\/wp-json\/wp\/v2\/comments?post=31049"}],"wp:featuredmedia":[{"embeddable":true,"href":"https:\/\/camaleoparty.ch\/de\/wp-json\/wp\/v2\/media\/31047"}],"wp:attachment":[{"href":"https:\/\/camaleoparty.ch\/de\/wp-json\/wp\/v2\/media?parent=31049"}],"wp:term":[{"taxonomy":"product_cat","embeddable":true,"href":"https:\/\/camaleoparty.ch\/de\/wp-json\/wp\/v2\/product_cat?post=31049"},{"taxonomy":"product_tag","embeddable":true,"href":"https:\/\/camaleoparty.ch\/de\/wp-json\/wp\/v2\/product_tag?post=31049"}],"curies":[{"name":"wp","href":"https:\/\/api.w.org\/{rel}","templated":true}]}}