{"id":30887,"date":"2020-07-23T13:40:00","date_gmt":"2020-07-23T12:40:00","guid":{"rendered":"https:\/\/pikasworld.ch\/product\/latex-ballon-30cm-fruhlings-grun\/"},"modified":"2024-11-08T13:59:45","modified_gmt":"2024-11-08T12:59:45","slug":"latex-ballon-30cm-fruhlings-grun","status":"publish","type":"product","link":"https:\/\/camaleoparty.ch\/de\/produkt\/latex-ballon-30cm-fruhlings-grun\/","title":{"rendered":"LATEX BALLON 30CM Fr\u00fchlings Gr\u00fcn"},"content":{"rendered":"<p>Latex Ballon 30cm Fr\u00fchlings Gr\u00fcn<\/p>\n<p>Kann mit Luft oder Helium gef\u00fcllt werden, mit Helium schweben die Ballons etwa 8 Stunden.<\/p>\n","protected":false},"excerpt":{"rendered":"<p>Latex Ballon 30cm Fr\u00fchlings Gr\u00fcn<\/p>\n<p>Kann mit Luft oder Helium gef\u00fcllt werden, mit Helium schweben die Ballons etwa 8 Stunden.<\/p>\n","protected":false},"featured_media":30885,"comment_status":"open","ping_status":"closed","template":"","meta":[],"product_cat":[708,163,343,909,646,1206,408,1010,1170],"product_tag":[],"class_list":{"0":"post-30887","1":"product","2":"type-product","3":"status-publish","4":"has-post-thumbnail","6":"product_brand-qualatex-de","7":"product_cat-blumen","8":"product_cat-dekoration","9":"product_cat-dschungel-und-safari","10":"product_cat-einfarbigen-luftballons","11":"product_cat-gamer-de","12":"product_cat-farbe-gruen","13":"product_cat-latex-ballons","14":"product_cat-tropical-de","15":"product_cat-viva-la-fiesta-de","17":"first","18":"instock","19":"taxable","20":"shipping-taxable","21":"purchasable","22":"product-type-simple"},"_links":{"self":[{"href":"https:\/\/camaleoparty.ch\/de\/wp-json\/wp\/v2\/product\/30887","targetHints":{"allow":["GET"]}}],"collection":[{"href":"https:\/\/camaleoparty.ch\/de\/wp-json\/wp\/v2\/product"}],"about":[{"href":"https:\/\/camaleoparty.ch\/de\/wp-json\/wp\/v2\/types\/product"}],"replies":[{"embeddable":true,"href":"https:\/\/camaleoparty.ch\/de\/wp-json\/wp\/v2\/comments?post=30887"}],"wp:featuredmedia":[{"embeddable":true,"href":"https:\/\/camaleoparty.ch\/de\/wp-json\/wp\/v2\/media\/30885"}],"wp:attachment":[{"href":"https:\/\/camaleoparty.ch\/de\/wp-json\/wp\/v2\/media?parent=30887"}],"wp:term":[{"taxonomy":"product_cat","embeddable":true,"href":"https:\/\/camaleoparty.ch\/de\/wp-json\/wp\/v2\/product_cat?post=30887"},{"taxonomy":"product_tag","embeddable":true,"href":"https:\/\/camaleoparty.ch\/de\/wp-json\/wp\/v2\/product_tag?post=30887"}],"curies":[{"name":"wp","href":"https:\/\/api.w.org\/{rel}","templated":true}]}}