{"id":30695,"date":"2020-07-09T09:49:00","date_gmt":"2020-07-09T08:49:25","guid":{"rendered":"https:\/\/pikasworld.ch\/product\/teller-mini-panda\/"},"modified":"2024-11-08T14:00:16","modified_gmt":"2024-11-08T13:00:16","slug":"teller-mini-panda","status":"publish","type":"product","link":"https:\/\/camaleoparty.ch\/de\/produkt\/teller-mini-panda\/","title":{"rendered":"Teller Mini Panda"},"content":{"rendered":"<p>Herzige Teller mit einem Pandakopf f\u00fcr die Panda-Mottoparty. Ideal f\u00fcr die Geburtstagsparty von Panda-Fans oder f\u00fcr eine Zoo Party kombiniert mit weiteren tierischen Partygadgets. Die Teller lassen sich wunderbar mit unseren Bechern, Strohhalmen und Geschenkt\u00fcten kombinieren.<\/p>\n<p><strong>Inhalt:<\/strong> 8 hochwertige, gl\u00e4nzend bedruckte Papierteller<br \/>\n<strong>Durchmesser:<\/strong> 17 cm<\/p>\n","protected":false},"excerpt":{"rendered":"<p>Herzige Teller mit einem Pandakopf f\u00fcr die Panda-Mottoparty. Ideal f\u00fcr die Geburtstagsparty von Panda-Fans oder f\u00fcr eine Zoo Party kombiniert mit weiteren tierischen Partygadgets. Die Teller lassen sich wunderbar mit unseren Bechern, Strohhalmen und Geschenkt\u00fcten kombinieren.<\/p>\n<p><strong>Inhalt:<\/strong> 8 hochwertige, gl\u00e4nzend bedruckte Papierteller<br \/>\n<strong>Durchmesser:<\/strong> 17 cm<\/p>\n","protected":false},"featured_media":30694,"comment_status":"open","ping_status":"closed","template":"","meta":[],"product_cat":[343,183,920,149,147],"product_tag":[],"class_list":{"0":"post-30695","1":"product","2":"type-product","3":"status-publish","4":"has-post-thumbnail","6":"product_brand-mylittleday-de","7":"product_cat-dschungel-und-safari","8":"product_cat-geburtstag","9":"product_cat-panda-de","10":"product_cat-teller","11":"product_cat-verjaardags-en-feesttafelversieringen","13":"first","14":"instock","15":"taxable","16":"shipping-taxable","17":"purchasable","18":"product-type-simple"},"_links":{"self":[{"href":"https:\/\/camaleoparty.ch\/de\/wp-json\/wp\/v2\/product\/30695","targetHints":{"allow":["GET"]}}],"collection":[{"href":"https:\/\/camaleoparty.ch\/de\/wp-json\/wp\/v2\/product"}],"about":[{"href":"https:\/\/camaleoparty.ch\/de\/wp-json\/wp\/v2\/types\/product"}],"replies":[{"embeddable":true,"href":"https:\/\/camaleoparty.ch\/de\/wp-json\/wp\/v2\/comments?post=30695"}],"wp:featuredmedia":[{"embeddable":true,"href":"https:\/\/camaleoparty.ch\/de\/wp-json\/wp\/v2\/media\/30694"}],"wp:attachment":[{"href":"https:\/\/camaleoparty.ch\/de\/wp-json\/wp\/v2\/media?parent=30695"}],"wp:term":[{"taxonomy":"product_cat","embeddable":true,"href":"https:\/\/camaleoparty.ch\/de\/wp-json\/wp\/v2\/product_cat?post=30695"},{"taxonomy":"product_tag","embeddable":true,"href":"https:\/\/camaleoparty.ch\/de\/wp-json\/wp\/v2\/product_tag?post=30695"}],"curies":[{"name":"wp","href":"https:\/\/api.w.org\/{rel}","templated":true}]}}