{"id":30690,"date":"2020-07-09T09:28:00","date_gmt":"2020-07-09T08:28:53","guid":{"rendered":"https:\/\/pikasworld.ch\/product\/servietten-mini-panda\/"},"modified":"2024-11-08T14:00:17","modified_gmt":"2024-11-08T13:00:17","slug":"servietten-mini-panda","status":"publish","type":"product","link":"https:\/\/camaleoparty.ch\/de\/produkt\/servietten-mini-panda\/","title":{"rendered":"Servietten Mini Panda"},"content":{"rendered":"<p>Herzige Servietten mit einem Pandakopf f\u00fcr die Panda-Mottoparty. Ideal f\u00fcr die Geburtstagsparty von Panda-Fans oder f\u00fcr eine Zoo Party kombiniert mit weiteren tierischen Partygadgets. Die Servietten lassen sich wunderbar mit unseren Teller, Strohhalmen und Geschenkt\u00fcten kombinieren.<\/p>\n<p><strong>Inhalt:<\/strong> 20 Servietten, 3-lagig, Panda-Design<\/p>\n","protected":false},"excerpt":{"rendered":"<p>Herzige Servietten mit einem Pandakopf f\u00fcr die Panda-Mottoparty. Ideal f\u00fcr die Geburtstagsparty von Panda-Fans oder f\u00fcr eine Zoo Party kombiniert mit weiteren tierischen Partygadgets. Die Servietten lassen sich wunderbar mit unseren Teller, Strohhalmen und Geschenkt\u00fcten kombinieren.<\/p>\n<p><strong>Inhalt:<\/strong> 20 Servietten, 3-lagig, Panda-Design<\/p>\n","protected":false},"featured_media":30688,"comment_status":"open","ping_status":"closed","template":"","meta":[],"product_cat":[183,920,161,147],"product_tag":[],"class_list":{"0":"post-30690","1":"product","2":"type-product","3":"status-publish","4":"has-post-thumbnail","6":"product_brand-mylittleday-de","7":"product_cat-geburtstag","8":"product_cat-panda-de","9":"product_cat-servietten","10":"product_cat-verjaardags-en-feesttafelversieringen","12":"first","13":"instock","14":"taxable","15":"shipping-taxable","16":"purchasable","17":"product-type-simple"},"_links":{"self":[{"href":"https:\/\/camaleoparty.ch\/de\/wp-json\/wp\/v2\/product\/30690","targetHints":{"allow":["GET"]}}],"collection":[{"href":"https:\/\/camaleoparty.ch\/de\/wp-json\/wp\/v2\/product"}],"about":[{"href":"https:\/\/camaleoparty.ch\/de\/wp-json\/wp\/v2\/types\/product"}],"replies":[{"embeddable":true,"href":"https:\/\/camaleoparty.ch\/de\/wp-json\/wp\/v2\/comments?post=30690"}],"wp:featuredmedia":[{"embeddable":true,"href":"https:\/\/camaleoparty.ch\/de\/wp-json\/wp\/v2\/media\/30688"}],"wp:attachment":[{"href":"https:\/\/camaleoparty.ch\/de\/wp-json\/wp\/v2\/media?parent=30690"}],"wp:term":[{"taxonomy":"product_cat","embeddable":true,"href":"https:\/\/camaleoparty.ch\/de\/wp-json\/wp\/v2\/product_cat?post=30690"},{"taxonomy":"product_tag","embeddable":true,"href":"https:\/\/camaleoparty.ch\/de\/wp-json\/wp\/v2\/product_tag?post=30690"}],"curies":[{"name":"wp","href":"https:\/\/api.w.org\/{rel}","templated":true}]}}