{"id":30473,"date":"2020-06-17T10:48:39","date_gmt":"2020-06-17T09:48:39","guid":{"rendered":"https:\/\/pikasworld.ch\/product\/20-grose-servietten-zirkus-fransen\/"},"modified":"2024-11-08T14:00:41","modified_gmt":"2024-11-08T13:00:41","slug":"20-grose-servietten-zirkus-fransen","status":"publish","type":"product","link":"https:\/\/camaleoparty.ch\/de\/produkt\/20-grose-servietten-zirkus-fransen\/","title":{"rendered":"20 Gro\u00dfe Servietten ZIRKUS Fransen"},"content":{"rendered":"<p>Meri Meri 20 Gro\u00dfe Servietten ZIRKUS Fransen. Diese fantastischen Servietten sind perfekt f\u00fcr eine Zirkusparty! Die lustigen Servietten mit Fransen und farbenfrohen Neonfarben bringen Spa\u00df auf den Tisch! Packung enth\u00e4lt 20 hochwertige Papierservietten. Gr\u00f6\u00dfe: 16,5 x 16,5 cm.<\/p>\n","protected":false},"excerpt":{"rendered":"<p>Meri Meri 20 Gro\u00dfe Servietten ZIRKUS Fransen. Diese fantastischen Servietten sind perfekt f\u00fcr eine Zirkusparty! Die lustigen Servietten mit Fransen und farbenfrohen Neonfarben bringen Spa\u00df auf den Tisch! Packung enth\u00e4lt 20 hochwertige Papierservietten. Gr\u00f6\u00dfe: 16,5 x 16,5 cm.<\/p>\n","protected":false},"featured_media":30471,"comment_status":"open","ping_status":"closed","template":"","meta":[],"product_cat":[555,161,147,213],"product_tag":[],"class_list":{"0":"post-30473","1":"product","2":"type-product","3":"status-publish","4":"has-post-thumbnail","6":"product_cat-sale-de-2","7":"product_cat-servietten","8":"product_cat-verjaardags-en-feesttafelversieringen","9":"product_cat-zirkus","11":"first","12":"instock","13":"sale","14":"taxable","15":"shipping-taxable","16":"purchasable","17":"product-type-simple"},"_links":{"self":[{"href":"https:\/\/camaleoparty.ch\/de\/wp-json\/wp\/v2\/product\/30473","targetHints":{"allow":["GET"]}}],"collection":[{"href":"https:\/\/camaleoparty.ch\/de\/wp-json\/wp\/v2\/product"}],"about":[{"href":"https:\/\/camaleoparty.ch\/de\/wp-json\/wp\/v2\/types\/product"}],"replies":[{"embeddable":true,"href":"https:\/\/camaleoparty.ch\/de\/wp-json\/wp\/v2\/comments?post=30473"}],"wp:featuredmedia":[{"embeddable":true,"href":"https:\/\/camaleoparty.ch\/de\/wp-json\/wp\/v2\/media\/30471"}],"wp:attachment":[{"href":"https:\/\/camaleoparty.ch\/de\/wp-json\/wp\/v2\/media?parent=30473"}],"wp:term":[{"taxonomy":"product_cat","embeddable":true,"href":"https:\/\/camaleoparty.ch\/de\/wp-json\/wp\/v2\/product_cat?post=30473"},{"taxonomy":"product_tag","embeddable":true,"href":"https:\/\/camaleoparty.ch\/de\/wp-json\/wp\/v2\/product_tag?post=30473"}],"curies":[{"name":"wp","href":"https:\/\/api.w.org\/{rel}","templated":true}]}}