{"id":30361,"date":"2020-05-20T11:21:18","date_gmt":"2020-05-20T10:21:18","guid":{"rendered":"https:\/\/pikasworld.ch\/product\/meri-meri-16-grose-servietten-safari-tiermuster\/"},"modified":"2024-11-08T14:00:46","modified_gmt":"2024-11-08T13:00:46","slug":"meri-meri-16-grose-servietten-safari-tiermuster","status":"publish","type":"product","link":"https:\/\/camaleoparty.ch\/de\/produkt\/meri-meri-16-grose-servietten-safari-tiermuster\/","title":{"rendered":"Meri Meri 16 Gro\u00dfe Servietten SAFARI Tiermuster"},"content":{"rendered":"<p>Meri Meri 16 Gro\u00dfe Servietten SAFARI Tiermuster. Sch\u00f6ne Servietten mit stilvollem Tiermuster &#8211; perfekt f\u00fcr eine Safari-Party! Ein Paket enth\u00e4lt 16 hochwertige Papierservietten in 4 Designs mit Goldfolie. Gr\u00f6\u00dfe: 16,5 x 16,5 cm.<\/p>\n","protected":false},"excerpt":{"rendered":"<p>Meri Meri 16 Gro\u00dfe Servietten SAFARI Tiermuster. Sch\u00f6ne Servietten mit stilvollem Tiermuster &#8211; perfekt f\u00fcr eine Safari-Party! Ein Paket enth\u00e4lt 16 hochwertige Papierservietten in 4 Designs mit Goldfolie. Gr\u00f6\u00dfe: 16,5 x 16,5 cm.<\/p>\n","protected":false},"featured_media":30359,"comment_status":"open","ping_status":"closed","template":"","meta":[],"product_cat":[343,161,147],"product_tag":[],"class_list":{"0":"post-30361","1":"product","2":"type-product","3":"status-publish","4":"has-post-thumbnail","6":"product_cat-dschungel-und-safari","7":"product_cat-servietten","8":"product_cat-verjaardags-en-feesttafelversieringen","10":"first","11":"instock","12":"taxable","13":"shipping-taxable","14":"purchasable","15":"product-type-simple"},"_links":{"self":[{"href":"https:\/\/camaleoparty.ch\/de\/wp-json\/wp\/v2\/product\/30361","targetHints":{"allow":["GET"]}}],"collection":[{"href":"https:\/\/camaleoparty.ch\/de\/wp-json\/wp\/v2\/product"}],"about":[{"href":"https:\/\/camaleoparty.ch\/de\/wp-json\/wp\/v2\/types\/product"}],"replies":[{"embeddable":true,"href":"https:\/\/camaleoparty.ch\/de\/wp-json\/wp\/v2\/comments?post=30361"}],"wp:featuredmedia":[{"embeddable":true,"href":"https:\/\/camaleoparty.ch\/de\/wp-json\/wp\/v2\/media\/30359"}],"wp:attachment":[{"href":"https:\/\/camaleoparty.ch\/de\/wp-json\/wp\/v2\/media?parent=30361"}],"wp:term":[{"taxonomy":"product_cat","embeddable":true,"href":"https:\/\/camaleoparty.ch\/de\/wp-json\/wp\/v2\/product_cat?post=30361"},{"taxonomy":"product_tag","embeddable":true,"href":"https:\/\/camaleoparty.ch\/de\/wp-json\/wp\/v2\/product_tag?post=30361"}],"curies":[{"name":"wp","href":"https:\/\/api.w.org\/{rel}","templated":true}]}}