{"id":30154,"date":"2020-03-23T20:35:41","date_gmt":"2020-03-23T19:35:41","guid":{"rendered":"https:\/\/pikasworld.ch\/product\/ballongirlanden-set-peach-pastell\/"},"modified":"2024-11-08T14:00:55","modified_gmt":"2024-11-08T13:00:55","slug":"ballongirlanden-set-peach-pastell","status":"publish","type":"product","link":"https:\/\/camaleoparty.ch\/de\/produkt\/ballongirlanden-set-peach-pastell\/","title":{"rendered":"Ballongirlanden-Set &#8222;Peach Pastell&#8220;"},"content":{"rendered":"<p>Die himmlisch zarten Pastellfarben bringen sofort gute Laune in den Raum: Dekorieren Sie Ihre Feier mit dieser wundersch\u00f6nen Ballongirlande in Rosa, Apricot, Wei\u00df und Rosegold und lassen Sie die Partylocation erstrahlen!<\/p>\n<p>Die Ballongirlande besteht aus insgesamt 60 Latex-Luftballons in drei unterschiedlichen Durchmessern:<\/p>\n<ul>\n<li>5x transparente Ballons mit rosegoldenem Metallic-Konfetti (30 cm)<\/li>\n<li>7x mittelgro\u00dfe Luftballons in Wei\u00df (30 cm)<\/li>\n<li>10x kleine Luftballons in Wei\u00df (12,5 cm)<\/li>\n<li>1x gro\u00dfer Luftballon in Apricot (46 cm)<\/li>\n<li>9x mittelgro\u00dfe Luftballons in Apricot (30 cm)<\/li>\n<li>5x kleine Luftballons in Apricot (12,5 cm)<\/li>\n<li>1x gro\u00dfer Luftballon in Rosa (46 cm)<\/li>\n<li>12x mittelgro\u00dfe Luftballons in Rosa (30 cm)<\/li>\n<li>10x kleine Luftballons in Rosa (12,5 cm)<\/li>\n<\/ul>\n<p>Au\u00dferdem befinden sich noch 5 Meter Ballonband aus transparentem Kunststoff, ca. 1,4 cm breit, und 30 Klebepunkte im Set.<\/p>\n<p>Alle gro\u00dfen und mittelgro\u00dfen Latex-Ballons (46 und 30 cm) k\u00f6nnen mit Luft oder Helium gef\u00fcllt werden, wir empfehlen Ihnen die Luftbef\u00fcllung.<\/p>\n<p>Die gef\u00fcllten Ballons werden entsprechend der bebilderten Anleitung (in englischer Sprache) auf das mit L\u00f6chern versehene Ballonband angebracht. Wenn sich 90% daran befinden, werden die restlichen kleinen Luftballons mittels Klebepunkten an anderen Ballons befestigt. Zum Anbringen der Ballongirlande an W\u00e4nden o.\u00e4. k\u00f6nnen Sie Schn\u00fcre oder B\u00e4nder verwenden.<\/p>\n<p>Tipp f\u00fcr die Konfetti-Ballons: Durch statische Aufladung, z.B. durch Reibung an Kleidung, verteilt sich das Konfetti im Inneren des Ballons und bleibt dekorativ an der Ballonh\u00fclle haften.<\/p>\n<p>Inhalt: 60 Ballons, 1 Ballonband, 30 Klebepunkte<\/p>\n","protected":false},"excerpt":{"rendered":"<p>Die himmlisch zarten Pastellfarben bringen sofort gute Laune in den Raum: Dekorieren Sie Ihre Feier mit dieser wundersch\u00f6nen Ballongirlande in Rosa, Apricot, Wei\u00df und Rosegold und lassen Sie die Partylocation erstrahlen!<\/p>\n","protected":false},"featured_media":30152,"comment_status":"open","ping_status":"closed","template":"","meta":[],"product_cat":[411,185,165,163,221,183,175,191,591,1204,181,841],"product_tag":[],"class_list":{"0":"post-30154","1":"product","2":"type-product","3":"status-publish","4":"has-post-thumbnail","6":"product_cat-ballongirlande","7":"product_cat-baby-shower-de","8":"product_cat-ballone","9":"product_cat-dekoration","10":"product_cat-einhorn","11":"product_cat-geburtstag","12":"product_cat-girlanden","13":"product_cat-hochzeit","14":"product_cat-prinzessin-de","15":"product_cat-rosa","16":"product_cat-saisonal","17":"product_cat-taufe","19":"first","20":"instock","21":"taxable","22":"shipping-taxable","23":"purchasable","24":"product-type-simple"},"_links":{"self":[{"href":"https:\/\/camaleoparty.ch\/de\/wp-json\/wp\/v2\/product\/30154","targetHints":{"allow":["GET"]}}],"collection":[{"href":"https:\/\/camaleoparty.ch\/de\/wp-json\/wp\/v2\/product"}],"about":[{"href":"https:\/\/camaleoparty.ch\/de\/wp-json\/wp\/v2\/types\/product"}],"replies":[{"embeddable":true,"href":"https:\/\/camaleoparty.ch\/de\/wp-json\/wp\/v2\/comments?post=30154"}],"wp:featuredmedia":[{"embeddable":true,"href":"https:\/\/camaleoparty.ch\/de\/wp-json\/wp\/v2\/media\/30152"}],"wp:attachment":[{"href":"https:\/\/camaleoparty.ch\/de\/wp-json\/wp\/v2\/media?parent=30154"}],"wp:term":[{"taxonomy":"product_cat","embeddable":true,"href":"https:\/\/camaleoparty.ch\/de\/wp-json\/wp\/v2\/product_cat?post=30154"},{"taxonomy":"product_tag","embeddable":true,"href":"https:\/\/camaleoparty.ch\/de\/wp-json\/wp\/v2\/product_tag?post=30154"}],"curies":[{"name":"wp","href":"https:\/\/api.w.org\/{rel}","templated":true}]}}