{"id":30089,"date":"2020-03-09T15:46:52","date_gmt":"2020-03-09T14:46:52","guid":{"rendered":"https:\/\/pikasworld.ch\/product\/diy-girlandenvorhang-weidenblatter\/"},"modified":"2024-11-08T14:01:05","modified_gmt":"2024-11-08T13:01:05","slug":"diy-girlandenvorhang-weidenblatter","status":"publish","type":"product","link":"https:\/\/camaleoparty.ch\/de\/produkt\/diy-girlandenvorhang-weidenblatter\/","title":{"rendered":"DIY-Girlandenvorhang &#8222;Weidenbl\u00e4tter&#8220;"},"content":{"rendered":"<p>Tauchen Sie in einen Bl\u00e4tterwald und erzeugen Sie eine fantastische Raumdekoration mit dem gr\u00fcnen DIY-Girlandenvorhang! Die l\u00e4nglichen Weidenbl\u00e4tter\u00a0an einem gr\u00fcnen, breiten Satinband miteinander verbunden und schaffen hervorragend nat\u00fcrliche Foto-Hintergr\u00fcnde oder Raumaufteilungen.<\/p>\n<p>Auf dem gr\u00fcnen Girlandenband sind die l\u00e4nglichen Kunstbl\u00e4tter aus Papier aufgen\u00e4ht, es kann von Ihnen beliebig zurechtgeschnitten werden. Die Weidenbl\u00e4tter sind beidseitig gr\u00fcn und besitzen eine leichte Schraffur, die ihnen eine nat\u00fcrliche Optik verleiht.<\/p>\n<p>So erhalten Sie einen Bl\u00e4tter-Vorhang: Zerschneiden Sie die Girlande in unterschiedliche L\u00e4ngen und h\u00e4ngen Sie die Teile z.B. auf eine Leine oder einer \u00e4hnlich angebrachten Schnur. Eine bebilderte Anleitung in englischer Sprache finden Sie auf der R\u00fcckseite der Verpackung.<\/p>\n<p>Ma\u00dfe:<br \/>\nBl\u00e4tter: ca. 1,5 x 10 cm<br \/>\nSatinband: ca. 1 cm breit<\/p>\n<p>L\u00e4nge der gesamten DIY-Girlande: ca. 100 m<\/p>\n","protected":false},"excerpt":{"rendered":"<p>Tauchen Sie in einen Bl\u00e4tterwald und erzeugen Sie eine fantastische Raumdekoration mit dem gr\u00fcnen DIY-Girlandenvorhang! Die l\u00e4nglichen Weidenbl\u00e4tter\u00a0an einem gr\u00fcnen, breiten Satinband miteinander verbunden und schaffen hervorragend nat\u00fcrliche Foto-Hintergr\u00fcnde oder Raumaufteilungen.<\/p>\n<p>Auf dem gr\u00fcnen Girlandenband sind die l\u00e4nglichen Kunstbl\u00e4tter aus Papier aufgen\u00e4ht, es kann von Ihnen beliebig zurechtgeschnitten werden. Die Weidenbl\u00e4tter sind beidseitig gr\u00fcn und besitzen eine leichte Schraffur, die ihnen eine nat\u00fcrliche Optik verleiht.<\/p>\n<p>So erhalten Sie einen Bl\u00e4tter-Vorhang: Zerschneiden Sie die Girlande in unterschiedliche L\u00e4ngen und h\u00e4ngen Sie die Teile z.B. auf eine Leine oder einer \u00e4hnlich angebrachten Schnur. Eine bebilderte Anleitung in englischer Sprache finden Sie auf der R\u00fcckseite der Verpackung.<\/p>\n<p>Ma\u00dfe:<br \/>\nBl\u00e4tter: ca. 1,5 x 10 cm<br \/>\nSatinband: ca. 1 cm breit<\/p>\n<p>L\u00e4nge der gesamten DIY-Girlande: ca. 100 m<\/p>\n","protected":false},"featured_media":30087,"comment_status":"open","ping_status":"closed","template":"","meta":[],"product_cat":[842,132,185,163,1206,191,142,181],"product_tag":[],"class_list":{"0":"post-30089","1":"product","2":"type-product","3":"status-publish","4":"has-post-thumbnail","6":"product_brand-gingerray-de","7":"product_cat-vorhange-und-leinwande","8":"product_cat-animationen","9":"product_cat-baby-shower-de","10":"product_cat-dekoration","11":"product_cat-farbe-gruen","12":"product_cat-hochzeit","13":"product_cat-photo-booth-de","14":"product_cat-saisonal","16":"first","17":"instock","18":"taxable","19":"shipping-taxable","20":"purchasable","21":"product-type-simple"},"_links":{"self":[{"href":"https:\/\/camaleoparty.ch\/de\/wp-json\/wp\/v2\/product\/30089","targetHints":{"allow":["GET"]}}],"collection":[{"href":"https:\/\/camaleoparty.ch\/de\/wp-json\/wp\/v2\/product"}],"about":[{"href":"https:\/\/camaleoparty.ch\/de\/wp-json\/wp\/v2\/types\/product"}],"replies":[{"embeddable":true,"href":"https:\/\/camaleoparty.ch\/de\/wp-json\/wp\/v2\/comments?post=30089"}],"wp:featuredmedia":[{"embeddable":true,"href":"https:\/\/camaleoparty.ch\/de\/wp-json\/wp\/v2\/media\/30087"}],"wp:attachment":[{"href":"https:\/\/camaleoparty.ch\/de\/wp-json\/wp\/v2\/media?parent=30089"}],"wp:term":[{"taxonomy":"product_cat","embeddable":true,"href":"https:\/\/camaleoparty.ch\/de\/wp-json\/wp\/v2\/product_cat?post=30089"},{"taxonomy":"product_tag","embeddable":true,"href":"https:\/\/camaleoparty.ch\/de\/wp-json\/wp\/v2\/product_tag?post=30089"}],"curies":[{"name":"wp","href":"https:\/\/api.w.org\/{rel}","templated":true}]}}