{"id":30083,"date":"2020-03-09T15:35:00","date_gmt":"2020-03-09T14:35:23","guid":{"rendered":"https:\/\/pikasworld.ch\/product\/cupcake-picks-botanical-baby-shower\/"},"modified":"2024-11-08T14:01:06","modified_gmt":"2024-11-08T13:01:06","slug":"cupcake-picks-botanical-baby-shower","status":"publish","type":"product","link":"https:\/\/camaleoparty.ch\/de\/produkt\/cupcake-picks-botanical-baby-shower\/","title":{"rendered":"Cupcake-Picks &#8222;Botanical Baby Shower&#8220;"},"content":{"rendered":"<p>Hey Baby! Setzen Sie diese Cupcake Picks on top auf Ihre kleinen Babyparty-Muffins und zaubern Sie niedliche Hingucker im Botanical Style. F\u00fcr die Baby Shower im nat\u00fcrlichen Look!<\/p>\n<p>Die Babyparty-Picks mit \u201eHey Baby\u201c-Schriftz\u00fcgen sind einseitig auf wei\u00dfes, festes Papier gedruckt. Der graue Schriftzug ist hier umgeben von gr\u00fcnen Bl\u00e4tterzweigen, deren Konturen ausgeschnitten sind.<\/p>\n<p>Die Motive sind an kleinen Holzst\u00e4bchen befestigt, die ganz leicht in weiches Material gesteckt werden k\u00f6nnen.<\/p>\n<p>Ma\u00dfe: ca. 5,5 x 5 cm, H\u00f6he mit Holzst\u00e4bchen: ca. 9,5 cm<\/p>\n<p>Inhalt: 12 St\u00fcck<\/p>\n","protected":false},"excerpt":{"rendered":"<p>Hey Baby! Setzen Sie diese Cupcake Picks on top auf Ihre kleinen Babyparty-Muffins und zaubern Sie niedliche Hingucker im Botanical Style. F\u00fcr die Baby Shower im nat\u00fcrlichen Look!<\/p>\n<p>Die Babyparty-Picks mit \u201eHey Baby\u201c-Schriftz\u00fcgen sind einseitig auf wei\u00dfes, festes Papier gedruckt. Der graue Schriftzug ist hier umgeben von gr\u00fcnen Bl\u00e4tterzweigen, deren Konturen ausgeschnitten sind.<\/p>\n<p>Die Motive sind an kleinen Holzst\u00e4bchen befestigt, die ganz leicht in weiches Material gesteckt werden k\u00f6nnen.<\/p>\n<p>Ma\u00dfe: ca. 5,5 x 5 cm, H\u00f6he mit Holzst\u00e4bchen: ca. 9,5 cm<\/p>\n<p>Inhalt: 12 St\u00fcck<\/p>\n","protected":false},"featured_media":30081,"comment_status":"open","ping_status":"closed","template":"","meta":[],"product_cat":[185,151,330,181],"product_tag":[],"class_list":{"0":"post-30083","1":"product","2":"type-product","3":"status-publish","4":"has-post-thumbnail","6":"product_brand-gingerray-de","7":"product_cat-baby-shower-de","8":"product_cat-cake-toppers-de","9":"product_cat-cupcakes-de","10":"product_cat-saisonal","12":"first","13":"instock","14":"taxable","15":"shipping-taxable","16":"purchasable","17":"product-type-simple"},"_links":{"self":[{"href":"https:\/\/camaleoparty.ch\/de\/wp-json\/wp\/v2\/product\/30083","targetHints":{"allow":["GET"]}}],"collection":[{"href":"https:\/\/camaleoparty.ch\/de\/wp-json\/wp\/v2\/product"}],"about":[{"href":"https:\/\/camaleoparty.ch\/de\/wp-json\/wp\/v2\/types\/product"}],"replies":[{"embeddable":true,"href":"https:\/\/camaleoparty.ch\/de\/wp-json\/wp\/v2\/comments?post=30083"}],"wp:featuredmedia":[{"embeddable":true,"href":"https:\/\/camaleoparty.ch\/de\/wp-json\/wp\/v2\/media\/30081"}],"wp:attachment":[{"href":"https:\/\/camaleoparty.ch\/de\/wp-json\/wp\/v2\/media?parent=30083"}],"wp:term":[{"taxonomy":"product_cat","embeddable":true,"href":"https:\/\/camaleoparty.ch\/de\/wp-json\/wp\/v2\/product_cat?post=30083"},{"taxonomy":"product_tag","embeddable":true,"href":"https:\/\/camaleoparty.ch\/de\/wp-json\/wp\/v2\/product_tag?post=30083"}],"curies":[{"name":"wp","href":"https:\/\/api.w.org\/{rel}","templated":true}]}}