{"id":30047,"date":"2020-03-04T14:00:10","date_gmt":"2020-03-04T13:00:10","guid":{"rendered":"https:\/\/pikasworld.ch\/product\/puzzle-gastebuch-babybody-aus-holz\/"},"modified":"2024-11-08T14:01:08","modified_gmt":"2024-11-08T13:01:08","slug":"puzzle-gastebuch-babybody-aus-holz","status":"publish","type":"product","link":"https:\/\/camaleoparty.ch\/de\/produkt\/puzzle-gastebuch-babybody-aus-holz\/","title":{"rendered":"Puzzle-G\u00e4stebuch &#8222;Babybody&#8220; aus Holz"},"content":{"rendered":"<p>Ein wundersch\u00f6nes Puzzle-G\u00e4stebuch aus Holz in Form eines Babybodies. Diese superniedliche Alternative zum normalen G\u00e4stebuch ist gro\u00dfartig f\u00fcr alle, denen Kreativit\u00e4t und Nachhaltigkeit am Herzen liegen.<\/p>\n<p>Auf 18 veschieden gro\u00dfen Puzzleteile aus Holz k\u00f6nnen Freunde und Verwandte ihre guten W\u00fcnsche und frohen Botschaften an Bald-Mama und Baby schreiben. Nach der Feier k\u00f6nnen Sie das beschriebene G\u00e4stebuch als erinnerungstr\u00e4chtige und niedliche Zimmerdekoration verwenden.<\/p>\n<p>Dank des nat\u00fcrlichen Materials tun Sie sogar etwas f\u00fcr die Umwelt. Ein G\u00e4stebuch, von dem Sie lange etwas haben!<\/p>\n<p>Zus\u00e4tzlich zum G\u00e4stebuch erhalten Sie eine Karte zum Aufstellen. Darauf ist in Schreibschrift zu lesen: &#8222;Dear family and friends. Please help keep this memory by signing a puzzle piece.&#8220;<\/p>\n<p>Ma\u00dfe:<br \/>\nPuzzle (BxHxT): 31,5 x 32,7 x 0,5 cm<br \/>\nKarte: ca. 12,3 x 10 cm<\/p>\n<p>Inhalt: 1 St\u00fcck<\/p>\n","protected":false},"excerpt":{"rendered":"<p>Ein wundersch\u00f6nes Puzzle-G\u00e4stebuch aus Holz in Form eines Babybodies. Diese superniedliche Alternative zum normalen G\u00e4stebuch ist gro\u00dfartig f\u00fcr alle, denen Kreativit\u00e4t und Nachhaltigkeit am Herzen liegen.<\/p>\n<p>Auf 18 veschieden gro\u00dfen Puzzleteile aus Holz k\u00f6nnen Freunde und Verwandte ihre guten W\u00fcnsche und frohen Botschaften an Bald-Mama und Baby schreiben. Nach der Feier k\u00f6nnen Sie das beschriebene G\u00e4stebuch als erinnerungstr\u00e4chtige und niedliche Zimmerdekoration verwenden.<\/p>\n<p>Dank des nat\u00fcrlichen Materials tun Sie sogar etwas f\u00fcr die Umwelt. Ein G\u00e4stebuch, von dem Sie lange etwas haben!<\/p>\n<p>Zus\u00e4tzlich zum G\u00e4stebuch erhalten Sie eine Karte zum Aufstellen. Darauf ist in Schreibschrift zu lesen: &#8222;Dear family and friends. Please help keep this memory by signing a puzzle piece.&#8220;<\/p>\n<p>Ma\u00dfe:<br \/>\nPuzzle (BxHxT): 31,5 x 32,7 x 0,5 cm<br \/>\nKarte: ca. 12,3 x 10 cm<\/p>\n<p>Inhalt: 1 St\u00fcck<\/p>\n","protected":false},"featured_media":30045,"comment_status":"open","ping_status":"closed","template":"","meta":[],"product_cat":[185,403,854,385,199,181],"product_tag":[],"class_list":{"0":"post-30047","1":"product","2":"type-product","3":"status-publish","4":"has-post-thumbnail","6":"product_cat-baby-shower-de","7":"product_cat-gaestebuch","8":"product_cat-gaestebuch-de","9":"product_cat-gender-reveal-party-de","10":"product_cat-papierwaren","11":"product_cat-saisonal","13":"first","14":"instock","15":"taxable","16":"shipping-taxable","17":"purchasable","18":"product-type-simple"},"_links":{"self":[{"href":"https:\/\/camaleoparty.ch\/de\/wp-json\/wp\/v2\/product\/30047","targetHints":{"allow":["GET"]}}],"collection":[{"href":"https:\/\/camaleoparty.ch\/de\/wp-json\/wp\/v2\/product"}],"about":[{"href":"https:\/\/camaleoparty.ch\/de\/wp-json\/wp\/v2\/types\/product"}],"replies":[{"embeddable":true,"href":"https:\/\/camaleoparty.ch\/de\/wp-json\/wp\/v2\/comments?post=30047"}],"wp:featuredmedia":[{"embeddable":true,"href":"https:\/\/camaleoparty.ch\/de\/wp-json\/wp\/v2\/media\/30045"}],"wp:attachment":[{"href":"https:\/\/camaleoparty.ch\/de\/wp-json\/wp\/v2\/media?parent=30047"}],"wp:term":[{"taxonomy":"product_cat","embeddable":true,"href":"https:\/\/camaleoparty.ch\/de\/wp-json\/wp\/v2\/product_cat?post=30047"},{"taxonomy":"product_tag","embeddable":true,"href":"https:\/\/camaleoparty.ch\/de\/wp-json\/wp\/v2\/product_tag?post=30047"}],"curies":[{"name":"wp","href":"https:\/\/api.w.org\/{rel}","templated":true}]}}