{"id":30041,"date":"2020-03-04T13:52:00","date_gmt":"2020-03-04T12:52:04","guid":{"rendered":"https:\/\/pikasworld.ch\/product\/servietten-botanical-baby-shower\/"},"modified":"2024-11-08T14:01:09","modified_gmt":"2024-11-08T13:01:09","slug":"servietten-botanical-baby-shower","status":"publish","type":"product","link":"https:\/\/camaleoparty.ch\/de\/produkt\/servietten-botanical-baby-shower\/","title":{"rendered":"Servietten &#8222;Botanical Baby Shower&#8220;"},"content":{"rendered":"<p>H\u00fcbsche Servietten f\u00fcr die Babyparty im Botanical Style. Wer eine sch\u00f6ne Erg\u00e4nzung im nat\u00fcrlichen Design f\u00fcr eine neutrale Babyparty sucht, rundet mit diesen Servietten seine Tischdeko bestens ab und kreiert einen wunderbaren Botanical Look zur Baby Shower, der super angesagt und f\u00fcr jede Menge Frische sorgt.<\/p>\n<p>Die wei\u00dfen Babyparty-Servietten sind auf dem oberen Serviettenviertel mit dem dunkelgrauen \u201eHey Baby\u201c-Schriftzug versehen, der von einem Kranz aus unterschiedlichen Bl\u00e4tterzweigen umrahmt ist. Das umseitige Viertel ist einfarbig in Wei\u00df gehalten.<\/p>\n<p>3-lagig<\/p>\n<p>Ma\u00dfe: ca. 16,5 x 16,5 cm, ausgebreitet 33 x 33 cm<\/p>\n<p>Inhalt: 16 St\u00fcck<\/p>\n","protected":false},"excerpt":{"rendered":"<p>H\u00fcbsche Servietten f\u00fcr die Babyparty im Botanical Style. Wer eine sch\u00f6ne Erg\u00e4nzung im nat\u00fcrlichen Design f\u00fcr eine neutrale Babyparty sucht, rundet mit diesen Servietten seine Tischdeko bestens ab und kreiert einen wunderbaren Botanical Look zur Baby Shower, der super angesagt und f\u00fcr jede Menge Frische sorgt.<\/p>\n<p>Die wei\u00dfen Babyparty-Servietten sind auf dem oberen Serviettenviertel mit dem dunkelgrauen \u201eHey Baby\u201c-Schriftzug versehen, der von einem Kranz aus unterschiedlichen Bl\u00e4tterzweigen umrahmt ist. Das umseitige Viertel ist einfarbig in Wei\u00df gehalten.<\/p>\n<p>3-lagig<\/p>\n<p>Ma\u00dfe: ca. 16,5 x 16,5 cm, ausgebreitet 33 x 33 cm<\/p>\n<p>Inhalt: 16 St\u00fcck<\/p>\n","protected":false},"featured_media":30039,"comment_status":"open","ping_status":"closed","template":"","meta":[],"product_cat":[185,181,161,147],"product_tag":[],"class_list":{"0":"post-30041","1":"product","2":"type-product","3":"status-publish","4":"has-post-thumbnail","6":"product_brand-gingerray-de","7":"product_cat-baby-shower-de","8":"product_cat-saisonal","9":"product_cat-servietten","10":"product_cat-verjaardags-en-feesttafelversieringen","12":"first","13":"instock","14":"taxable","15":"shipping-taxable","16":"purchasable","17":"product-type-simple"},"_links":{"self":[{"href":"https:\/\/camaleoparty.ch\/de\/wp-json\/wp\/v2\/product\/30041","targetHints":{"allow":["GET"]}}],"collection":[{"href":"https:\/\/camaleoparty.ch\/de\/wp-json\/wp\/v2\/product"}],"about":[{"href":"https:\/\/camaleoparty.ch\/de\/wp-json\/wp\/v2\/types\/product"}],"replies":[{"embeddable":true,"href":"https:\/\/camaleoparty.ch\/de\/wp-json\/wp\/v2\/comments?post=30041"}],"wp:featuredmedia":[{"embeddable":true,"href":"https:\/\/camaleoparty.ch\/de\/wp-json\/wp\/v2\/media\/30039"}],"wp:attachment":[{"href":"https:\/\/camaleoparty.ch\/de\/wp-json\/wp\/v2\/media?parent=30041"}],"wp:term":[{"taxonomy":"product_cat","embeddable":true,"href":"https:\/\/camaleoparty.ch\/de\/wp-json\/wp\/v2\/product_cat?post=30041"},{"taxonomy":"product_tag","embeddable":true,"href":"https:\/\/camaleoparty.ch\/de\/wp-json\/wp\/v2\/product_tag?post=30041"}],"curies":[{"name":"wp","href":"https:\/\/api.w.org\/{rel}","templated":true}]}}