{"id":30035,"date":"2020-03-04T13:37:59","date_gmt":"2020-03-04T12:37:59","guid":{"rendered":"https:\/\/pikasworld.ch\/product\/holz-streuteile-baby\/"},"modified":"2024-11-08T14:01:10","modified_gmt":"2024-11-08T13:01:10","slug":"holz-streuteile-baby","status":"publish","type":"product","link":"https:\/\/camaleoparty.ch\/de\/produkt\/holz-streuteile-baby\/","title":{"rendered":"Holz-Streuteile &#8222;Baby&#8220;"},"content":{"rendered":"<p>Babyparty-Streuteile im nat\u00fcrlichen Look. Die &#8222;Baby&#8220;-Schriftz\u00fcge eignen sich wunderbar f\u00fcr eine Baby Shower im Botanical Style und zieren die Festtafel mit trendigem Handlettering.<\/p>\n<p>Mit diesen tollen \u201eBaby\u201c-Schriftz\u00fcgen aus Holz kreieren Sie eine neutrale Tischdeko. Zusammen mit kleinen Holz-P\u00fcnktchen, die im Set enthalten sind, liegt ganz viel Liebe zum Detail auf dem gedeckten Tisch. Lassen Sie noch Bl\u00e4tterzweige und frisches Gr\u00fcn in Ihre Dekoration miteinflie\u00dfen und schon ist der Nature und Botanical Look rundum gelungen.<\/p>\n<p>Ma\u00dfe:<br \/>\nSchriftz\u00fcge: ca. 6 x 3,8 cm<br \/>\nDurchmesser der Punkte: ca. 1 cm<\/p>\n<p>Inhalt: 18 Schriftz\u00fcge, kleine Punkte<\/p>\n","protected":false},"excerpt":{"rendered":"<p>Babyparty-Streuteile im nat\u00fcrlichen Look. Die &#8222;Baby&#8220;-Schriftz\u00fcge eignen sich wunderbar f\u00fcr eine Baby Shower im Botanical Style und zieren die Festtafel mit trendigem Handlettering.<\/p>\n<p>Mit diesen tollen \u201eBaby\u201c-Schriftz\u00fcgen aus Holz kreieren Sie eine neutrale Tischdeko. Zusammen mit kleinen Holz-P\u00fcnktchen, die im Set enthalten sind, liegt ganz viel Liebe zum Detail auf dem gedeckten Tisch. Lassen Sie noch Bl\u00e4tterzweige und frisches Gr\u00fcn in Ihre Dekoration miteinflie\u00dfen und schon ist der Nature und Botanical Look rundum gelungen.<\/p>\n<p>Ma\u00dfe:<br \/>\nSchriftz\u00fcge: ca. 6 x 3,8 cm<br \/>\nDurchmesser der Punkte: ca. 1 cm<\/p>\n<p>Inhalt: 18 Schriftz\u00fcge, kleine Punkte<\/p>\n","protected":false},"featured_media":30033,"comment_status":"open","ping_status":"closed","template":"","meta":[],"product_cat":[185,163,385,171,181],"product_tag":[],"class_list":{"0":"post-30035","1":"product","2":"type-product","3":"status-publish","4":"has-post-thumbnail","6":"product_cat-baby-shower-de","7":"product_cat-dekoration","8":"product_cat-gender-reveal-party-de","9":"product_cat-konfetti","10":"product_cat-saisonal","12":"first","13":"instock","14":"taxable","15":"shipping-taxable","16":"purchasable","17":"product-type-simple"},"_links":{"self":[{"href":"https:\/\/camaleoparty.ch\/de\/wp-json\/wp\/v2\/product\/30035","targetHints":{"allow":["GET"]}}],"collection":[{"href":"https:\/\/camaleoparty.ch\/de\/wp-json\/wp\/v2\/product"}],"about":[{"href":"https:\/\/camaleoparty.ch\/de\/wp-json\/wp\/v2\/types\/product"}],"replies":[{"embeddable":true,"href":"https:\/\/camaleoparty.ch\/de\/wp-json\/wp\/v2\/comments?post=30035"}],"wp:featuredmedia":[{"embeddable":true,"href":"https:\/\/camaleoparty.ch\/de\/wp-json\/wp\/v2\/media\/30033"}],"wp:attachment":[{"href":"https:\/\/camaleoparty.ch\/de\/wp-json\/wp\/v2\/media?parent=30035"}],"wp:term":[{"taxonomy":"product_cat","embeddable":true,"href":"https:\/\/camaleoparty.ch\/de\/wp-json\/wp\/v2\/product_cat?post=30035"},{"taxonomy":"product_tag","embeddable":true,"href":"https:\/\/camaleoparty.ch\/de\/wp-json\/wp\/v2\/product_tag?post=30035"}],"curies":[{"name":"wp","href":"https:\/\/api.w.org\/{rel}","templated":true}]}}