{"id":30029,"date":"2020-03-04T13:27:00","date_gmt":"2020-03-04T12:27:06","guid":{"rendered":"https:\/\/pikasworld.ch\/product\/pappbecher-botanical-baby-shower\/"},"modified":"2024-11-08T14:01:11","modified_gmt":"2024-11-08T13:01:11","slug":"pappbecher-botanical-baby-shower","status":"publish","type":"product","link":"https:\/\/camaleoparty.ch\/de\/produkt\/pappbecher-botanical-baby-shower\/","title":{"rendered":"Pappbecher &#8222;Botanical Baby Shower&#8220;"},"content":{"rendered":"<p>Verleihen Sie der Tischdeko Ihrer Babyparty einen nat\u00fcrlichen Anstrich mit diesen wundersch\u00f6nen &#8222;Hey Baby&#8220; Pappbechern.<\/p>\n<p>Innenseite und Saum sind in sanftem Gr\u00fcn gehalten. Dieses Design erschafft einen eleganten und erfrischenden Kontrast zur wei\u00dfen Au\u00dfenseite, der besonders heraussticht durch den stilvollen Schriftzug &#8222;Hey Baby&#8220;. Wundersch\u00f6ne Illustrationen verschiedener gr\u00fcner Bl\u00e4tter umspielen die Schrift wie mit dem Pinsel gemalt. Dieses Motiv ist zwei Mal auf den Bechern zu sehen.<\/p>\n<p>Die &#8222;Botanical&#8220;-Becher eignen sich hervorragend f\u00fcr Babypartys mit neutralen und naturfreundlichen Mottos.<\/p>\n<p>Passend zum Motiv sind die Becher \u00f6kofreundlich und 100% recyclebar.<\/p>\n<p>Nur f\u00fcr kalte Getr\u00e4nke geeignet.<\/p>\n<p>F\u00fcllvolumen: 260 ml<\/p>\n<p>Inhalt: 8 St\u00fcck<\/p>\n","protected":false},"excerpt":{"rendered":"<p>Verleihen Sie der Tischdeko Ihrer Babyparty einen nat\u00fcrlichen Anstrich mit diesen wundersch\u00f6nen &#8222;Hey Baby&#8220; Pappbechern.<\/p>\n<p>Innenseite und Saum sind in sanftem Gr\u00fcn gehalten. Dieses Design erschafft einen eleganten und erfrischenden Kontrast zur wei\u00dfen Au\u00dfenseite, der besonders heraussticht durch den stilvollen Schriftzug &#8222;Hey Baby&#8220;. Wundersch\u00f6ne Illustrationen verschiedener gr\u00fcner Bl\u00e4tter umspielen die Schrift wie mit dem Pinsel gemalt. Dieses Motiv ist zwei Mal auf den Bechern zu sehen.<\/p>\n<p>Die &#8222;Botanical&#8220;-Becher eignen sich hervorragend f\u00fcr Babypartys mit neutralen und naturfreundlichen Mottos.<\/p>\n<p>Passend zum Motiv sind die Becher \u00f6kofreundlich und 100% recyclebar.<\/p>\n<p>Nur f\u00fcr kalte Getr\u00e4nke geeignet.<\/p>\n<p>F\u00fcllvolumen: 260 ml<\/p>\n<p>Inhalt: 8 St\u00fcck<\/p>\n","protected":false},"featured_media":30027,"comment_status":"open","ping_status":"closed","template":"","meta":[],"product_cat":[185,157,181,147],"product_tag":[],"class_list":{"0":"post-30029","1":"product","2":"type-product","3":"status-publish","4":"has-post-thumbnail","6":"product_brand-gingerray-de","7":"product_cat-baby-shower-de","8":"product_cat-becher","9":"product_cat-saisonal","10":"product_cat-verjaardags-en-feesttafelversieringen","12":"first","13":"instock","14":"taxable","15":"shipping-taxable","16":"purchasable","17":"product-type-simple"},"_links":{"self":[{"href":"https:\/\/camaleoparty.ch\/de\/wp-json\/wp\/v2\/product\/30029","targetHints":{"allow":["GET"]}}],"collection":[{"href":"https:\/\/camaleoparty.ch\/de\/wp-json\/wp\/v2\/product"}],"about":[{"href":"https:\/\/camaleoparty.ch\/de\/wp-json\/wp\/v2\/types\/product"}],"replies":[{"embeddable":true,"href":"https:\/\/camaleoparty.ch\/de\/wp-json\/wp\/v2\/comments?post=30029"}],"wp:featuredmedia":[{"embeddable":true,"href":"https:\/\/camaleoparty.ch\/de\/wp-json\/wp\/v2\/media\/30027"}],"wp:attachment":[{"href":"https:\/\/camaleoparty.ch\/de\/wp-json\/wp\/v2\/media?parent=30029"}],"wp:term":[{"taxonomy":"product_cat","embeddable":true,"href":"https:\/\/camaleoparty.ch\/de\/wp-json\/wp\/v2\/product_cat?post=30029"},{"taxonomy":"product_tag","embeddable":true,"href":"https:\/\/camaleoparty.ch\/de\/wp-json\/wp\/v2\/product_tag?post=30029"}],"curies":[{"name":"wp","href":"https:\/\/api.w.org\/{rel}","templated":true}]}}