{"id":30011,"date":"2020-03-02T17:48:16","date_gmt":"2020-03-02T16:48:16","guid":{"rendered":"https:\/\/pikasworld.ch\/product\/hangedekoration-aus-holz-hey-baby\/"},"modified":"2024-11-08T14:01:13","modified_gmt":"2024-11-08T13:01:13","slug":"hangedekoration-aus-holz-hey-baby","status":"publish","type":"product","link":"https:\/\/camaleoparty.ch\/de\/produkt\/hangedekoration-aus-holz-hey-baby\/","title":{"rendered":"H\u00e4ngedekoration aus Holz &#8222;Hey Baby&#8220;"},"content":{"rendered":"<p>Dekorieren Sie Ihre Babyparty mit diesem wundersch\u00f6nen Holzreifen mit &#8222;Hey Baby&#8220;-Schriftzug.<\/p>\n<p>Dank seiner umweltfreundlichen Sch\u00f6nheit ergibt der gro\u00dfe Holzring eine gro\u00dfartige H\u00e4ngedeko, die sich gerade mit nachhaltigen und nat\u00fcrlichen Stilen atemberaubend gut vertr\u00e4gt.<\/p>\n<p>Ob nun auf der Baby Shower im Greenery- oder Botanical-Stil oder auch als bodenst\u00e4ndige Erg\u00e4nzung in einer klassischen Deko, der Hey-Baby-Holzreifen ist ein Blickfang auf Ihrer Babyparty!<\/p>\n<p>Dank einer bereits am Reifen befestigten Juteschnur k\u00f6nnen Sie Ihre Deko problemlos aufh\u00e4ngen.<\/p>\n<p>Ma\u00dfe:<br \/>\nBreite des Rahmens: ca. 1,7 cm<br \/>\nHolzst\u00e4rke: ca. 0,3 cm<\/p>\n<p>Gesamtgr\u00f6\u00dfe: 36 x 36 cm<\/p>\n","protected":false},"excerpt":{"rendered":"<p>Dekorieren Sie Ihre Babyparty mit diesem wundersch\u00f6nen Holzreifen mit &#8222;Hey Baby&#8220;-Schriftzug.<\/p>\n<p>Dank seiner umweltfreundlichen Sch\u00f6nheit ergibt der gro\u00dfe Holzring eine gro\u00dfartige H\u00e4ngedeko, die sich gerade mit nachhaltigen und nat\u00fcrlichen Stilen atemberaubend gut vertr\u00e4gt.<\/p>\n<p>Ob nun auf der Baby Shower im Greenery- oder Botanical-Stil oder auch als bodenst\u00e4ndige Erg\u00e4nzung in einer klassischen Deko, der Hey-Baby-Holzreifen ist ein Blickfang auf Ihrer Babyparty!<\/p>\n<p>Dank einer bereits am Reifen befestigten Juteschnur k\u00f6nnen Sie Ihre Deko problemlos aufh\u00e4ngen.<\/p>\n<p>Ma\u00dfe:<br \/>\nBreite des Rahmens: ca. 1,7 cm<br \/>\nHolzst\u00e4rke: ca. 0,3 cm<\/p>\n<p>Gesamtgr\u00f6\u00dfe: 36 x 36 cm<\/p>\n","protected":false},"featured_media":30009,"comment_status":"open","ping_status":"closed","template":"","meta":[],"product_cat":[185,181],"product_tag":[],"class_list":{"0":"post-30011","1":"product","2":"type-product","3":"status-publish","4":"has-post-thumbnail","6":"product_brand-gingerray-de","7":"product_cat-baby-shower-de","8":"product_cat-saisonal","10":"first","11":"instock","12":"taxable","13":"shipping-taxable","14":"purchasable","15":"product-type-simple"},"_links":{"self":[{"href":"https:\/\/camaleoparty.ch\/de\/wp-json\/wp\/v2\/product\/30011","targetHints":{"allow":["GET"]}}],"collection":[{"href":"https:\/\/camaleoparty.ch\/de\/wp-json\/wp\/v2\/product"}],"about":[{"href":"https:\/\/camaleoparty.ch\/de\/wp-json\/wp\/v2\/types\/product"}],"replies":[{"embeddable":true,"href":"https:\/\/camaleoparty.ch\/de\/wp-json\/wp\/v2\/comments?post=30011"}],"wp:featuredmedia":[{"embeddable":true,"href":"https:\/\/camaleoparty.ch\/de\/wp-json\/wp\/v2\/media\/30009"}],"wp:attachment":[{"href":"https:\/\/camaleoparty.ch\/de\/wp-json\/wp\/v2\/media?parent=30011"}],"wp:term":[{"taxonomy":"product_cat","embeddable":true,"href":"https:\/\/camaleoparty.ch\/de\/wp-json\/wp\/v2\/product_cat?post=30011"},{"taxonomy":"product_tag","embeddable":true,"href":"https:\/\/camaleoparty.ch\/de\/wp-json\/wp\/v2\/product_tag?post=30011"}],"curies":[{"name":"wp","href":"https:\/\/api.w.org\/{rel}","templated":true}]}}