{"id":30005,"date":"2020-03-02T16:56:26","date_gmt":"2020-03-02T15:56:26","guid":{"rendered":"https:\/\/pikasworld.ch\/product\/xxl-baby-wurfel-mit-weisen-luftballons\/"},"modified":"2024-11-08T14:01:15","modified_gmt":"2024-11-08T13:01:15","slug":"xxl-baby-wurfel-mit-weisen-luftballons","status":"publish","type":"product","link":"https:\/\/camaleoparty.ch\/de\/produkt\/xxl-baby-wurfel-mit-weisen-luftballons\/","title":{"rendered":"XXL-Baby-W\u00fcrfel mit wei\u00dfen Luftballons"},"content":{"rendered":"<p>Riesige Baby-Deko der besonderen Art! Was f\u00fcr ein origineller Mittelpunkt Ihrer Babyparty! Die W\u00fcrfel in klassischem Wei\u00df f\u00fcgen sich in viele Deko-Konzepte ein und k\u00f6nnen, nach eigenem Geschmack, zus\u00e4tzlich geschm\u00fcckt werden. Gef\u00fcllt mit Luftballons schaffen Sie eine leichte und luftige Stimmung. Mit Pflanzen, bunten B\u00e4ndern und Kunstbl\u00fcten kreieren Sie einen eigenen Touch in Ihrer Location, der wunderbar zum trendigen Botanical Style passt\u00a0 Auch nach der Babyparty sorgen diese W\u00fcrfel f\u00fcr eine kreative Kinderzimmer-Gestaltung.<\/p>\n<p>Das XXL-Babyw\u00fcrfel-Set enth\u00e4lt vier Papp-W\u00fcrfel, die von Ihnen zusammengefaltet werden. \u00a0Sie sind mit durchsichtigen Acetat-Scheiben ausgestattet, um die wei\u00dfen Luftballons richtig sch\u00f6n zur Geltung zu bringen. Insgesamt 60 kleine Luftballons liegen dem Set bei. Wir empfehlen die Bef\u00fcllung mit normaler Luft.<\/p>\n<p>Au\u00dferdem erhalten Sie vier wei\u00dfe Papp-Buchstaben, die das Wort \u201eBaby\u201c ergeben. Diese k\u00f6nnen Sie an die fertigen Boxen kleben und schon ist das Deko-Highlight komplett.<\/p>\n<p>Ma\u00dfe der Boxen: 30 x 30 cm<\/p>\n<p>Durchmesser Luftballons: 12,7 cm<\/p>\n<p>H\u00e4he der Buchstaben: ca. 13,5 cm<\/p>\n<p>Inhalt: 4 W\u00fcrfel, 4 Buchstaben, 60 Luftballons<\/p>\n","protected":false},"excerpt":{"rendered":"<p>Riesige Baby-Deko der besonderen Art! Was f\u00fcr ein origineller Mittelpunkt Ihrer Babyparty! Die W\u00fcrfel in klassischem Wei\u00df f\u00fcgen sich in viele Deko-Konzepte ein und k\u00f6nnen, nach eigenem Geschmack, zus\u00e4tzlich geschm\u00fcckt werden.<\/p>\n","protected":false},"featured_media":30003,"comment_status":"open","ping_status":"closed","template":"","meta":[],"product_cat":[185,385,181,555,841,822],"product_tag":[],"class_list":{"0":"post-30005","1":"product","2":"type-product","3":"status-publish","4":"has-post-thumbnail","6":"product_cat-baby-shower-de","7":"product_cat-gender-reveal-party-de","8":"product_cat-saisonal","9":"product_cat-sale-de-2","10":"product_cat-taufe","11":"product_cat-zubehor-luftballons","13":"first","14":"instock","15":"sale","16":"taxable","17":"shipping-taxable","18":"purchasable","19":"product-type-simple"},"_links":{"self":[{"href":"https:\/\/camaleoparty.ch\/de\/wp-json\/wp\/v2\/product\/30005","targetHints":{"allow":["GET"]}}],"collection":[{"href":"https:\/\/camaleoparty.ch\/de\/wp-json\/wp\/v2\/product"}],"about":[{"href":"https:\/\/camaleoparty.ch\/de\/wp-json\/wp\/v2\/types\/product"}],"replies":[{"embeddable":true,"href":"https:\/\/camaleoparty.ch\/de\/wp-json\/wp\/v2\/comments?post=30005"}],"wp:featuredmedia":[{"embeddable":true,"href":"https:\/\/camaleoparty.ch\/de\/wp-json\/wp\/v2\/media\/30003"}],"wp:attachment":[{"href":"https:\/\/camaleoparty.ch\/de\/wp-json\/wp\/v2\/media?parent=30005"}],"wp:term":[{"taxonomy":"product_cat","embeddable":true,"href":"https:\/\/camaleoparty.ch\/de\/wp-json\/wp\/v2\/product_cat?post=30005"},{"taxonomy":"product_tag","embeddable":true,"href":"https:\/\/camaleoparty.ch\/de\/wp-json\/wp\/v2\/product_tag?post=30005"}],"curies":[{"name":"wp","href":"https:\/\/api.w.org\/{rel}","templated":true}]}}