{"id":29640,"date":"2019-11-28T12:29:23","date_gmt":"2019-11-28T11:29:23","guid":{"rendered":"https:\/\/pikasworld.ch\/product\/partyteller-renntier\/"},"modified":"2024-11-08T14:01:36","modified_gmt":"2024-11-08T13:01:36","slug":"partyteller-renntier","status":"publish","type":"product","link":"https:\/\/camaleoparty.ch\/de\/produkt\/partyteller-renntier\/","title":{"rendered":"Partyteller Renntier"},"content":{"rendered":"<p>Diese goldig funkelnden Teller bringen Glanz auf Ihren Weihnachtstisch!<\/p>\n<p>Unser Tipp: Auch toll zum Basteln einer Girlande. Sch\u00f6ne Schnur nehmen, Rentier mit Bostitch ider B\u00fcroklammern befestigen. Alle 15cm wiederholen. Fertig ist die sch\u00f6ne Girlande!<\/p>\n<p>Inhalt: 8 Teller<\/p>\n","protected":false},"excerpt":{"rendered":"<p>Diese goldig funkelnden Teller bringen Glanz auf Ihren Weihnachtstisch!<\/p>\n<p>Unser Tipp: Auch toll zum Basteln einer Girlande. Sch\u00f6ne Schnur nehmen, Rentier mit Bostitch ider B\u00fcroklammern befestigen. Alle 15cm wiederholen. Fertig ist die sch\u00f6ne Girlande!<\/p>\n<p>Inhalt: 8 Teller<\/p>\n","protected":false},"featured_media":29638,"comment_status":"open","ping_status":"closed","template":"","meta":[],"product_cat":[1212,181,149,147,193],"product_tag":[],"class_list":{"0":"post-29640","1":"product","2":"type-product","3":"status-publish","4":"has-post-thumbnail","6":"product_cat-goldfarben","7":"product_cat-saisonal","8":"product_cat-teller","9":"product_cat-verjaardags-en-feesttafelversieringen","10":"product_cat-weihnachten","12":"first","13":"instock","14":"taxable","15":"shipping-taxable","16":"purchasable","17":"product-type-simple"},"_links":{"self":[{"href":"https:\/\/camaleoparty.ch\/de\/wp-json\/wp\/v2\/product\/29640","targetHints":{"allow":["GET"]}}],"collection":[{"href":"https:\/\/camaleoparty.ch\/de\/wp-json\/wp\/v2\/product"}],"about":[{"href":"https:\/\/camaleoparty.ch\/de\/wp-json\/wp\/v2\/types\/product"}],"replies":[{"embeddable":true,"href":"https:\/\/camaleoparty.ch\/de\/wp-json\/wp\/v2\/comments?post=29640"}],"wp:featuredmedia":[{"embeddable":true,"href":"https:\/\/camaleoparty.ch\/de\/wp-json\/wp\/v2\/media\/29638"}],"wp:attachment":[{"href":"https:\/\/camaleoparty.ch\/de\/wp-json\/wp\/v2\/media?parent=29640"}],"wp:term":[{"taxonomy":"product_cat","embeddable":true,"href":"https:\/\/camaleoparty.ch\/de\/wp-json\/wp\/v2\/product_cat?post=29640"},{"taxonomy":"product_tag","embeddable":true,"href":"https:\/\/camaleoparty.ch\/de\/wp-json\/wp\/v2\/product_tag?post=29640"}],"curies":[{"name":"wp","href":"https:\/\/api.w.org\/{rel}","templated":true}]}}