{"id":29469,"date":"2019-10-30T15:40:09","date_gmt":"2019-10-30T14:40:09","guid":{"rendered":"https:\/\/pikasworld.ch\/product\/girlande-quaste-metallic\/"},"modified":"2024-11-08T14:01:50","modified_gmt":"2024-11-08T13:01:50","slug":"girlande-quaste-metallic","status":"publish","type":"product","link":"https:\/\/camaleoparty.ch\/de\/produkt\/girlande-quaste-metallic\/","title":{"rendered":"Girlande QUASTE metallic"},"content":{"rendered":"<p>Meri Meri Girlande QUASTE metallic. H\u00fcbsche Girlande f\u00fcr jede Gelegenheit mit 16 metallischen Quasten in 4 Farben auf 3 m Kordel. Kommt in praktischem Beutel. Beutelgr\u00f6\u00dfe: 20 x 27 x 4 cm.<\/p>\n","protected":false},"excerpt":{"rendered":"<p>Meri Meri Girlande QUASTE metallic. H\u00fcbsche Girlande f\u00fcr jede Gelegenheit mit 16 metallischen Quasten in 4 Farben auf 3 m Kordel. Kommt in praktischem Beutel. Beutelgr\u00f6\u00dfe: 20 x 27 x 4 cm.<\/p>\n","protected":false},"featured_media":29467,"comment_status":"open","ping_status":"closed","template":"","meta":[],"product_cat":[163,175,181,555,193],"product_tag":[],"class_list":{"0":"post-29469","1":"product","2":"type-product","3":"status-publish","4":"has-post-thumbnail","6":"product_cat-dekoration","7":"product_cat-girlanden","8":"product_cat-saisonal","9":"product_cat-sale-de-2","10":"product_cat-weihnachten","12":"first","13":"instock","14":"sale","15":"taxable","16":"shipping-taxable","17":"purchasable","18":"product-type-simple"},"_links":{"self":[{"href":"https:\/\/camaleoparty.ch\/de\/wp-json\/wp\/v2\/product\/29469","targetHints":{"allow":["GET"]}}],"collection":[{"href":"https:\/\/camaleoparty.ch\/de\/wp-json\/wp\/v2\/product"}],"about":[{"href":"https:\/\/camaleoparty.ch\/de\/wp-json\/wp\/v2\/types\/product"}],"replies":[{"embeddable":true,"href":"https:\/\/camaleoparty.ch\/de\/wp-json\/wp\/v2\/comments?post=29469"}],"wp:featuredmedia":[{"embeddable":true,"href":"https:\/\/camaleoparty.ch\/de\/wp-json\/wp\/v2\/media\/29467"}],"wp:attachment":[{"href":"https:\/\/camaleoparty.ch\/de\/wp-json\/wp\/v2\/media?parent=29469"}],"wp:term":[{"taxonomy":"product_cat","embeddable":true,"href":"https:\/\/camaleoparty.ch\/de\/wp-json\/wp\/v2\/product_cat?post=29469"},{"taxonomy":"product_tag","embeddable":true,"href":"https:\/\/camaleoparty.ch\/de\/wp-json\/wp\/v2\/product_tag?post=29469"}],"curies":[{"name":"wp","href":"https:\/\/api.w.org\/{rel}","templated":true}]}}